{"id":365,"date":"2023-11-13T22:35:30","date_gmt":"2023-11-13T21:35:30","guid":{"rendered":"https:\/\/wolnasztuka-slowart.pl\/?page_id=365"},"modified":"2023-12-07T17:14:11","modified_gmt":"2023-12-07T16:14:11","slug":"kontakt","status":"publish","type":"page","link":"https:\/\/wolnasztuka-slowart.pl\/?page_id=365&lang=pl","title":{"rendered":"Kontakt"},"content":{"rendered":"\t\t<div data-elementor-type=\"wp-page\" data-elementor-id=\"365\" class=\"elementor elementor-365\">\n\t\t\t\t<div class=\"elementor-element elementor-element-1cedc2e e-flex e-con-boxed e-con e-parent\" data-id=\"1cedc2e\" data-element_type=\"container\">\n\t\t\t\t\t<div class=\"e-con-inner\">\n\t\t\t\t<div class=\"elementor-element elementor-element-86805fd elementor-widget__width-initial elementor-widget elementor-widget-image\" data-id=\"86805fd\" data-element_type=\"widget\" data-widget_type=\"image.default\">\n\t\t\t\t<div class=\"elementor-widget-container\">\n\t\t\t\t\t\t\t\t\t\t\t\t\t\t\t<img fetchpriority=\"high\" decoding=\"async\" width=\"274\" height=\"300\" src=\"https:\/\/wolnasztuka-slowart.pl\/wp-content\/uploads\/2023\/11\/LOGO-122x134.jpg\" class=\"attachment-medium size-medium wp-image-450\" alt=\"\" srcset=\"https:\/\/wolnasztuka-slowart.pl\/wp-content\/uploads\/2023\/11\/LOGO-274x300.jpg 274w, https:\/\/wolnasztuka-slowart.pl\/wp-content\/uploads\/2023\/11\/LOGO-122x134.jpg 122w, https:\/\/wolnasztuka-slowart.pl\/wp-content\/uploads\/2023\/11\/LOGO.jpg 352w\" sizes=\"(max-width: 274px) 100vw, 274px\" \/>\t\t\t\t\t\t\t\t\t\t\t\t\t\t\t<\/div>\n\t\t\t\t<\/div>\n\t\t\t\t\t<\/div>\n\t\t\t\t<\/div>\n\t\t<div class=\"elementor-element elementor-element-ecc5602 e-flex e-con-boxed e-con e-parent\" data-id=\"ecc5602\" data-element_type=\"container\">\n\t\t\t\t\t<div class=\"e-con-inner\">\n\t\t\t\t<div class=\"elementor-element elementor-element-c01fd44 elementor-widget elementor-widget-shortcode\" data-id=\"c01fd44\" data-element_type=\"widget\" data-widget_type=\"shortcode.default\">\n\t\t\t\t<div class=\"elementor-widget-container\">\n\t\t\t\t\t\t\t<div class=\"elementor-shortcode\"><div class=\"forminator-ui forminator-custom-form forminator-custom-form-1253 forminator-design--default  forminator_ajax\" data-forminator-render=\"0\" data-form=\"forminator-module-1253\" data-uid=\"69eb798f92daa\"><br\/><\/div><form\n\t\t\t\tid=\"forminator-module-1253\"\n\t\t\t\tclass=\"forminator-ui forminator-custom-form forminator-custom-form-1253 forminator-design--default  forminator_ajax\"\n\t\t\t\tmethod=\"post\"\n\t\t\t\tdata-forminator-render=\"0\"\n\t\t\t\tdata-form-id=\"1253\"\n\t\t\t\t data-color-option=\"default\" data-design=\"default\" data-grid=\"open\" style=\"display: none;\"\n\t\t\t\tdata-uid=\"69eb798f92daa\"\n\t\t\t><div role=\"alert\" aria-live=\"polite\" class=\"forminator-response-message forminator-error\" aria-hidden=\"true\"><\/div><div class=\"forminator-row\"><div id=\"name-1\" class=\"forminator-field-name forminator-col forminator-col-12 \"><div class=\"forminator-field\"><label for=\"forminator-field-name-1_69eb798f92daa\" id=\"forminator-field-name-1_69eb798f92daa-label\" class=\"forminator-label\">Imi\u0119 <span class=\"forminator-required\">*<\/span><\/label><input type=\"text\" name=\"name-1\" value=\"\" placeholder=\"Na przyk\u0142ad: Jan\" id=\"forminator-field-name-1_69eb798f92daa\" class=\"forminator-input forminator-name--field\" aria-required=\"true\" autocomplete=\"name\" \/><\/div><\/div><\/div><div class=\"forminator-row\"><div id=\"email-1\" class=\"forminator-field-email forminator-col forminator-col-12 \"><div class=\"forminator-field\"><label for=\"forminator-field-email-1_69eb798f92daa\" id=\"forminator-field-email-1_69eb798f92daa-label\" class=\"forminator-label\">Adres e-mail <span class=\"forminator-required\">*<\/span><\/label><input type=\"email\" name=\"email-1\" value=\"\" placeholder=\"Na przyk\u0142ad: jan@kowalski.com\" id=\"forminator-field-email-1_69eb798f92daa\" class=\"forminator-input forminator-email--field\" data-required=\"true\" aria-required=\"true\" autocomplete=\"email\" \/><\/div><\/div><\/div><div class=\"forminator-row\"><div id=\"textarea-1\" class=\"forminator-field-textarea forminator-col forminator-col-12 \"><div class=\"forminator-field\"><label for=\"forminator-field-textarea-1_69eb798f92daa\" id=\"forminator-field-textarea-1_69eb798f92daa-label\" class=\"forminator-label\">Wiadomo\u015b\u0107<\/label><textarea name=\"textarea-1\" placeholder=\"Wpisz swoj\u0105 wiadomo\u015b\u0107...\" id=\"forminator-field-textarea-1_69eb798f92daa\" class=\"forminator-textarea\" rows=\"6\" style=\"min-height:140px;\" maxlength=\"180\" ><\/textarea><span id=\"forminator-field-textarea-1_69eb798f92daa-description\" class=\"forminator-description\"><span data-limit=\"180\" data-type=\"characters\" data-editor=\"\">0 \/ 180<\/span><\/span><\/div><\/div><\/div><div class=\"forminator-row\"><div id=\"consent-1\" class=\"forminator-field-consent forminator-col forminator-col-12 \"><div class=\"forminator-field\"><label for=\"forminator-field-consent-1_69eb798f92daa\" id=\"forminator-field-consent-1_69eb798f92daa-label\" class=\"forminator-label\">Zgoda <span class=\"forminator-required\">*<\/span><\/label><div class=\"forminator-checkbox__wrapper\"><label id=\"forminator-field-consent-1_69eb798f92daa__label\" class=\"forminator-checkbox forminator-consent\" aria-labelledby=\"forminator-field-consent-1_69eb798f92daa-label\"><input type=\"checkbox\" name=\"consent-1\" id=\"forminator-field-consent-1_69eb798f92daa\" value=\"checked\" aria-labelledby=\"forminator-field-consent-1_69eb798f92daa-label\" aria-describedby=\"forminator-field-consent-1_69eb798f92daa__description\" data-required=\"true\" aria-required=\"true\" \/><span class=\"forminator-checkbox-box\" aria-hidden=\"true\"><\/span><\/label><div id=\"forminator-field-consent-1_69eb798f92daa__description\" class=\"forminator-checkbox__label forminator-consent__label\"><p>Wyra\u017casz zgod\u0119 na otrzymywanie od nas wiadomo\u015bci e-mail, przesy\u0142aj\u0105c ten formularz i przyjmujesz do wiadomo\u015bci, \u017ce Twoje dane kontaktowe b\u0119d\u0105 u nas przechowywane.<\/p><\/div><\/div><\/div><\/div><\/div><input type=\"hidden\" name=\"referer_url\" value=\"\" \/><div class=\"forminator-row forminator-row-last\"><div class=\"forminator-col\"><div class=\"forminator-field\"><button class=\"forminator-button forminator-button-submit\">Wy\u015blij wiadomo\u015b\u0107<\/button><\/div><\/div><\/div><input type=\"hidden\" id=\"forminator_nonce\" name=\"forminator_nonce\" value=\"df7bac9bad\" \/><input type=\"hidden\" name=\"_wp_http_referer\" value=\"\/index.php?rest_route=%2Fwp%2Fv2%2Fpages%2F365\" \/><input type=\"hidden\" name=\"form_id\" value=\"1253\"><input type=\"hidden\" name=\"page_id\" value=\"365\"><input type=\"hidden\" name=\"form_type\" value=\"default\"><input type=\"hidden\" name=\"current_url\" value=\"https:\/\/wolnasztuka-slowart.pl\/?page_id=365&#038;lang=pl\"><input type=\"hidden\" name=\"render_id\" value=\"0\"><input type=\"hidden\" name=\"action\" value=\"forminator_submit_form_custom-forms\"><\/form><\/div>\n\t\t\t\t\t\t<\/div>\n\t\t\t\t<\/div>\n\t\t\t\t\t<\/div>\n\t\t\t\t<\/div>\n\t\t\t\t<\/div>\n\t\t","protected":false},"excerpt":{"rendered":"","protected":false},"author":3,"featured_media":0,"parent":0,"menu_order":0,"comment_status":"closed","ping_status":"closed","template":"","meta":{"site-sidebar-layout":"no-sidebar","site-content-layout":"","ast-site-content-layout":"full-width-container","site-content-style":"default","site-sidebar-style":"default","ast-global-header-display":"","ast-banner-title-visibility":"","ast-main-header-display":"","ast-hfb-above-header-display":"","ast-hfb-below-header-display":"","ast-hfb-mobile-header-display":"","site-post-title":"disabled","ast-breadcrumbs-content":"","ast-featured-img":"disabled","footer-sml-layout":"","ast-disable-related-posts":"","theme-transparent-header-meta":"","adv-header-id-meta":"","stick-header-meta":"","header-above-stick-meta":"","header-main-stick-meta":"","header-below-stick-meta":"","astra-migrate-meta-layouts":"default","ast-page-background-enabled":"default","ast-page-background-meta":{"desktop":{"background-color":"var(--ast-global-color-4)","background-image":"","background-repeat":"repeat","background-position":"center center","background-size":"auto","background-attachment":"scroll","background-type":"","background-media":"","overlay-type":"","overlay-color":"","overlay-opacity":"","overlay-gradient":""},"tablet":{"background-color":"","background-image":"","background-repeat":"repeat","background-position":"center center","background-size":"auto","background-attachment":"scroll","background-type":"","background-media":"","overlay-type":"","overlay-color":"","overlay-opacity":"","overlay-gradient":""},"mobile":{"background-color":"","background-image":"","background-repeat":"repeat","background-position":"center center","background-size":"auto","background-attachment":"scroll","background-type":"","background-media":"","overlay-type":"","overlay-color":"","overlay-opacity":"","overlay-gradient":""}},"ast-content-background-meta":{"desktop":{"background-color":"var(--ast-global-color-5)","background-image":"","background-repeat":"repeat","background-position":"center center","background-size":"auto","background-attachment":"scroll","background-type":"","background-media":"","overlay-type":"","overlay-color":"","overlay-opacity":"","overlay-gradient":""},"tablet":{"background-color":"var(--ast-global-color-5)","background-image":"","background-repeat":"repeat","background-position":"center center","background-size":"auto","background-attachment":"scroll","background-type":"","background-media":"","overlay-type":"","overlay-color":"","overlay-opacity":"","overlay-gradient":""},"mobile":{"background-color":"var(--ast-global-color-5)","background-image":"","background-repeat":"repeat","background-position":"center center","background-size":"auto","background-attachment":"scroll","background-type":"","background-media":"","overlay-type":"","overlay-color":"","overlay-opacity":"","overlay-gradient":""}},"_themeisle_gutenberg_block_has_review":false,"footnotes":""},"class_list":["post-365","page","type-page","status-publish","hentry"],"yoast_head":"<!-- This site is optimized with the Yoast SEO plugin v26.8 - https:\/\/yoast.com\/product\/yoast-seo-wordpress\/ -->\n<title>Kontakt - Wolna sztuka-Slow Art<\/title>\n<meta name=\"robots\" content=\"index, follow, max-snippet:-1, max-image-preview:large, max-video-preview:-1\" \/>\n<link rel=\"canonical\" href=\"https:\/\/wolnasztuka-slowart.pl\/?page_id=365&lang=pl\" \/>\n<meta property=\"og:locale\" content=\"pl_PL\" \/>\n<meta property=\"og:type\" content=\"article\" \/>\n<meta property=\"og:title\" content=\"Kontakt - Wolna sztuka-Slow Art\" \/>\n<meta property=\"og:url\" content=\"https:\/\/wolnasztuka-slowart.pl\/?page_id=365&amp;lang=pl\" \/>\n<meta property=\"og:site_name\" content=\"Wolna sztuka-Slow Art\" \/>\n<meta property=\"article:modified_time\" content=\"2023-12-07T16:14:11+00:00\" \/>\n<meta property=\"og:image\" content=\"https:\/\/wolnasztuka-slowart.pl\/wp-content\/uploads\/2023\/11\/LOGO-122x134.jpg\" \/>\n<meta name=\"twitter:card\" content=\"summary_large_image\" \/>\n<script type=\"application\/ld+json\" class=\"yoast-schema-graph\">{\"@context\":\"https:\/\/schema.org\",\"@graph\":[{\"@type\":\"WebPage\",\"@id\":\"https:\/\/wolnasztuka-slowart.pl\/?page_id=365&lang=pl\",\"url\":\"https:\/\/wolnasztuka-slowart.pl\/?page_id=365&lang=pl\",\"name\":\"Kontakt - Wolna sztuka-Slow Art\",\"isPartOf\":{\"@id\":\"https:\/\/wolnasztuka-slowart.pl\/#website\"},\"primaryImageOfPage\":{\"@id\":\"https:\/\/wolnasztuka-slowart.pl\/?page_id=365&lang=pl#primaryimage\"},\"image\":{\"@id\":\"https:\/\/wolnasztuka-slowart.pl\/?page_id=365&lang=pl#primaryimage\"},\"thumbnailUrl\":\"https:\/\/wolnasztuka-slowart.pl\/wp-content\/uploads\/2023\/11\/LOGO-122x134.jpg\",\"datePublished\":\"2023-11-13T21:35:30+00:00\",\"dateModified\":\"2023-12-07T16:14:11+00:00\",\"breadcrumb\":{\"@id\":\"https:\/\/wolnasztuka-slowart.pl\/?page_id=365&lang=pl#breadcrumb\"},\"inLanguage\":\"pl-PL\",\"potentialAction\":[{\"@type\":\"ReadAction\",\"target\":[\"https:\/\/wolnasztuka-slowart.pl\/?page_id=365&lang=pl\"]}]},{\"@type\":\"ImageObject\",\"inLanguage\":\"pl-PL\",\"@id\":\"https:\/\/wolnasztuka-slowart.pl\/?page_id=365&lang=pl#primaryimage\",\"url\":\"https:\/\/wolnasztuka-slowart.pl\/wp-content\/uploads\/2023\/11\/LOGO.jpg\",\"contentUrl\":\"https:\/\/wolnasztuka-slowart.pl\/wp-content\/uploads\/2023\/11\/LOGO.jpg\",\"width\":352,\"height\":386},{\"@type\":\"BreadcrumbList\",\"@id\":\"https:\/\/wolnasztuka-slowart.pl\/?page_id=365&lang=pl#breadcrumb\",\"itemListElement\":[{\"@type\":\"ListItem\",\"position\":1,\"name\":\"Strona g\u0142\u00f3wna\",\"item\":\"https:\/\/wolnasztuka-slowart.pl\/?page_id=346&lang=pl\"},{\"@type\":\"ListItem\",\"position\":2,\"name\":\"Kontakt\"}]},{\"@type\":\"WebSite\",\"@id\":\"https:\/\/wolnasztuka-slowart.pl\/#website\",\"url\":\"https:\/\/wolnasztuka-slowart.pl\/\",\"name\":\"Wolna sztuka-Slow Art\",\"description\":\"Galeria Magdaleny Jask\u0142owskiej-Englisz i Marka Englisza prezentuj\u0105ca prace z zakresu sztuki w\u0142\u00f3kna, fotografii, projektowania graficznego, promuj\u0105ca Woln\u0105 sztuk\u0119\/Slow Art.\",\"publisher\":{\"@id\":\"https:\/\/wolnasztuka-slowart.pl\/#organization\"},\"potentialAction\":[{\"@type\":\"SearchAction\",\"target\":{\"@type\":\"EntryPoint\",\"urlTemplate\":\"https:\/\/wolnasztuka-slowart.pl\/?s={search_term_string}\"},\"query-input\":{\"@type\":\"PropertyValueSpecification\",\"valueRequired\":true,\"valueName\":\"search_term_string\"}}],\"inLanguage\":\"pl-PL\"},{\"@type\":\"Organization\",\"@id\":\"https:\/\/wolnasztuka-slowart.pl\/#organization\",\"name\":\"Wolna sztuka-Slow Art\",\"url\":\"https:\/\/wolnasztuka-slowart.pl\/\",\"logo\":{\"@type\":\"ImageObject\",\"inLanguage\":\"pl-PL\",\"@id\":\"https:\/\/wolnasztuka-slowart.pl\/#\/schema\/logo\/image\/\",\"url\":\"https:\/\/wolnasztuka-slowart.pl\/wp-content\/uploads\/2023\/11\/LOGO.jpg\",\"contentUrl\":\"https:\/\/wolnasztuka-slowart.pl\/wp-content\/uploads\/2023\/11\/LOGO.jpg\",\"width\":352,\"height\":386,\"caption\":\"Wolna sztuka-Slow Art\"},\"image\":{\"@id\":\"https:\/\/wolnasztuka-slowart.pl\/#\/schema\/logo\/image\/\"}}]}<\/script>\n<!-- \/ Yoast SEO plugin. -->","yoast_head_json":{"title":"Kontakt - Wolna sztuka-Slow Art","robots":{"index":"index","follow":"follow","max-snippet":"max-snippet:-1","max-image-preview":"max-image-preview:large","max-video-preview":"max-video-preview:-1"},"canonical":"https:\/\/wolnasztuka-slowart.pl\/?page_id=365&lang=pl","og_locale":"pl_PL","og_type":"article","og_title":"Kontakt - Wolna sztuka-Slow Art","og_url":"https:\/\/wolnasztuka-slowart.pl\/?page_id=365&lang=pl","og_site_name":"Wolna sztuka-Slow Art","article_modified_time":"2023-12-07T16:14:11+00:00","og_image":[{"url":"https:\/\/wolnasztuka-slowart.pl\/wp-content\/uploads\/2023\/11\/LOGO-122x134.jpg","type":"","width":"","height":""}],"twitter_card":"summary_large_image","schema":{"@context":"https:\/\/schema.org","@graph":[{"@type":"WebPage","@id":"https:\/\/wolnasztuka-slowart.pl\/?page_id=365&lang=pl","url":"https:\/\/wolnasztuka-slowart.pl\/?page_id=365&lang=pl","name":"Kontakt - Wolna sztuka-Slow Art","isPartOf":{"@id":"https:\/\/wolnasztuka-slowart.pl\/#website"},"primaryImageOfPage":{"@id":"https:\/\/wolnasztuka-slowart.pl\/?page_id=365&lang=pl#primaryimage"},"image":{"@id":"https:\/\/wolnasztuka-slowart.pl\/?page_id=365&lang=pl#primaryimage"},"thumbnailUrl":"https:\/\/wolnasztuka-slowart.pl\/wp-content\/uploads\/2023\/11\/LOGO-122x134.jpg","datePublished":"2023-11-13T21:35:30+00:00","dateModified":"2023-12-07T16:14:11+00:00","breadcrumb":{"@id":"https:\/\/wolnasztuka-slowart.pl\/?page_id=365&lang=pl#breadcrumb"},"inLanguage":"pl-PL","potentialAction":[{"@type":"ReadAction","target":["https:\/\/wolnasztuka-slowart.pl\/?page_id=365&lang=pl"]}]},{"@type":"ImageObject","inLanguage":"pl-PL","@id":"https:\/\/wolnasztuka-slowart.pl\/?page_id=365&lang=pl#primaryimage","url":"https:\/\/wolnasztuka-slowart.pl\/wp-content\/uploads\/2023\/11\/LOGO.jpg","contentUrl":"https:\/\/wolnasztuka-slowart.pl\/wp-content\/uploads\/2023\/11\/LOGO.jpg","width":352,"height":386},{"@type":"BreadcrumbList","@id":"https:\/\/wolnasztuka-slowart.pl\/?page_id=365&lang=pl#breadcrumb","itemListElement":[{"@type":"ListItem","position":1,"name":"Strona g\u0142\u00f3wna","item":"https:\/\/wolnasztuka-slowart.pl\/?page_id=346&lang=pl"},{"@type":"ListItem","position":2,"name":"Kontakt"}]},{"@type":"WebSite","@id":"https:\/\/wolnasztuka-slowart.pl\/#website","url":"https:\/\/wolnasztuka-slowart.pl\/","name":"Wolna sztuka-Slow Art","description":"Galeria Magdaleny Jask\u0142owskiej-Englisz i Marka Englisza prezentuj\u0105ca prace z zakresu sztuki w\u0142\u00f3kna, fotografii, projektowania graficznego, promuj\u0105ca Woln\u0105 sztuk\u0119\/Slow Art.","publisher":{"@id":"https:\/\/wolnasztuka-slowart.pl\/#organization"},"potentialAction":[{"@type":"SearchAction","target":{"@type":"EntryPoint","urlTemplate":"https:\/\/wolnasztuka-slowart.pl\/?s={search_term_string}"},"query-input":{"@type":"PropertyValueSpecification","valueRequired":true,"valueName":"search_term_string"}}],"inLanguage":"pl-PL"},{"@type":"Organization","@id":"https:\/\/wolnasztuka-slowart.pl\/#organization","name":"Wolna sztuka-Slow Art","url":"https:\/\/wolnasztuka-slowart.pl\/","logo":{"@type":"ImageObject","inLanguage":"pl-PL","@id":"https:\/\/wolnasztuka-slowart.pl\/#\/schema\/logo\/image\/","url":"https:\/\/wolnasztuka-slowart.pl\/wp-content\/uploads\/2023\/11\/LOGO.jpg","contentUrl":"https:\/\/wolnasztuka-slowart.pl\/wp-content\/uploads\/2023\/11\/LOGO.jpg","width":352,"height":386,"caption":"Wolna sztuka-Slow Art"},"image":{"@id":"https:\/\/wolnasztuka-slowart.pl\/#\/schema\/logo\/image\/"}}]}},"_links":{"self":[{"href":"https:\/\/wolnasztuka-slowart.pl\/index.php?rest_route=\/wp\/v2\/pages\/365","targetHints":{"allow":["GET"]}}],"collection":[{"href":"https:\/\/wolnasztuka-slowart.pl\/index.php?rest_route=\/wp\/v2\/pages"}],"about":[{"href":"https:\/\/wolnasztuka-slowart.pl\/index.php?rest_route=\/wp\/v2\/types\/page"}],"author":[{"embeddable":true,"href":"https:\/\/wolnasztuka-slowart.pl\/index.php?rest_route=\/wp\/v2\/users\/3"}],"replies":[{"embeddable":true,"href":"https:\/\/wolnasztuka-slowart.pl\/index.php?rest_route=%2Fwp%2Fv2%2Fcomments&post=365"}],"version-history":[{"count":23,"href":"https:\/\/wolnasztuka-slowart.pl\/index.php?rest_route=\/wp\/v2\/pages\/365\/revisions"}],"predecessor-version":[{"id":1280,"href":"https:\/\/wolnasztuka-slowart.pl\/index.php?rest_route=\/wp\/v2\/pages\/365\/revisions\/1280"}],"wp:attachment":[{"href":"https:\/\/wolnasztuka-slowart.pl\/index.php?rest_route=%2Fwp%2Fv2%2Fmedia&parent=365"}],"curies":[{"name":"wp","href":"https:\/\/api.w.org\/{rel}","templated":true}]}}