{"id":350,"date":"2023-11-13T22:23:54","date_gmt":"2023-11-13T21:23:54","guid":{"rendered":"https:\/\/wolnasztuka-slowart.pl\/?page_id=350"},"modified":"2024-01-29T07:49:15","modified_gmt":"2024-01-29T06:49:15","slug":"o-nas","status":"publish","type":"page","link":"https:\/\/wolnasztuka-slowart.pl\/?page_id=350&lang=pl","title":{"rendered":"O nas"},"content":{"rendered":"\t\t<div data-elementor-type=\"wp-page\" data-elementor-id=\"350\" class=\"elementor elementor-350\">\n\t\t\t\t<div class=\"elementor-element elementor-element-422b938 e-flex e-con-boxed e-con e-parent\" data-id=\"422b938\" data-element_type=\"container\">\n\t\t\t\t\t<div class=\"e-con-inner\">\n\t\t\t\t<div class=\"elementor-element elementor-element-98d1fd2 elementor-widget elementor-widget-image\" data-id=\"98d1fd2\" data-element_type=\"widget\" data-widget_type=\"image.default\">\n\t\t\t\t<div class=\"elementor-widget-container\">\n\t\t\t\t\t\t\t\t\t\t\t\t\t\t\t<img fetchpriority=\"high\" decoding=\"async\" width=\"1200\" height=\"224\" src=\"https:\/\/wolnasztuka-slowart.pl\/wp-content\/uploads\/2023\/12\/BELKA_o-nas.jpg\" class=\"attachment-full size-full wp-image-783\" alt=\"\" srcset=\"https:\/\/wolnasztuka-slowart.pl\/wp-content\/uploads\/2023\/12\/BELKA_o-nas.jpg 1200w, https:\/\/wolnasztuka-slowart.pl\/wp-content\/uploads\/2023\/12\/BELKA_o-nas-300x56.jpg 300w, https:\/\/wolnasztuka-slowart.pl\/wp-content\/uploads\/2023\/12\/BELKA_o-nas-1024x191.jpg 1024w, https:\/\/wolnasztuka-slowart.pl\/wp-content\/uploads\/2023\/12\/BELKA_o-nas-768x143.jpg 768w, https:\/\/wolnasztuka-slowart.pl\/wp-content\/uploads\/2023\/12\/elementor\/thumbs\/BELKA_o-nas-qgwaleohpwua9kt28xquaoxrsjbizb4vsu5p1zubq4.jpg 800w\" sizes=\"(max-width: 1200px) 100vw, 1200px\" \/>\t\t\t\t\t\t\t\t\t\t\t\t\t\t\t<\/div>\n\t\t\t\t<\/div>\n\t\t\t\t\t<\/div>\n\t\t\t\t<\/div>\n\t\t<div class=\"elementor-element elementor-element-1e91c81 e-flex e-con-boxed e-con e-parent\" data-id=\"1e91c81\" data-element_type=\"container\">\n\t\t\t\t\t<div class=\"e-con-inner\">\n\t\t\t\t<div class=\"elementor-element elementor-element-1dff41b elementor-position-right elementor-vertical-align-top elementor-widget elementor-widget-image-box\" data-id=\"1dff41b\" data-element_type=\"widget\" data-widget_type=\"image-box.default\">\n\t\t\t\t<div class=\"elementor-widget-container\">\n\t\t\t\t\t<div class=\"elementor-image-box-wrapper\"><figure class=\"elementor-image-box-img\"><img decoding=\"async\" width=\"280\" height=\"400\" src=\"https:\/\/wolnasztuka-slowart.pl\/wp-content\/uploads\/2023\/12\/egoizm-2-Stawisko.jpg\" class=\"attachment-full size-full wp-image-785\" alt=\"\" srcset=\"https:\/\/wolnasztuka-slowart.pl\/wp-content\/uploads\/2023\/12\/egoizm-2-Stawisko.jpg 280w, https:\/\/wolnasztuka-slowart.pl\/wp-content\/uploads\/2023\/12\/egoizm-2-Stawisko-210x300.jpg 210w\" sizes=\"(max-width: 280px) 100vw, 280px\" \/><\/figure><div class=\"elementor-image-box-content\"><h3 class=\"elementor-image-box-title\">Magdalena Jask\u0142owska-Englisz<\/h3><p class=\"elementor-image-box-description\">\nDoktor biologii \u2013 tkactwa artystycznego uczy\u0142a si\u0119 w Pracowni\n\u201ePrzy D\u0142ugiej\u201d w Warszawie pod kierunkiem Ewy Kami\u0144skiej oraz\nw Akademii \u0141ucznica. Ma uprawnienia do samodzielnego prowadzenia pracowni r\u0119kodzie\u0142a artystycznego. Organizatorka i kuratorka wystaw tkaniny artystycznej i fotografii. Wsp\u00f3\u0142tw\u00f3rczyni i kuratorka cyklu \u201eTkanina w Muzeum\". Wsp\u00f3\u0142pracuje z Muzeum im. Anny i Jaros\u0142awa Iwaszkiewicz\u00f3w\nw Stawisku oraz z Sekcj\u0105 Tkaniny Okr\u0119gu Warszawskiego Zwi\u0105zku Polskich Artyst\u00f3w Plastyk\u00f3w. Swoje prace prezentowa\u0142a na kilku wystawach zbiorowych. Jest cz\u0142onkiem European Textile Network.<\/p><\/div><\/div>\t\t\t\t<\/div>\n\t\t\t\t<\/div>\n\t\t\t\t\t<\/div>\n\t\t\t\t<\/div>\n\t\t<div class=\"elementor-element elementor-element-5f1322c e-flex e-con-boxed e-con e-parent\" data-id=\"5f1322c\" data-element_type=\"container\">\n\t\t\t\t\t<div class=\"e-con-inner\">\n\t\t\t\t<div class=\"elementor-element elementor-element-5be1ea0 elementor-position-left elementor-vertical-align-top elementor-widget elementor-widget-image-box\" data-id=\"5be1ea0\" data-element_type=\"widget\" data-widget_type=\"image-box.default\">\n\t\t\t\t<div class=\"elementor-widget-container\">\n\t\t\t\t\t<div class=\"elementor-image-box-wrapper\"><figure class=\"elementor-image-box-img\"><img decoding=\"async\" width=\"263\" height=\"400\" src=\"https:\/\/wolnasztuka-slowart.pl\/wp-content\/uploads\/2023\/11\/K_01.jpg\" class=\"attachment-full size-full wp-image-555\" alt=\"\" srcset=\"https:\/\/wolnasztuka-slowart.pl\/wp-content\/uploads\/2023\/11\/K_01.jpg 263w, https:\/\/wolnasztuka-slowart.pl\/wp-content\/uploads\/2023\/11\/K_01-197x300.jpg 197w\" sizes=\"(max-width: 263px) 100vw, 263px\" \/><\/figure><div class=\"elementor-image-box-content\"><h3 class=\"elementor-image-box-title\">Marek Englisz<\/h3><p class=\"elementor-image-box-description\">Projektant graficzny i fotograf. Absolwent Policealnego studium Plastycznego COLLAGE w Warszawie gdzie uzyska\u0142 dyplom z projektowania graficznego. Terminowa\u0142 w pracowni <span style=\"text-align: right\">\u201e<\/span>Studio Konart\" artysty grafika Jacka Konarzewskiego, z kt\u00f3rym podj\u0105\u0142 sta\u0142\u0105 wsp\u00f3\u0142prac\u0119. Wsp\u00f3\u0142pracowa\u0142 r\u00f3wnie\u017c z Telewizj\u0105 Polsk\u0105 oraz agencj\u0105 reklamow\u0105 <span style=\"text-align: right\">\u201e<\/span>Sudler &amp; Hennessey\". Fotografuje od dziecka, swoje zdj\u0119cia wykorzystywa\u0142 w projektach grafiki reklamowej. Specjalizuje si\u0119 w fotografii krajobrazu, portretach i fotografii ro\u015blin. Tworzy plakaty wydarze\u0144 kulturalnych&nbsp;\n\ni kampanii spo\u0142ecznych. Jest autorem projekt\u00f3w graficznych wydawnictw. Swoje prace prezentowa\u0142 na wystawach zbiorowych oraz indywidualnych w wielu miastach w Polsce. Obecnie zajmuje si\u0119 tworzeniem kompozycji graficznych, kt\u00f3rych materia\u0142em wyj\u015bciowym s\u0105 elementy w\u0142asnych fotografii. Stara si\u0119 nie rzuca\u0107 w oczy.<\/p><\/div><\/div>\t\t\t\t<\/div>\n\t\t\t\t<\/div>\n\t\t\t\t<div class=\"elementor-element elementor-element-5964486 elementor-widget elementor-widget-text-editor\" data-id=\"5964486\" data-element_type=\"widget\" data-widget_type=\"text-editor.default\">\n\t\t\t\t<div class=\"elementor-widget-container\">\n\t\t\t\t\t\t\t\t\t<p>Od kilku lat stanowi\u0105 tw\u00f3rczy duet, przygotowuj\u0105c wsp\u00f3lnie projekty tkanin artystycznych, kt\u00f3re p\u00f3\u017aniej realizowane s\u0105 przez Magdalen\u0119.<\/p>\t\t\t\t\t\t\t\t<\/div>\n\t\t\t\t<\/div>\n\t\t\t\t\t<\/div>\n\t\t\t\t<\/div>\n\t\t\t\t<\/div>\n\t\t","protected":false},"excerpt":{"rendered":"<p>Magdalena Jask\u0142owska-Englisz Doktor biologii \u2013 tkactwa artystycznego uczy\u0142a si\u0119 w Pracowni \u201ePrzy D\u0142ugiej\u201d w Warszawie pod kierunkiem Ewy Kami\u0144skiej oraz w Akademii \u0141ucznica. Ma uprawnienia do samodzielnego prowadzenia pracowni r\u0119kodzie\u0142a artystycznego. Organizatorka i kuratorka wystaw tkaniny artystycznej i fotografii. Wsp\u00f3\u0142tw\u00f3rczyni i kuratorka cyklu \u201eTkanina w Muzeum&#8221;. Wsp\u00f3\u0142pracuje z Muzeum im. Anny i Jaros\u0142awa Iwaszkiewicz\u00f3w w [&hellip;]<\/p>\n","protected":false},"author":3,"featured_media":0,"parent":0,"menu_order":0,"comment_status":"closed","ping_status":"closed","template":"","meta":{"site-sidebar-layout":"no-sidebar","site-content-layout":"","ast-site-content-layout":"default","site-content-style":"default","site-sidebar-style":"default","ast-global-header-display":"","ast-banner-title-visibility":"","ast-main-header-display":"","ast-hfb-above-header-display":"","ast-hfb-below-header-display":"","ast-hfb-mobile-header-display":"","site-post-title":"disabled","ast-breadcrumbs-content":"","ast-featured-img":"disabled","footer-sml-layout":"","ast-disable-related-posts":"","theme-transparent-header-meta":"","adv-header-id-meta":"","stick-header-meta":"","header-above-stick-meta":"","header-main-stick-meta":"","header-below-stick-meta":"","astra-migrate-meta-layouts":"","ast-page-background-enabled":"default","ast-page-background-meta":{"desktop":{"background-color":"var(--ast-global-color-4)","background-image":"","background-repeat":"repeat","background-position":"center center","background-size":"auto","background-attachment":"scroll","background-type":"","background-media":"","overlay-type":"","overlay-color":"","overlay-opacity":"","overlay-gradient":""},"tablet":{"background-color":"","background-image":"","background-repeat":"repeat","background-position":"center center","background-size":"auto","background-attachment":"scroll","background-type":"","background-media":"","overlay-type":"","overlay-color":"","overlay-opacity":"","overlay-gradient":""},"mobile":{"background-color":"","background-image":"","background-repeat":"repeat","background-position":"center center","background-size":"auto","background-attachment":"scroll","background-type":"","background-media":"","overlay-type":"","overlay-color":"","overlay-opacity":"","overlay-gradient":""}},"ast-content-background-meta":{"desktop":{"background-color":"var(--ast-global-color-5)","background-image":"","background-repeat":"repeat","background-position":"center center","background-size":"auto","background-attachment":"scroll","background-type":"","background-media":"","overlay-type":"","overlay-color":"","overlay-opacity":"","overlay-gradient":""},"tablet":{"background-color":"var(--ast-global-color-5)","background-image":"","background-repeat":"repeat","background-position":"center center","background-size":"auto","background-attachment":"scroll","background-type":"","background-media":"","overlay-type":"","overlay-color":"","overlay-opacity":"","overlay-gradient":""},"mobile":{"background-color":"var(--ast-global-color-5)","background-image":"","background-repeat":"repeat","background-position":"center center","background-size":"auto","background-attachment":"scroll","background-type":"","background-media":"","overlay-type":"","overlay-color":"","overlay-opacity":"","overlay-gradient":""}},"_themeisle_gutenberg_block_has_review":false,"footnotes":""},"class_list":["post-350","page","type-page","status-publish","hentry"],"yoast_head":"<!-- This site is optimized with the Yoast SEO plugin v26.8 - https:\/\/yoast.com\/product\/yoast-seo-wordpress\/ -->\n<title>O nas - Wolna sztuka-Slow Art<\/title>\n<meta name=\"description\" content=\"Sylwetki tw\u00f3rc\u00f3w strony: Magdaleny Jask\u0142owskiej-Englisz zajmuj\u0105cej si\u0119 sztuk\u0105 w\u0142\u00f3kna i Marka Englisza fotografa i projektanta graficznego\" \/>\n<meta name=\"robots\" content=\"index, follow, max-snippet:-1, max-image-preview:large, max-video-preview:-1\" \/>\n<link rel=\"canonical\" href=\"https:\/\/wolnasztuka-slowart.pl\/?page_id=350&lang=pl\" \/>\n<meta property=\"og:locale\" content=\"pl_PL\" \/>\n<meta property=\"og:type\" content=\"article\" \/>\n<meta property=\"og:title\" content=\"O nas - Wolna sztuka-Slow Art\" \/>\n<meta property=\"og:description\" content=\"Sylwetki tw\u00f3rc\u00f3w strony: Magdaleny Jask\u0142owskiej-Englisz zajmuj\u0105cej si\u0119 sztuk\u0105 w\u0142\u00f3kna i Marka Englisza fotografa i projektanta graficznego\" \/>\n<meta property=\"og:url\" content=\"https:\/\/wolnasztuka-slowart.pl\/?page_id=350&amp;lang=pl\" \/>\n<meta property=\"og:site_name\" content=\"Wolna sztuka-Slow Art\" \/>\n<meta property=\"article:modified_time\" content=\"2024-01-29T06:49:15+00:00\" \/>\n<meta property=\"og:image\" content=\"https:\/\/wolnasztuka-slowart.pl\/wp-content\/uploads\/2023\/12\/BELKA_o-nas.jpg\" \/>\n<meta name=\"twitter:card\" content=\"summary_large_image\" \/>\n<meta name=\"twitter:label1\" content=\"Szacowany czas czytania\" \/>\n\t<meta name=\"twitter:data1\" content=\"2 minuty\" \/>\n<script type=\"application\/ld+json\" class=\"yoast-schema-graph\">{\"@context\":\"https:\/\/schema.org\",\"@graph\":[{\"@type\":\"WebPage\",\"@id\":\"https:\/\/wolnasztuka-slowart.pl\/?page_id=350&lang=pl\",\"url\":\"https:\/\/wolnasztuka-slowart.pl\/?page_id=350&lang=pl\",\"name\":\"O nas - Wolna sztuka-Slow Art\",\"isPartOf\":{\"@id\":\"https:\/\/wolnasztuka-slowart.pl\/#website\"},\"primaryImageOfPage\":{\"@id\":\"https:\/\/wolnasztuka-slowart.pl\/?page_id=350&lang=pl#primaryimage\"},\"image\":{\"@id\":\"https:\/\/wolnasztuka-slowart.pl\/?page_id=350&lang=pl#primaryimage\"},\"thumbnailUrl\":\"https:\/\/wolnasztuka-slowart.pl\/wp-content\/uploads\/2023\/12\/BELKA_o-nas.jpg\",\"datePublished\":\"2023-11-13T21:23:54+00:00\",\"dateModified\":\"2024-01-29T06:49:15+00:00\",\"description\":\"Sylwetki tw\u00f3rc\u00f3w strony: Magdaleny Jask\u0142owskiej-Englisz zajmuj\u0105cej si\u0119 sztuk\u0105 w\u0142\u00f3kna i Marka Englisza fotografa i projektanta graficznego\",\"breadcrumb\":{\"@id\":\"https:\/\/wolnasztuka-slowart.pl\/?page_id=350&lang=pl#breadcrumb\"},\"inLanguage\":\"pl-PL\",\"potentialAction\":[{\"@type\":\"ReadAction\",\"target\":[\"https:\/\/wolnasztuka-slowart.pl\/?page_id=350&lang=pl\"]}]},{\"@type\":\"ImageObject\",\"inLanguage\":\"pl-PL\",\"@id\":\"https:\/\/wolnasztuka-slowart.pl\/?page_id=350&lang=pl#primaryimage\",\"url\":\"https:\/\/wolnasztuka-slowart.pl\/wp-content\/uploads\/2023\/12\/BELKA_o-nas.jpg\",\"contentUrl\":\"https:\/\/wolnasztuka-slowart.pl\/wp-content\/uploads\/2023\/12\/BELKA_o-nas.jpg\",\"width\":1200,\"height\":224},{\"@type\":\"BreadcrumbList\",\"@id\":\"https:\/\/wolnasztuka-slowart.pl\/?page_id=350&lang=pl#breadcrumb\",\"itemListElement\":[{\"@type\":\"ListItem\",\"position\":1,\"name\":\"Strona g\u0142\u00f3wna\",\"item\":\"https:\/\/wolnasztuka-slowart.pl\/?page_id=346&lang=pl\"},{\"@type\":\"ListItem\",\"position\":2,\"name\":\"O nas\"}]},{\"@type\":\"WebSite\",\"@id\":\"https:\/\/wolnasztuka-slowart.pl\/#website\",\"url\":\"https:\/\/wolnasztuka-slowart.pl\/\",\"name\":\"Wolna sztuka-Slow Art\",\"description\":\"Galeria Magdaleny Jask\u0142owskiej-Englisz i Marka Englisza prezentuj\u0105ca prace z zakresu sztuki w\u0142\u00f3kna, fotografii, projektowania graficznego, promuj\u0105ca Woln\u0105 sztuk\u0119\/Slow Art.\",\"publisher\":{\"@id\":\"https:\/\/wolnasztuka-slowart.pl\/#organization\"},\"potentialAction\":[{\"@type\":\"SearchAction\",\"target\":{\"@type\":\"EntryPoint\",\"urlTemplate\":\"https:\/\/wolnasztuka-slowart.pl\/?s={search_term_string}\"},\"query-input\":{\"@type\":\"PropertyValueSpecification\",\"valueRequired\":true,\"valueName\":\"search_term_string\"}}],\"inLanguage\":\"pl-PL\"},{\"@type\":\"Organization\",\"@id\":\"https:\/\/wolnasztuka-slowart.pl\/#organization\",\"name\":\"Wolna sztuka-Slow Art\",\"url\":\"https:\/\/wolnasztuka-slowart.pl\/\",\"logo\":{\"@type\":\"ImageObject\",\"inLanguage\":\"pl-PL\",\"@id\":\"https:\/\/wolnasztuka-slowart.pl\/#\/schema\/logo\/image\/\",\"url\":\"https:\/\/wolnasztuka-slowart.pl\/wp-content\/uploads\/2023\/11\/LOGO.jpg\",\"contentUrl\":\"https:\/\/wolnasztuka-slowart.pl\/wp-content\/uploads\/2023\/11\/LOGO.jpg\",\"width\":352,\"height\":386,\"caption\":\"Wolna sztuka-Slow Art\"},\"image\":{\"@id\":\"https:\/\/wolnasztuka-slowart.pl\/#\/schema\/logo\/image\/\"}}]}<\/script>\n<!-- \/ Yoast SEO plugin. -->","yoast_head_json":{"title":"O nas - Wolna sztuka-Slow Art","description":"Sylwetki tw\u00f3rc\u00f3w strony: Magdaleny Jask\u0142owskiej-Englisz zajmuj\u0105cej si\u0119 sztuk\u0105 w\u0142\u00f3kna i Marka Englisza fotografa i projektanta graficznego","robots":{"index":"index","follow":"follow","max-snippet":"max-snippet:-1","max-image-preview":"max-image-preview:large","max-video-preview":"max-video-preview:-1"},"canonical":"https:\/\/wolnasztuka-slowart.pl\/?page_id=350&lang=pl","og_locale":"pl_PL","og_type":"article","og_title":"O nas - Wolna sztuka-Slow Art","og_description":"Sylwetki tw\u00f3rc\u00f3w strony: Magdaleny Jask\u0142owskiej-Englisz zajmuj\u0105cej si\u0119 sztuk\u0105 w\u0142\u00f3kna i Marka Englisza fotografa i projektanta graficznego","og_url":"https:\/\/wolnasztuka-slowart.pl\/?page_id=350&lang=pl","og_site_name":"Wolna sztuka-Slow Art","article_modified_time":"2024-01-29T06:49:15+00:00","og_image":[{"url":"https:\/\/wolnasztuka-slowart.pl\/wp-content\/uploads\/2023\/12\/BELKA_o-nas.jpg","type":"","width":"","height":""}],"twitter_card":"summary_large_image","twitter_misc":{"Szacowany czas czytania":"2 minuty"},"schema":{"@context":"https:\/\/schema.org","@graph":[{"@type":"WebPage","@id":"https:\/\/wolnasztuka-slowart.pl\/?page_id=350&lang=pl","url":"https:\/\/wolnasztuka-slowart.pl\/?page_id=350&lang=pl","name":"O nas - Wolna sztuka-Slow Art","isPartOf":{"@id":"https:\/\/wolnasztuka-slowart.pl\/#website"},"primaryImageOfPage":{"@id":"https:\/\/wolnasztuka-slowart.pl\/?page_id=350&lang=pl#primaryimage"},"image":{"@id":"https:\/\/wolnasztuka-slowart.pl\/?page_id=350&lang=pl#primaryimage"},"thumbnailUrl":"https:\/\/wolnasztuka-slowart.pl\/wp-content\/uploads\/2023\/12\/BELKA_o-nas.jpg","datePublished":"2023-11-13T21:23:54+00:00","dateModified":"2024-01-29T06:49:15+00:00","description":"Sylwetki tw\u00f3rc\u00f3w strony: Magdaleny Jask\u0142owskiej-Englisz zajmuj\u0105cej si\u0119 sztuk\u0105 w\u0142\u00f3kna i Marka Englisza fotografa i projektanta graficznego","breadcrumb":{"@id":"https:\/\/wolnasztuka-slowart.pl\/?page_id=350&lang=pl#breadcrumb"},"inLanguage":"pl-PL","potentialAction":[{"@type":"ReadAction","target":["https:\/\/wolnasztuka-slowart.pl\/?page_id=350&lang=pl"]}]},{"@type":"ImageObject","inLanguage":"pl-PL","@id":"https:\/\/wolnasztuka-slowart.pl\/?page_id=350&lang=pl#primaryimage","url":"https:\/\/wolnasztuka-slowart.pl\/wp-content\/uploads\/2023\/12\/BELKA_o-nas.jpg","contentUrl":"https:\/\/wolnasztuka-slowart.pl\/wp-content\/uploads\/2023\/12\/BELKA_o-nas.jpg","width":1200,"height":224},{"@type":"BreadcrumbList","@id":"https:\/\/wolnasztuka-slowart.pl\/?page_id=350&lang=pl#breadcrumb","itemListElement":[{"@type":"ListItem","position":1,"name":"Strona g\u0142\u00f3wna","item":"https:\/\/wolnasztuka-slowart.pl\/?page_id=346&lang=pl"},{"@type":"ListItem","position":2,"name":"O nas"}]},{"@type":"WebSite","@id":"https:\/\/wolnasztuka-slowart.pl\/#website","url":"https:\/\/wolnasztuka-slowart.pl\/","name":"Wolna sztuka-Slow Art","description":"Galeria Magdaleny Jask\u0142owskiej-Englisz i Marka Englisza prezentuj\u0105ca prace z zakresu sztuki w\u0142\u00f3kna, fotografii, projektowania graficznego, promuj\u0105ca Woln\u0105 sztuk\u0119\/Slow Art.","publisher":{"@id":"https:\/\/wolnasztuka-slowart.pl\/#organization"},"potentialAction":[{"@type":"SearchAction","target":{"@type":"EntryPoint","urlTemplate":"https:\/\/wolnasztuka-slowart.pl\/?s={search_term_string}"},"query-input":{"@type":"PropertyValueSpecification","valueRequired":true,"valueName":"search_term_string"}}],"inLanguage":"pl-PL"},{"@type":"Organization","@id":"https:\/\/wolnasztuka-slowart.pl\/#organization","name":"Wolna sztuka-Slow Art","url":"https:\/\/wolnasztuka-slowart.pl\/","logo":{"@type":"ImageObject","inLanguage":"pl-PL","@id":"https:\/\/wolnasztuka-slowart.pl\/#\/schema\/logo\/image\/","url":"https:\/\/wolnasztuka-slowart.pl\/wp-content\/uploads\/2023\/11\/LOGO.jpg","contentUrl":"https:\/\/wolnasztuka-slowart.pl\/wp-content\/uploads\/2023\/11\/LOGO.jpg","width":352,"height":386,"caption":"Wolna sztuka-Slow Art"},"image":{"@id":"https:\/\/wolnasztuka-slowart.pl\/#\/schema\/logo\/image\/"}}]}},"_links":{"self":[{"href":"https:\/\/wolnasztuka-slowart.pl\/index.php?rest_route=\/wp\/v2\/pages\/350","targetHints":{"allow":["GET"]}}],"collection":[{"href":"https:\/\/wolnasztuka-slowart.pl\/index.php?rest_route=\/wp\/v2\/pages"}],"about":[{"href":"https:\/\/wolnasztuka-slowart.pl\/index.php?rest_route=\/wp\/v2\/types\/page"}],"author":[{"embeddable":true,"href":"https:\/\/wolnasztuka-slowart.pl\/index.php?rest_route=\/wp\/v2\/users\/3"}],"replies":[{"embeddable":true,"href":"https:\/\/wolnasztuka-slowart.pl\/index.php?rest_route=%2Fwp%2Fv2%2Fcomments&post=350"}],"version-history":[{"count":139,"href":"https:\/\/wolnasztuka-slowart.pl\/index.php?rest_route=\/wp\/v2\/pages\/350\/revisions"}],"predecessor-version":[{"id":2376,"href":"https:\/\/wolnasztuka-slowart.pl\/index.php?rest_route=\/wp\/v2\/pages\/350\/revisions\/2376"}],"wp:attachment":[{"href":"https:\/\/wolnasztuka-slowart.pl\/index.php?rest_route=%2Fwp%2Fv2%2Fmedia&parent=350"}],"curies":[{"name":"wp","href":"https:\/\/api.w.org\/{rel}","templated":true}]}}