{"id":346,"date":"2023-11-13T22:19:00","date_gmt":"2023-11-13T21:19:00","guid":{"rendered":"https:\/\/wolnasztuka-slowart.pl\/?page_id=346"},"modified":"2025-11-04T12:34:46","modified_gmt":"2025-11-04T11:34:46","slug":"magdalena-jasklowska-englisz-marek-englisz","status":"publish","type":"page","link":"https:\/\/wolnasztuka-slowart.pl\/","title":{"rendered":"Strona g\u0142\u00f3wna"},"content":{"rendered":"\t\t<div data-elementor-type=\"wp-page\" data-elementor-id=\"346\" class=\"elementor elementor-346\">\n\t\t\t\t<div class=\"elementor-element elementor-element-6844563 e-flex e-con-boxed e-con e-parent\" data-id=\"6844563\" data-element_type=\"container\" data-e-type=\"container\">\n\t\t\t\t\t<div class=\"e-con-inner\">\n\t\t\t\t<div class=\"elementor-element elementor-element-c26e85b elementor-widget elementor-widget-image\" data-id=\"c26e85b\" data-element_type=\"widget\" data-e-type=\"widget\" data-widget_type=\"image.default\">\n\t\t\t\t<div class=\"elementor-widget-container\">\n\t\t\t\t\t\t\t\t\t\t\t\t\t\t\t<img fetchpriority=\"high\" decoding=\"async\" width=\"1200\" height=\"224\" src=\"https:\/\/wolnasztuka-slowart.pl\/wp-content\/uploads\/2023\/11\/Nowa-strona_03.gif\" class=\"attachment-full size-full wp-image-458\" alt=\"\" \/>\t\t\t\t\t\t\t\t\t\t\t\t\t\t\t<\/div>\n\t\t\t\t<\/div>\n\t\t\t\t\t<\/div>\n\t\t\t\t<\/div>\n\t\t<div class=\"elementor-element elementor-element-52689cc e-flex e-con-boxed e-con e-parent\" data-id=\"52689cc\" data-element_type=\"container\" data-e-type=\"container\">\n\t\t\t\t\t<div class=\"e-con-inner\">\n\t\t\t\t<div class=\"elementor-element elementor-element-6890078 elementor-widget__width-initial elementor-position-top elementor-widget elementor-widget-image-box\" data-id=\"6890078\" data-element_type=\"widget\" data-e-type=\"widget\" data-widget_type=\"image-box.default\">\n\t\t\t\t<div class=\"elementor-widget-container\">\n\t\t\t\t\t<div class=\"elementor-image-box-wrapper\"><figure class=\"elementor-image-box-img\"><a href=\"https:\/\/wolnasztuka-slowart.pl\/?p=1819&#038;lang=pl\" target=\"_blank\" tabindex=\"-1\"><img decoding=\"async\" width=\"150\" height=\"87\" src=\"https:\/\/wolnasztuka-slowart.pl\/wp-content\/uploads\/2023\/12\/Slimak_M.jpg\" class=\"attachment-full size-full wp-image-1720\" alt=\"\" \/><\/a><\/figure><div class=\"elementor-image-box-content\"><h3 class=\"elementor-image-box-title\"><a href=\"https:\/\/wolnasztuka-slowart.pl\/?p=1819&#038;lang=pl\" target=\"_blank\">Wolna sztuka - Slow Art<\/a><\/h3><p class=\"elementor-image-box-description\">T\u0119 stron\u0119 przygotowali\u015bmy dla przyjaci\u00f3\u0142 bli\u017cszych i dalszych \u2013 zar\u00f3wno emocjonalnie jaki i przestrzennie. Przyjaci\u00f3\u0142, kt\u00f3rzy wypytuj\u0105 gdzie mo\u017cna zobaczy\u0107 to, czym si\u0119 zajmujemy. Oczywi\u015bcie s\u0105 media \u201espo\u0142eczno\u015bciowe\u201d, umo\u017cliwiaj\u0105ce prezentacj\u0119 swych osi\u0105gni\u0119\u0107. Jednak z przyczyn oczywistych nie jeste\u015bmy uczestnikami tego meta\u015bwiata. Dzi\u015b kiedy nikt ju\u017c nam nie m\u00f3wi, \u017ce trzeba sko\u0144czy\u0107 projekt na wczoraj, lub nie ka\u017ce troch\u0119 go \u201eumai\u0107\u201d, mo\u017cemy sobie pozwoli\u0107 na sztuk\u0119 woln\u0105, wymagaj\u0105c\u0105 namys\u0142u i d\u0142ugotrwa\u0142ego wysi\u0142ku. Sztuk\u0119 Woln\u0105 \u2013 bo robion\u0105 dla siebie. Jest wi\u0119c ona odbiciem nas samych, a nikt nie jest doskona\u0142y. Jednym s\u0142owem \u2013 robimy, bo nie musimy.<\/p><\/div><\/div>\t\t\t\t<\/div>\n\t\t\t\t<\/div>\n\t\t\t\t\t<\/div>\n\t\t\t\t<\/div>\n\t\t<div class=\"elementor-element elementor-element-0c70b6c e-flex e-con-boxed e-con e-parent\" data-id=\"0c70b6c\" data-element_type=\"container\" data-e-type=\"container\">\n\t\t\t\t\t<div class=\"e-con-inner\">\n\t\t\t\t<div class=\"elementor-element elementor-element-47b56be elementor-widget elementor-widget-text-editor\" data-id=\"47b56be\" data-element_type=\"widget\" data-e-type=\"widget\" data-widget_type=\"text-editor.default\">\n\t\t\t\t<div class=\"elementor-widget-container\">\n\t\t\t\t\t\t\t\t\t<p>Zapraszamy do obejrzenia naszych prac w <a href=\"https:\/\/wolnasztuka-slowart.pl\/?page_id=149&amp;lang=pl\" target=\"_blank\" rel=\"noopener\">Galeria Magdalena<\/a> i\u00a0<a href=\"https:\/\/wolnasztuka-slowart.pl\/?page_id=153&amp;lang=pl\" target=\"_blank\" rel=\"noopener\">Galeria Marek<\/a>.<\/p>\t\t\t\t\t\t\t\t<\/div>\n\t\t\t\t<\/div>\n\t\t\t\t\t<\/div>\n\t\t\t\t<\/div>\n\t\t\t\t<\/div>\n\t\t","protected":false},"excerpt":{"rendered":"<p>Wolna sztuka &#8211; Slow Art T\u0119 stron\u0119 przygotowali\u015bmy dla przyjaci\u00f3\u0142 bli\u017cszych i dalszych \u2013 zar\u00f3wno emocjonalnie jaki i przestrzennie. Przyjaci\u00f3\u0142, kt\u00f3rzy wypytuj\u0105 gdzie mo\u017cna zobaczy\u0107 to, czym si\u0119 zajmujemy. Oczywi\u015bcie s\u0105 media \u201espo\u0142eczno\u015bciowe\u201d, umo\u017cliwiaj\u0105ce prezentacj\u0119 swych osi\u0105gni\u0119\u0107. Jednak z przyczyn oczywistych nie jeste\u015bmy uczestnikami tego meta\u015bwiata. Dzi\u015b kiedy nikt ju\u017c nam nie m\u00f3wi, \u017ce trzeba [&hellip;]<\/p>\n","protected":false},"author":3,"featured_media":0,"parent":0,"menu_order":0,"comment_status":"closed","ping_status":"closed","template":"","meta":{"site-sidebar-layout":"no-sidebar","site-content-layout":"","ast-site-content-layout":"default","site-content-style":"default","site-sidebar-style":"default","ast-global-header-display":"","ast-banner-title-visibility":"","ast-main-header-display":"","ast-hfb-above-header-display":"","ast-hfb-below-header-display":"","ast-hfb-mobile-header-display":"","site-post-title":"disabled","ast-breadcrumbs-content":"","ast-featured-img":"disabled","footer-sml-layout":"","ast-disable-related-posts":"","theme-transparent-header-meta":"","adv-header-id-meta":"","stick-header-meta":"","header-above-stick-meta":"","header-main-stick-meta":"","header-below-stick-meta":"","astra-migrate-meta-layouts":"","ast-page-background-enabled":"default","ast-page-background-meta":{"desktop":{"background-color":"var(--ast-global-color-4)","background-image":"","background-repeat":"repeat","background-position":"center center","background-size":"auto","background-attachment":"scroll","background-type":"","background-media":"","overlay-type":"","overlay-color":"","overlay-opacity":"","overlay-gradient":""},"tablet":{"background-color":"","background-image":"","background-repeat":"repeat","background-position":"center center","background-size":"auto","background-attachment":"scroll","background-type":"","background-media":"","overlay-type":"","overlay-color":"","overlay-opacity":"","overlay-gradient":""},"mobile":{"background-color":"","background-image":"","background-repeat":"repeat","background-position":"center center","background-size":"auto","background-attachment":"scroll","background-type":"","background-media":"","overlay-type":"","overlay-color":"","overlay-opacity":"","overlay-gradient":""}},"ast-content-background-meta":{"desktop":{"background-color":"var(--ast-global-color-5)","background-image":"","background-repeat":"repeat","background-position":"center center","background-size":"auto","background-attachment":"scroll","background-type":"","background-media":"","overlay-type":"","overlay-color":"","overlay-opacity":"","overlay-gradient":""},"tablet":{"background-color":"var(--ast-global-color-5)","background-image":"","background-repeat":"repeat","background-position":"center center","background-size":"auto","background-attachment":"scroll","background-type":"","background-media":"","overlay-type":"","overlay-color":"","overlay-opacity":"","overlay-gradient":""},"mobile":{"background-color":"var(--ast-global-color-5)","background-image":"","background-repeat":"repeat","background-position":"center center","background-size":"auto","background-attachment":"scroll","background-type":"","background-media":"","overlay-type":"","overlay-color":"","overlay-opacity":"","overlay-gradient":""}},"_themeisle_gutenberg_block_has_review":false,"footnotes":""},"class_list":["post-346","page","type-page","status-publish","hentry"],"yoast_head":"<!-- This site is optimized with the Yoast SEO plugin v27.4 - https:\/\/yoast.com\/product\/yoast-seo-wordpress\/ -->\n<title>Wolna sztuka-Slow Art<\/title>\n<meta name=\"description\" content=\"Galeria Magdaleny Jask\u0142owskiej-Englisz i Marka Englisza prezentuj\u0105ca prace z zakresu sztuki w\u0142\u00f3kna, fotografii, projektowania graficznego, promuj\u0105ca Slow Art.\" \/>\n<meta name=\"robots\" content=\"index, follow, max-snippet:-1, max-image-preview:large, max-video-preview:-1\" \/>\n<link rel=\"canonical\" href=\"https:\/\/wolnasztuka-slowart.pl\/\" \/>\n<meta property=\"og:locale\" content=\"pl_PL\" \/>\n<meta property=\"og:type\" content=\"article\" \/>\n<meta property=\"og:title\" content=\"Wolna sztuka-Slow Art\" \/>\n<meta property=\"og:description\" content=\"Galeria Magdaleny Jask\u0142owskiej-Englisz i Marka Englisza prezentuj\u0105ca prace z zakresu sztuki w\u0142\u00f3kna, fotografii, projektowania graficznego, promuj\u0105ca Slow Art.\" \/>\n<meta property=\"og:url\" content=\"https:\/\/wolnasztuka-slowart.pl\/\" \/>\n<meta property=\"og:site_name\" content=\"Wolna sztuka-Slow Art\" \/>\n<meta property=\"article:modified_time\" content=\"2025-11-04T11:34:46+00:00\" \/>\n<meta property=\"og:image\" content=\"https:\/\/wolnasztuka-slowart.pl\/wp-content\/uploads\/2023\/11\/Nowa-strona_03.gif\" \/>\n\t<meta property=\"og:image:width\" content=\"1200\" \/>\n\t<meta property=\"og:image:height\" content=\"224\" \/>\n\t<meta property=\"og:image:type\" content=\"image\/gif\" \/>\n<meta name=\"twitter:card\" content=\"summary_large_image\" \/>\n<meta name=\"twitter:label1\" content=\"Szacowany czas czytania\" \/>\n\t<meta name=\"twitter:data1\" content=\"2 minuty\" \/>\n<script type=\"application\/ld+json\" class=\"yoast-schema-graph\">{\"@context\":\"https:\\\/\\\/schema.org\",\"@graph\":[{\"@type\":\"WebPage\",\"@id\":\"https:\\\/\\\/wolnasztuka-slowart.pl\\\/\",\"url\":\"https:\\\/\\\/wolnasztuka-slowart.pl\\\/\",\"name\":\"Wolna sztuka-Slow Art\",\"isPartOf\":{\"@id\":\"https:\\\/\\\/wolnasztuka-slowart.pl\\\/#website\"},\"primaryImageOfPage\":{\"@id\":\"https:\\\/\\\/wolnasztuka-slowart.pl\\\/#primaryimage\"},\"image\":{\"@id\":\"https:\\\/\\\/wolnasztuka-slowart.pl\\\/#primaryimage\"},\"thumbnailUrl\":\"https:\\\/\\\/wolnasztuka-slowart.pl\\\/wp-content\\\/uploads\\\/2023\\\/11\\\/Nowa-strona_03.gif\",\"datePublished\":\"2023-11-13T21:19:00+00:00\",\"dateModified\":\"2025-11-04T11:34:46+00:00\",\"description\":\"Galeria Magdaleny Jask\u0142owskiej-Englisz i Marka Englisza prezentuj\u0105ca prace z zakresu sztuki w\u0142\u00f3kna, fotografii, projektowania graficznego, promuj\u0105ca Slow Art.\",\"breadcrumb\":{\"@id\":\"https:\\\/\\\/wolnasztuka-slowart.pl\\\/#breadcrumb\"},\"inLanguage\":\"pl-PL\",\"potentialAction\":[{\"@type\":\"ReadAction\",\"target\":[\"https:\\\/\\\/wolnasztuka-slowart.pl\\\/\"]}]},{\"@type\":\"ImageObject\",\"inLanguage\":\"pl-PL\",\"@id\":\"https:\\\/\\\/wolnasztuka-slowart.pl\\\/#primaryimage\",\"url\":\"https:\\\/\\\/wolnasztuka-slowart.pl\\\/wp-content\\\/uploads\\\/2023\\\/11\\\/Nowa-strona_03.gif\",\"contentUrl\":\"https:\\\/\\\/wolnasztuka-slowart.pl\\\/wp-content\\\/uploads\\\/2023\\\/11\\\/Nowa-strona_03.gif\",\"width\":1200,\"height\":224},{\"@type\":\"BreadcrumbList\",\"@id\":\"https:\\\/\\\/wolnasztuka-slowart.pl\\\/#breadcrumb\",\"itemListElement\":[{\"@type\":\"ListItem\",\"position\":1,\"name\":\"Strona g\u0142\u00f3wna\",\"item\":\"https:\\\/\\\/wolnasztuka-slowart.pl\\\/?page_id=346&lang=pl\"},{\"@type\":\"ListItem\",\"position\":2,\"name\":\"Strona g\u0142\u00f3wna\"}]},{\"@type\":\"WebSite\",\"@id\":\"https:\\\/\\\/wolnasztuka-slowart.pl\\\/#website\",\"url\":\"https:\\\/\\\/wolnasztuka-slowart.pl\\\/\",\"name\":\"Wolna sztuka-Slow Art\",\"description\":\"Galeria Magdaleny Jask\u0142owskiej-Englisz i Marka Englisza prezentuj\u0105ca prace z zakresu sztuki w\u0142\u00f3kna, fotografii, projektowania graficznego, promuj\u0105ca Woln\u0105 sztuk\u0119\\\/Slow Art.\",\"publisher\":{\"@id\":\"https:\\\/\\\/wolnasztuka-slowart.pl\\\/#organization\"},\"potentialAction\":[{\"@type\":\"SearchAction\",\"target\":{\"@type\":\"EntryPoint\",\"urlTemplate\":\"https:\\\/\\\/wolnasztuka-slowart.pl\\\/?s={search_term_string}\"},\"query-input\":{\"@type\":\"PropertyValueSpecification\",\"valueRequired\":true,\"valueName\":\"search_term_string\"}}],\"inLanguage\":\"pl-PL\"},{\"@type\":\"Organization\",\"@id\":\"https:\\\/\\\/wolnasztuka-slowart.pl\\\/#organization\",\"name\":\"Wolna sztuka-Slow Art\",\"url\":\"https:\\\/\\\/wolnasztuka-slowart.pl\\\/\",\"logo\":{\"@type\":\"ImageObject\",\"inLanguage\":\"pl-PL\",\"@id\":\"https:\\\/\\\/wolnasztuka-slowart.pl\\\/#\\\/schema\\\/logo\\\/image\\\/\",\"url\":\"https:\\\/\\\/wolnasztuka-slowart.pl\\\/wp-content\\\/uploads\\\/2023\\\/11\\\/LOGO.jpg\",\"contentUrl\":\"https:\\\/\\\/wolnasztuka-slowart.pl\\\/wp-content\\\/uploads\\\/2023\\\/11\\\/LOGO.jpg\",\"width\":352,\"height\":386,\"caption\":\"Wolna sztuka-Slow Art\"},\"image\":{\"@id\":\"https:\\\/\\\/wolnasztuka-slowart.pl\\\/#\\\/schema\\\/logo\\\/image\\\/\"}}]}<\/script>\n<!-- \/ Yoast SEO plugin. -->","yoast_head_json":{"title":"Wolna sztuka-Slow Art","description":"Galeria Magdaleny Jask\u0142owskiej-Englisz i Marka Englisza prezentuj\u0105ca prace z zakresu sztuki w\u0142\u00f3kna, fotografii, projektowania graficznego, promuj\u0105ca Slow Art.","robots":{"index":"index","follow":"follow","max-snippet":"max-snippet:-1","max-image-preview":"max-image-preview:large","max-video-preview":"max-video-preview:-1"},"canonical":"https:\/\/wolnasztuka-slowart.pl\/","og_locale":"pl_PL","og_type":"article","og_title":"Wolna sztuka-Slow Art","og_description":"Galeria Magdaleny Jask\u0142owskiej-Englisz i Marka Englisza prezentuj\u0105ca prace z zakresu sztuki w\u0142\u00f3kna, fotografii, projektowania graficznego, promuj\u0105ca Slow Art.","og_url":"https:\/\/wolnasztuka-slowart.pl\/","og_site_name":"Wolna sztuka-Slow Art","article_modified_time":"2025-11-04T11:34:46+00:00","og_image":[{"width":1200,"height":224,"url":"https:\/\/wolnasztuka-slowart.pl\/wp-content\/uploads\/2023\/11\/Nowa-strona_03.gif","type":"image\/gif"}],"twitter_card":"summary_large_image","twitter_misc":{"Szacowany czas czytania":"2 minuty"},"schema":{"@context":"https:\/\/schema.org","@graph":[{"@type":"WebPage","@id":"https:\/\/wolnasztuka-slowart.pl\/","url":"https:\/\/wolnasztuka-slowart.pl\/","name":"Wolna sztuka-Slow Art","isPartOf":{"@id":"https:\/\/wolnasztuka-slowart.pl\/#website"},"primaryImageOfPage":{"@id":"https:\/\/wolnasztuka-slowart.pl\/#primaryimage"},"image":{"@id":"https:\/\/wolnasztuka-slowart.pl\/#primaryimage"},"thumbnailUrl":"https:\/\/wolnasztuka-slowart.pl\/wp-content\/uploads\/2023\/11\/Nowa-strona_03.gif","datePublished":"2023-11-13T21:19:00+00:00","dateModified":"2025-11-04T11:34:46+00:00","description":"Galeria Magdaleny Jask\u0142owskiej-Englisz i Marka Englisza prezentuj\u0105ca prace z zakresu sztuki w\u0142\u00f3kna, fotografii, projektowania graficznego, promuj\u0105ca Slow Art.","breadcrumb":{"@id":"https:\/\/wolnasztuka-slowart.pl\/#breadcrumb"},"inLanguage":"pl-PL","potentialAction":[{"@type":"ReadAction","target":["https:\/\/wolnasztuka-slowart.pl\/"]}]},{"@type":"ImageObject","inLanguage":"pl-PL","@id":"https:\/\/wolnasztuka-slowart.pl\/#primaryimage","url":"https:\/\/wolnasztuka-slowart.pl\/wp-content\/uploads\/2023\/11\/Nowa-strona_03.gif","contentUrl":"https:\/\/wolnasztuka-slowart.pl\/wp-content\/uploads\/2023\/11\/Nowa-strona_03.gif","width":1200,"height":224},{"@type":"BreadcrumbList","@id":"https:\/\/wolnasztuka-slowart.pl\/#breadcrumb","itemListElement":[{"@type":"ListItem","position":1,"name":"Strona g\u0142\u00f3wna","item":"https:\/\/wolnasztuka-slowart.pl\/?page_id=346&lang=pl"},{"@type":"ListItem","position":2,"name":"Strona g\u0142\u00f3wna"}]},{"@type":"WebSite","@id":"https:\/\/wolnasztuka-slowart.pl\/#website","url":"https:\/\/wolnasztuka-slowart.pl\/","name":"Wolna sztuka-Slow Art","description":"Galeria Magdaleny Jask\u0142owskiej-Englisz i Marka Englisza prezentuj\u0105ca prace z zakresu sztuki w\u0142\u00f3kna, fotografii, projektowania graficznego, promuj\u0105ca Woln\u0105 sztuk\u0119\/Slow Art.","publisher":{"@id":"https:\/\/wolnasztuka-slowart.pl\/#organization"},"potentialAction":[{"@type":"SearchAction","target":{"@type":"EntryPoint","urlTemplate":"https:\/\/wolnasztuka-slowart.pl\/?s={search_term_string}"},"query-input":{"@type":"PropertyValueSpecification","valueRequired":true,"valueName":"search_term_string"}}],"inLanguage":"pl-PL"},{"@type":"Organization","@id":"https:\/\/wolnasztuka-slowart.pl\/#organization","name":"Wolna sztuka-Slow Art","url":"https:\/\/wolnasztuka-slowart.pl\/","logo":{"@type":"ImageObject","inLanguage":"pl-PL","@id":"https:\/\/wolnasztuka-slowart.pl\/#\/schema\/logo\/image\/","url":"https:\/\/wolnasztuka-slowart.pl\/wp-content\/uploads\/2023\/11\/LOGO.jpg","contentUrl":"https:\/\/wolnasztuka-slowart.pl\/wp-content\/uploads\/2023\/11\/LOGO.jpg","width":352,"height":386,"caption":"Wolna sztuka-Slow Art"},"image":{"@id":"https:\/\/wolnasztuka-slowart.pl\/#\/schema\/logo\/image\/"}}]}},"_links":{"self":[{"href":"https:\/\/wolnasztuka-slowart.pl\/index.php?rest_route=\/wp\/v2\/pages\/346","targetHints":{"allow":["GET"]}}],"collection":[{"href":"https:\/\/wolnasztuka-slowart.pl\/index.php?rest_route=\/wp\/v2\/pages"}],"about":[{"href":"https:\/\/wolnasztuka-slowart.pl\/index.php?rest_route=\/wp\/v2\/types\/page"}],"author":[{"embeddable":true,"href":"https:\/\/wolnasztuka-slowart.pl\/index.php?rest_route=\/wp\/v2\/users\/3"}],"replies":[{"embeddable":true,"href":"https:\/\/wolnasztuka-slowart.pl\/index.php?rest_route=%2Fwp%2Fv2%2Fcomments&post=346"}],"version-history":[{"count":379,"href":"https:\/\/wolnasztuka-slowart.pl\/index.php?rest_route=\/wp\/v2\/pages\/346\/revisions"}],"predecessor-version":[{"id":3343,"href":"https:\/\/wolnasztuka-slowart.pl\/index.php?rest_route=\/wp\/v2\/pages\/346\/revisions\/3343"}],"wp:attachment":[{"href":"https:\/\/wolnasztuka-slowart.pl\/index.php?rest_route=%2Fwp%2Fv2%2Fmedia&parent=346"}],"curies":[{"name":"wp","href":"https:\/\/api.w.org\/{rel}","templated":true}]}}