{"id":1750,"date":"2023-12-20T16:29:23","date_gmt":"2023-12-20T15:29:23","guid":{"rendered":"https:\/\/wolnasztuka-slowart.pl\/1702730783217\/?page_id=1750"},"modified":"2026-01-23T19:08:45","modified_gmt":"2026-01-23T18:08:45","slug":"home","status":"publish","type":"page","link":"https:\/\/wolnasztuka-slowart.pl\/?page_id=1750&lang=en","title":{"rendered":"Home"},"content":{"rendered":"\t\t<div data-elementor-type=\"wp-page\" data-elementor-id=\"1750\" class=\"elementor elementor-1750\">\n\t\t\t\t<div class=\"elementor-element elementor-element-6844563 e-flex e-con-boxed e-con e-parent\" data-id=\"6844563\" data-element_type=\"container\">\n\t\t\t\t\t<div class=\"e-con-inner\">\n\t\t\t\t<div class=\"elementor-element elementor-element-c26e85b elementor-widget elementor-widget-image\" data-id=\"c26e85b\" data-element_type=\"widget\" data-widget_type=\"image.default\">\n\t\t\t\t<div class=\"elementor-widget-container\">\n\t\t\t\t\t\t\t\t\t\t\t\t\t\t\t<img fetchpriority=\"high\" decoding=\"async\" width=\"1200\" height=\"224\" src=\"https:\/\/wolnasztuka-slowart.pl\/wp-content\/uploads\/2023\/11\/Nowa-strona_03.gif\" class=\"attachment-full size-full wp-image-458\" alt=\"\" \/>\t\t\t\t\t\t\t\t\t\t\t\t\t\t\t<\/div>\n\t\t\t\t<\/div>\n\t\t\t\t\t<\/div>\n\t\t\t\t<\/div>\n\t\t<div class=\"elementor-element elementor-element-52689cc e-flex e-con-boxed e-con e-parent\" data-id=\"52689cc\" data-element_type=\"container\">\n\t\t\t\t\t<div class=\"e-con-inner\">\n\t\t\t\t<div class=\"elementor-element elementor-element-6890078 elementor-widget__width-initial elementor-position-top elementor-widget elementor-widget-image-box\" data-id=\"6890078\" data-element_type=\"widget\" data-widget_type=\"image-box.default\">\n\t\t\t\t<div class=\"elementor-widget-container\">\n\t\t\t\t\t<div class=\"elementor-image-box-wrapper\"><figure class=\"elementor-image-box-img\"><img decoding=\"async\" width=\"150\" height=\"87\" src=\"https:\/\/wolnasztuka-slowart.pl\/wp-content\/uploads\/2023\/12\/Slimak_M.jpg\" class=\"attachment-full size-full wp-image-1720\" alt=\"\" \/><\/figure><div class=\"elementor-image-box-content\"><h3 class=\"elementor-image-box-title\">Free Art - Slow Art<\/h3><p class=\"elementor-image-box-description\">We have prepared this page for friends closer and farther - both emotionally and spatially. Friends who ask where you can see what we do. Of course, there are \"social\" media, which allow you to present your achievements. However, for obvious reasons, we are not participants in this meta-world. Today, when no one is telling us that we need to finish a project yesterday, or telling us to \"embellish a bit\", we can indulge in <b>slow art<\/b>, requiring thought and prolonged effort. <b>Free art <\/b>- because it is made for ourselves. Thus, it is a reflection of ourselves, and no one is perfect. <br>In a word - we do because we don't have to.<\/p><\/div><\/div>\t\t\t\t<\/div>\n\t\t\t\t<\/div>\n\t\t\t\t\t<\/div>\n\t\t\t\t<\/div>\n\t\t<div class=\"elementor-element elementor-element-ee4e68f e-flex e-con-boxed e-con e-parent\" data-id=\"ee4e68f\" data-element_type=\"container\">\n\t\t\t\t\t<div class=\"e-con-inner\">\n\t\t\t\t<div class=\"elementor-element elementor-element-f9e4281 elementor-widget elementor-widget-text-editor\" data-id=\"f9e4281\" data-element_type=\"widget\" data-widget_type=\"text-editor.default\">\n\t\t\t\t<div class=\"elementor-widget-container\">\n\t\t\t\t\t\t\t\t\t<p>We invite you to view our works:\u00a0<a href=\"https:\/\/wolnasztuka-slowart.pl\/?page_id=1496&amp;lang=en\" target=\"_blank\" rel=\"noopener\">Textile Art<\/a> and\u00a0<a href=\"https:\/\/wolnasztuka-slowart.pl\/?page_id=1615&amp;lang=en\" target=\"_blank\" rel=\"noopener\">Marek Gallery<\/a><\/p>\t\t\t\t\t\t\t\t<\/div>\n\t\t\t\t<\/div>\n\t\t\t\t\t<\/div>\n\t\t\t\t<\/div>\n\t\t\t\t<\/div>\n\t\t","protected":false},"excerpt":{"rendered":"<p>Free Art &#8211; Slow Art We have prepared this page for friends closer and farther &#8211; both emotionally and spatially. Friends who ask where you can see what we do. Of course, there are &#8222;social&#8221; media, which allow you to present your achievements. However, for obvious reasons, we are not participants in this meta-world. Today, [&hellip;]<\/p>\n","protected":false},"author":1,"featured_media":0,"parent":0,"menu_order":0,"comment_status":"closed","ping_status":"closed","template":"","meta":{"site-sidebar-layout":"no-sidebar","site-content-layout":"","ast-site-content-layout":"full-width-container","site-content-style":"default","site-sidebar-style":"default","ast-global-header-display":"","ast-banner-title-visibility":"","ast-main-header-display":"","ast-hfb-above-header-display":"","ast-hfb-below-header-display":"","ast-hfb-mobile-header-display":"","site-post-title":"disabled","ast-breadcrumbs-content":"","ast-featured-img":"disabled","footer-sml-layout":"","ast-disable-related-posts":"","theme-transparent-header-meta":"","adv-header-id-meta":"","stick-header-meta":"","header-above-stick-meta":"","header-main-stick-meta":"","header-below-stick-meta":"","astra-migrate-meta-layouts":"","ast-page-background-enabled":"default","ast-page-background-meta":{"desktop":{"background-color":"var(--ast-global-color-4)","background-image":"","background-repeat":"repeat","background-position":"center center","background-size":"auto","background-attachment":"scroll","background-type":"","background-media":"","overlay-type":"","overlay-color":"","overlay-opacity":"","overlay-gradient":""},"tablet":{"background-color":"","background-image":"","background-repeat":"repeat","background-position":"center center","background-size":"auto","background-attachment":"scroll","background-type":"","background-media":"","overlay-type":"","overlay-color":"","overlay-opacity":"","overlay-gradient":""},"mobile":{"background-color":"","background-image":"","background-repeat":"repeat","background-position":"center center","background-size":"auto","background-attachment":"scroll","background-type":"","background-media":"","overlay-type":"","overlay-color":"","overlay-opacity":"","overlay-gradient":""}},"ast-content-background-meta":{"desktop":{"background-color":"var(--ast-global-color-5)","background-image":"","background-repeat":"repeat","background-position":"center center","background-size":"auto","background-attachment":"scroll","background-type":"","background-media":"","overlay-type":"","overlay-color":"","overlay-opacity":"","overlay-gradient":""},"tablet":{"background-color":"var(--ast-global-color-5)","background-image":"","background-repeat":"repeat","background-position":"center center","background-size":"auto","background-attachment":"scroll","background-type":"","background-media":"","overlay-type":"","overlay-color":"","overlay-opacity":"","overlay-gradient":""},"mobile":{"background-color":"var(--ast-global-color-5)","background-image":"","background-repeat":"repeat","background-position":"center center","background-size":"auto","background-attachment":"scroll","background-type":"","background-media":"","overlay-type":"","overlay-color":"","overlay-opacity":"","overlay-gradient":""}},"_themeisle_gutenberg_block_has_review":false,"footnotes":""},"class_list":["post-1750","page","type-page","status-publish","hentry"],"yoast_head":"<!-- This site is optimized with the Yoast SEO plugin v27.4 - https:\/\/yoast.com\/product\/yoast-seo-wordpress\/ -->\n<title>Wolna sztuka-Slow Art<\/title>\n<meta name=\"description\" content=\"Magdalena Jasklowska-Englisz and Mark Englisz present works in the field of fiber art, photography, graphic design, promoting Slow Art.\" \/>\n<meta name=\"robots\" content=\"index, follow, max-snippet:-1, max-image-preview:large, max-video-preview:-1\" \/>\n<link rel=\"canonical\" href=\"https:\/\/wolnasztuka-slowart.pl\/?page_id=1750&lang=en\" \/>\n<meta property=\"og:locale\" content=\"pl_PL\" \/>\n<meta property=\"og:type\" content=\"article\" \/>\n<meta property=\"og:title\" content=\"Wolna sztuka-Slow Art\" \/>\n<meta property=\"og:description\" content=\"Magdalena Jasklowska-Englisz and Mark Englisz present works in the field of fiber art, photography, graphic design, promoting Slow Art.\" \/>\n<meta property=\"og:url\" content=\"https:\/\/wolnasztuka-slowart.pl\/?page_id=1750&amp;lang=en\" \/>\n<meta property=\"og:site_name\" content=\"Wolna sztuka-Slow Art\" \/>\n<meta property=\"article:modified_time\" content=\"2026-01-23T18:08:45+00:00\" \/>\n<meta property=\"og:image\" content=\"https:\/\/wolnasztuka-slowart.pl\/wp-content\/uploads\/2023\/11\/Nowa-strona_03.gif\" \/>\n\t<meta property=\"og:image:width\" content=\"1200\" \/>\n\t<meta property=\"og:image:height\" content=\"224\" \/>\n\t<meta property=\"og:image:type\" content=\"image\/gif\" \/>\n<meta name=\"twitter:card\" content=\"summary_large_image\" \/>\n<meta name=\"twitter:label1\" content=\"Szacowany czas czytania\" \/>\n\t<meta name=\"twitter:data1\" content=\"2 minuty\" \/>\n<script type=\"application\/ld+json\" class=\"yoast-schema-graph\">{\"@context\":\"https:\\\/\\\/schema.org\",\"@graph\":[{\"@type\":\"WebPage\",\"@id\":\"https:\\\/\\\/wolnasztuka-slowart.pl\\\/?page_id=1750&lang=en\",\"url\":\"https:\\\/\\\/wolnasztuka-slowart.pl\\\/?page_id=1750&lang=en\",\"name\":\"Wolna sztuka-Slow Art\",\"isPartOf\":{\"@id\":\"https:\\\/\\\/wolnasztuka-slowart.pl\\\/#website\"},\"primaryImageOfPage\":{\"@id\":\"https:\\\/\\\/wolnasztuka-slowart.pl\\\/?page_id=1750&lang=en#primaryimage\"},\"image\":{\"@id\":\"https:\\\/\\\/wolnasztuka-slowart.pl\\\/?page_id=1750&lang=en#primaryimage\"},\"thumbnailUrl\":\"https:\\\/\\\/wolnasztuka-slowart.pl\\\/wp-content\\\/uploads\\\/2023\\\/11\\\/Nowa-strona_03.gif\",\"datePublished\":\"2023-12-20T15:29:23+00:00\",\"dateModified\":\"2026-01-23T18:08:45+00:00\",\"description\":\"Magdalena Jasklowska-Englisz and Mark Englisz present works in the field of fiber art, photography, graphic design, promoting Slow Art.\",\"breadcrumb\":{\"@id\":\"https:\\\/\\\/wolnasztuka-slowart.pl\\\/?page_id=1750&lang=en#breadcrumb\"},\"inLanguage\":\"pl-PL\",\"potentialAction\":[{\"@type\":\"ReadAction\",\"target\":[\"https:\\\/\\\/wolnasztuka-slowart.pl\\\/?page_id=1750&lang=en\"]}]},{\"@type\":\"ImageObject\",\"inLanguage\":\"pl-PL\",\"@id\":\"https:\\\/\\\/wolnasztuka-slowart.pl\\\/?page_id=1750&lang=en#primaryimage\",\"url\":\"https:\\\/\\\/wolnasztuka-slowart.pl\\\/wp-content\\\/uploads\\\/2023\\\/11\\\/Nowa-strona_03.gif\",\"contentUrl\":\"https:\\\/\\\/wolnasztuka-slowart.pl\\\/wp-content\\\/uploads\\\/2023\\\/11\\\/Nowa-strona_03.gif\",\"width\":1200,\"height\":224},{\"@type\":\"BreadcrumbList\",\"@id\":\"https:\\\/\\\/wolnasztuka-slowart.pl\\\/?page_id=1750&lang=en#breadcrumb\",\"itemListElement\":[{\"@type\":\"ListItem\",\"position\":1,\"name\":\"Strona g\u0142\u00f3wna\",\"item\":\"https:\\\/\\\/wolnasztuka-slowart.pl\\\/?page_id=346&lang=pl\"},{\"@type\":\"ListItem\",\"position\":2,\"name\":\"Home\"}]},{\"@type\":\"WebSite\",\"@id\":\"https:\\\/\\\/wolnasztuka-slowart.pl\\\/#website\",\"url\":\"https:\\\/\\\/wolnasztuka-slowart.pl\\\/\",\"name\":\"Wolna sztuka-Slow Art\",\"description\":\"Galeria Magdaleny Jask\u0142owskiej-Englisz i Marka Englisza prezentuj\u0105ca prace z zakresu sztuki w\u0142\u00f3kna, fotografii, projektowania graficznego, promuj\u0105ca Woln\u0105 sztuk\u0119\\\/Slow Art.\",\"publisher\":{\"@id\":\"https:\\\/\\\/wolnasztuka-slowart.pl\\\/#organization\"},\"potentialAction\":[{\"@type\":\"SearchAction\",\"target\":{\"@type\":\"EntryPoint\",\"urlTemplate\":\"https:\\\/\\\/wolnasztuka-slowart.pl\\\/?s={search_term_string}\"},\"query-input\":{\"@type\":\"PropertyValueSpecification\",\"valueRequired\":true,\"valueName\":\"search_term_string\"}}],\"inLanguage\":\"pl-PL\"},{\"@type\":\"Organization\",\"@id\":\"https:\\\/\\\/wolnasztuka-slowart.pl\\\/#organization\",\"name\":\"Wolna sztuka-Slow Art\",\"url\":\"https:\\\/\\\/wolnasztuka-slowart.pl\\\/\",\"logo\":{\"@type\":\"ImageObject\",\"inLanguage\":\"pl-PL\",\"@id\":\"https:\\\/\\\/wolnasztuka-slowart.pl\\\/#\\\/schema\\\/logo\\\/image\\\/\",\"url\":\"https:\\\/\\\/wolnasztuka-slowart.pl\\\/wp-content\\\/uploads\\\/2023\\\/11\\\/LOGO.jpg\",\"contentUrl\":\"https:\\\/\\\/wolnasztuka-slowart.pl\\\/wp-content\\\/uploads\\\/2023\\\/11\\\/LOGO.jpg\",\"width\":352,\"height\":386,\"caption\":\"Wolna sztuka-Slow Art\"},\"image\":{\"@id\":\"https:\\\/\\\/wolnasztuka-slowart.pl\\\/#\\\/schema\\\/logo\\\/image\\\/\"}}]}<\/script>\n<!-- \/ Yoast SEO plugin. -->","yoast_head_json":{"title":"Wolna sztuka-Slow Art","description":"Magdalena Jasklowska-Englisz and Mark Englisz present works in the field of fiber art, photography, graphic design, promoting Slow Art.","robots":{"index":"index","follow":"follow","max-snippet":"max-snippet:-1","max-image-preview":"max-image-preview:large","max-video-preview":"max-video-preview:-1"},"canonical":"https:\/\/wolnasztuka-slowart.pl\/?page_id=1750&lang=en","og_locale":"pl_PL","og_type":"article","og_title":"Wolna sztuka-Slow Art","og_description":"Magdalena Jasklowska-Englisz and Mark Englisz present works in the field of fiber art, photography, graphic design, promoting Slow Art.","og_url":"https:\/\/wolnasztuka-slowart.pl\/?page_id=1750&lang=en","og_site_name":"Wolna sztuka-Slow Art","article_modified_time":"2026-01-23T18:08:45+00:00","og_image":[{"width":1200,"height":224,"url":"https:\/\/wolnasztuka-slowart.pl\/wp-content\/uploads\/2023\/11\/Nowa-strona_03.gif","type":"image\/gif"}],"twitter_card":"summary_large_image","twitter_misc":{"Szacowany czas czytania":"2 minuty"},"schema":{"@context":"https:\/\/schema.org","@graph":[{"@type":"WebPage","@id":"https:\/\/wolnasztuka-slowart.pl\/?page_id=1750&lang=en","url":"https:\/\/wolnasztuka-slowart.pl\/?page_id=1750&lang=en","name":"Wolna sztuka-Slow Art","isPartOf":{"@id":"https:\/\/wolnasztuka-slowart.pl\/#website"},"primaryImageOfPage":{"@id":"https:\/\/wolnasztuka-slowart.pl\/?page_id=1750&lang=en#primaryimage"},"image":{"@id":"https:\/\/wolnasztuka-slowart.pl\/?page_id=1750&lang=en#primaryimage"},"thumbnailUrl":"https:\/\/wolnasztuka-slowart.pl\/wp-content\/uploads\/2023\/11\/Nowa-strona_03.gif","datePublished":"2023-12-20T15:29:23+00:00","dateModified":"2026-01-23T18:08:45+00:00","description":"Magdalena Jasklowska-Englisz and Mark Englisz present works in the field of fiber art, photography, graphic design, promoting Slow Art.","breadcrumb":{"@id":"https:\/\/wolnasztuka-slowart.pl\/?page_id=1750&lang=en#breadcrumb"},"inLanguage":"pl-PL","potentialAction":[{"@type":"ReadAction","target":["https:\/\/wolnasztuka-slowart.pl\/?page_id=1750&lang=en"]}]},{"@type":"ImageObject","inLanguage":"pl-PL","@id":"https:\/\/wolnasztuka-slowart.pl\/?page_id=1750&lang=en#primaryimage","url":"https:\/\/wolnasztuka-slowart.pl\/wp-content\/uploads\/2023\/11\/Nowa-strona_03.gif","contentUrl":"https:\/\/wolnasztuka-slowart.pl\/wp-content\/uploads\/2023\/11\/Nowa-strona_03.gif","width":1200,"height":224},{"@type":"BreadcrumbList","@id":"https:\/\/wolnasztuka-slowart.pl\/?page_id=1750&lang=en#breadcrumb","itemListElement":[{"@type":"ListItem","position":1,"name":"Strona g\u0142\u00f3wna","item":"https:\/\/wolnasztuka-slowart.pl\/?page_id=346&lang=pl"},{"@type":"ListItem","position":2,"name":"Home"}]},{"@type":"WebSite","@id":"https:\/\/wolnasztuka-slowart.pl\/#website","url":"https:\/\/wolnasztuka-slowart.pl\/","name":"Wolna sztuka-Slow Art","description":"Galeria Magdaleny Jask\u0142owskiej-Englisz i Marka Englisza prezentuj\u0105ca prace z zakresu sztuki w\u0142\u00f3kna, fotografii, projektowania graficznego, promuj\u0105ca Woln\u0105 sztuk\u0119\/Slow Art.","publisher":{"@id":"https:\/\/wolnasztuka-slowart.pl\/#organization"},"potentialAction":[{"@type":"SearchAction","target":{"@type":"EntryPoint","urlTemplate":"https:\/\/wolnasztuka-slowart.pl\/?s={search_term_string}"},"query-input":{"@type":"PropertyValueSpecification","valueRequired":true,"valueName":"search_term_string"}}],"inLanguage":"pl-PL"},{"@type":"Organization","@id":"https:\/\/wolnasztuka-slowart.pl\/#organization","name":"Wolna sztuka-Slow Art","url":"https:\/\/wolnasztuka-slowart.pl\/","logo":{"@type":"ImageObject","inLanguage":"pl-PL","@id":"https:\/\/wolnasztuka-slowart.pl\/#\/schema\/logo\/image\/","url":"https:\/\/wolnasztuka-slowart.pl\/wp-content\/uploads\/2023\/11\/LOGO.jpg","contentUrl":"https:\/\/wolnasztuka-slowart.pl\/wp-content\/uploads\/2023\/11\/LOGO.jpg","width":352,"height":386,"caption":"Wolna sztuka-Slow Art"},"image":{"@id":"https:\/\/wolnasztuka-slowart.pl\/#\/schema\/logo\/image\/"}}]}},"_links":{"self":[{"href":"https:\/\/wolnasztuka-slowart.pl\/index.php?rest_route=\/wp\/v2\/pages\/1750","targetHints":{"allow":["GET"]}}],"collection":[{"href":"https:\/\/wolnasztuka-slowart.pl\/index.php?rest_route=\/wp\/v2\/pages"}],"about":[{"href":"https:\/\/wolnasztuka-slowart.pl\/index.php?rest_route=\/wp\/v2\/types\/page"}],"author":[{"embeddable":true,"href":"https:\/\/wolnasztuka-slowart.pl\/index.php?rest_route=\/wp\/v2\/users\/1"}],"replies":[{"embeddable":true,"href":"https:\/\/wolnasztuka-slowart.pl\/index.php?rest_route=%2Fwp%2Fv2%2Fcomments&post=1750"}],"version-history":[{"count":80,"href":"https:\/\/wolnasztuka-slowart.pl\/index.php?rest_route=\/wp\/v2\/pages\/1750\/revisions"}],"predecessor-version":[{"id":3362,"href":"https:\/\/wolnasztuka-slowart.pl\/index.php?rest_route=\/wp\/v2\/pages\/1750\/revisions\/3362"}],"wp:attachment":[{"href":"https:\/\/wolnasztuka-slowart.pl\/index.php?rest_route=%2Fwp%2Fv2%2Fmedia&parent=1750"}],"curies":[{"name":"wp","href":"https:\/\/api.w.org\/{rel}","templated":true}]}}