{"id":1689,"date":"2023-12-19T19:15:37","date_gmt":"2023-12-19T18:15:37","guid":{"rendered":"https:\/\/wolnasztuka-slowart.pl\/1702730783217\/?page_id=1689"},"modified":"2024-01-29T09:41:29","modified_gmt":"2024-01-29T08:41:29","slug":"transience","status":"publish","type":"page","link":"https:\/\/wolnasztuka-slowart.pl\/?page_id=1689&lang=en","title":{"rendered":"Transience"},"content":{"rendered":"\t\t<div data-elementor-type=\"wp-page\" data-elementor-id=\"1689\" class=\"elementor elementor-1689\">\n\t\t\t\t<div class=\"elementor-element elementor-element-d3b2af9 e-flex e-con-boxed e-con e-parent\" data-id=\"d3b2af9\" data-element_type=\"container\" data-e-type=\"container\">\n\t\t\t\t\t<div class=\"e-con-inner\">\n\t\t\t\t<div class=\"elementor-element elementor-element-9fceb01 elementor-widget elementor-widget-heading\" data-id=\"9fceb01\" data-element_type=\"widget\" data-e-type=\"widget\" data-widget_type=\"heading.default\">\n\t\t\t\t<div class=\"elementor-widget-container\">\n\t\t\t\t\t<h2 class=\"elementor-heading-title elementor-size-default\">Transience\n<\/h2>\t\t\t\t<\/div>\n\t\t\t\t<\/div>\n\t\t\t\t\t<\/div>\n\t\t\t\t<\/div>\n\t\t<div class=\"elementor-element elementor-element-ff6f78d e-flex e-con-boxed e-con e-parent\" data-id=\"ff6f78d\" data-element_type=\"container\" data-e-type=\"container\">\n\t\t\t\t\t<div class=\"e-con-inner\">\n\t\t\t\t<div class=\"elementor-element elementor-element-28adfab elementor-widget__width-initial elementor-widget elementor-widget-heading\" data-id=\"28adfab\" data-element_type=\"widget\" data-e-type=\"widget\" data-widget_type=\"heading.default\">\n\t\t\t\t<div class=\"elementor-widget-container\">\n\t\t\t\t\t<h3 class=\"elementor-heading-title elementor-size-large\">Second exhibition of artistic textiles from the series \"Textile in the Museum\" June 4-30, 2023<\/h3>\t\t\t\t<\/div>\n\t\t\t\t<\/div>\n\t\t\t\t\t<\/div>\n\t\t\t\t<\/div>\n\t\t<div class=\"elementor-element elementor-element-e5d81fe e-flex e-con-boxed e-con e-parent\" data-id=\"e5d81fe\" data-element_type=\"container\" data-e-type=\"container\">\n\t\t\t\t\t<div class=\"e-con-inner\">\n\t\t\t\t<div class=\"elementor-element elementor-element-df1d7b6 elementor-widget elementor-widget-image\" data-id=\"df1d7b6\" data-element_type=\"widget\" data-e-type=\"widget\" data-widget_type=\"image.default\">\n\t\t\t\t<div class=\"elementor-widget-container\">\n\t\t\t\t\t\t\t\t\t\t\t\t<figure class=\"wp-caption\">\n\t\t\t\t\t\t\t\t\t\t<img fetchpriority=\"high\" decoding=\"async\" width=\"718\" height=\"800\" src=\"https:\/\/wolnasztuka-slowart.pl\/wp-content\/uploads\/2023\/12\/351188407_941832967051757_4106891089258547563_n-718x800-1.jpg\" class=\"attachment-large size-large wp-image-1333\" alt=\"\" srcset=\"https:\/\/wolnasztuka-slowart.pl\/wp-content\/uploads\/2023\/12\/351188407_941832967051757_4106891089258547563_n-718x800-1.jpg 718w, https:\/\/wolnasztuka-slowart.pl\/wp-content\/uploads\/2023\/12\/351188407_941832967051757_4106891089258547563_n-718x800-1-269x300.jpg 269w\" sizes=\"(max-width: 718px) 100vw, 718px\" \/>\t\t\t\t\t\t\t\t\t\t\t<figcaption class=\"widget-image-caption wp-caption-text\">Artists participating in the exhibition \"Transience\" photo B.Kuzio-Bilska<\/figcaption>\n\t\t\t\t\t\t\t\t\t\t<\/figure>\n\t\t\t\t\t\t\t\t\t<\/div>\n\t\t\t\t<\/div>\n\t\t\t\t\t<\/div>\n\t\t\t\t<\/div>\n\t\t<div class=\"elementor-element elementor-element-05f1d09 e-flex e-con-boxed e-con e-parent\" data-id=\"05f1d09\" data-element_type=\"container\" data-e-type=\"container\">\n\t\t\t\t\t<div class=\"e-con-inner\">\n\t\t\t\t<div class=\"elementor-element elementor-element-ec80ece elementor-widget elementor-widget-text-editor\" data-id=\"ec80ece\" data-element_type=\"widget\" data-e-type=\"widget\" data-widget_type=\"text-editor.default\">\n\t\t\t\t<div class=\"elementor-widget-container\">\n\t\t\t\t\t\t\t\t\t<p>Exhibition motto: &#8222;Weaving is like life &#8211; you can&#8217;t change what you did yesterday, but you can modify what you do today.&#8221; &#8211; Archie Brennan<\/p>\n<p>We invited female artists, most of whom are affiliated with the Textile Section of the Warsaw District of the Union of Polish Artists, to share their thoughts on the subject of TRANSIENCE, to which the elements that make up our lives are subject: people, emotions, relationships or natural phenomena.<br>All these aspects appeared in the presented works, made with a variety of techniques: from the traditional tapestry technique and its derivatives, through collage, knitting, painting on silk to printing on fabric.<br>Creativity is one of the few forms of defying transience. If we can still create &#8211; we have not passed away in our own eyes. If we exhibit, perform or publish &#8211; we will not pass away in the eyes of others.<br><\/p>\n<p>Artists participating in the exhibition: Krystyna Arska-Perep\u0142y\u015b, Krystyna Jatkiewicz, Maria Je\u0142owicka, Magdalena Jask\u0142owska-Englisz, Ewa Kami\u0144ska, Bo\u017cena Kuzio-Bilska, Joanna Lohn-Zaj\u0105c, Katarzyna Lis-Lachowicz, Ewa \u0141ukiewska, Joanna Pasynkiewicz, Katarzyna Szyma\u0144ska, Jolanta Wdowczyk.<\/p>\n<p>Patronage: Warsaw District of the Association of Polish Artists.&nbsp;<br><\/p>\t\t\t\t\t\t\t\t<\/div>\n\t\t\t\t<\/div>\n\t\t\t\t\t<\/div>\n\t\t\t\t<\/div>\n\t\t\t\t<\/div>\n\t\t","protected":false},"excerpt":{"rendered":"<p>Transience Second exhibition of artistic textiles from the series &#8222;Textile in the Museum&#8221; June 4-30, 2023 Artists participating in the exhibition &#8222;Transience&#8221; photo B.Kuzio-Bilska Exhibition motto: &#8222;Weaving is like life &#8211; you can&#8217;t change what you did yesterday, but you can modify what you do today.&#8221; &#8211; Archie Brennan We invited female artists, most of [&hellip;]<\/p>\n","protected":false},"author":1,"featured_media":0,"parent":0,"menu_order":0,"comment_status":"closed","ping_status":"closed","template":"","meta":{"site-sidebar-layout":"no-sidebar","site-content-layout":"","ast-site-content-layout":"full-width-container","site-content-style":"default","site-sidebar-style":"default","ast-global-header-display":"","ast-banner-title-visibility":"","ast-main-header-display":"","ast-hfb-above-header-display":"","ast-hfb-below-header-display":"","ast-hfb-mobile-header-display":"","site-post-title":"disabled","ast-breadcrumbs-content":"","ast-featured-img":"disabled","footer-sml-layout":"","ast-disable-related-posts":"","theme-transparent-header-meta":"","adv-header-id-meta":"","stick-header-meta":"","header-above-stick-meta":"","header-main-stick-meta":"","header-below-stick-meta":"","astra-migrate-meta-layouts":"default","ast-page-background-enabled":"default","ast-page-background-meta":{"desktop":{"background-color":"var(--ast-global-color-4)","background-image":"","background-repeat":"repeat","background-position":"center center","background-size":"auto","background-attachment":"scroll","background-type":"","background-media":"","overlay-type":"","overlay-color":"","overlay-opacity":"","overlay-gradient":""},"tablet":{"background-color":"","background-image":"","background-repeat":"repeat","background-position":"center center","background-size":"auto","background-attachment":"scroll","background-type":"","background-media":"","overlay-type":"","overlay-color":"","overlay-opacity":"","overlay-gradient":""},"mobile":{"background-color":"","background-image":"","background-repeat":"repeat","background-position":"center center","background-size":"auto","background-attachment":"scroll","background-type":"","background-media":"","overlay-type":"","overlay-color":"","overlay-opacity":"","overlay-gradient":""}},"ast-content-background-meta":{"desktop":{"background-color":"var(--ast-global-color-5)","background-image":"","background-repeat":"repeat","background-position":"center center","background-size":"auto","background-attachment":"scroll","background-type":"","background-media":"","overlay-type":"","overlay-color":"","overlay-opacity":"","overlay-gradient":""},"tablet":{"background-color":"var(--ast-global-color-5)","background-image":"","background-repeat":"repeat","background-position":"center center","background-size":"auto","background-attachment":"scroll","background-type":"","background-media":"","overlay-type":"","overlay-color":"","overlay-opacity":"","overlay-gradient":""},"mobile":{"background-color":"var(--ast-global-color-5)","background-image":"","background-repeat":"repeat","background-position":"center center","background-size":"auto","background-attachment":"scroll","background-type":"","background-media":"","overlay-type":"","overlay-color":"","overlay-opacity":"","overlay-gradient":""}},"_themeisle_gutenberg_block_has_review":false,"footnotes":""},"class_list":["post-1689","page","type-page","status-publish","hentry"],"yoast_head":"<!-- This site is optimized with the Yoast SEO plugin v27.4 - https:\/\/yoast.com\/product\/yoast-seo-wordpress\/ -->\n<title>Transience - Wolna sztuka-Slow Art<\/title>\n<meta name=\"description\" content=\"Exhibition of artistic textiles at the A. and J. Iwaszkiewicz Museum in Stawisko, May-June 2023. The theme of the exhibition was transience.\" \/>\n<meta name=\"robots\" content=\"index, follow, max-snippet:-1, max-image-preview:large, max-video-preview:-1\" \/>\n<link rel=\"canonical\" href=\"https:\/\/wolnasztuka-slowart.pl\/?page_id=1689&lang=en\" \/>\n<meta property=\"og:locale\" content=\"pl_PL\" \/>\n<meta property=\"og:type\" content=\"article\" \/>\n<meta property=\"og:title\" content=\"Transience - Wolna sztuka-Slow Art\" \/>\n<meta property=\"og:description\" content=\"Exhibition of artistic textiles at the A. and J. Iwaszkiewicz Museum in Stawisko, May-June 2023. The theme of the exhibition was transience.\" \/>\n<meta property=\"og:url\" content=\"https:\/\/wolnasztuka-slowart.pl\/?page_id=1689&amp;lang=en\" \/>\n<meta property=\"og:site_name\" content=\"Wolna sztuka-Slow Art\" \/>\n<meta property=\"article:modified_time\" content=\"2024-01-29T08:41:29+00:00\" \/>\n<meta property=\"og:image\" content=\"https:\/\/wolnasztuka-slowart.pl\/wp-content\/uploads\/2023\/12\/351188407_941832967051757_4106891089258547563_n-718x800-1.jpg\" \/>\n<meta name=\"twitter:card\" content=\"summary_large_image\" \/>\n<meta name=\"twitter:label1\" content=\"Szacowany czas czytania\" \/>\n\t<meta name=\"twitter:data1\" content=\"2 minuty\" \/>\n<script type=\"application\/ld+json\" class=\"yoast-schema-graph\">{\"@context\":\"https:\\\/\\\/schema.org\",\"@graph\":[{\"@type\":\"WebPage\",\"@id\":\"https:\\\/\\\/wolnasztuka-slowart.pl\\\/?page_id=1689&lang=en\",\"url\":\"https:\\\/\\\/wolnasztuka-slowart.pl\\\/?page_id=1689&lang=en\",\"name\":\"Transience - Wolna sztuka-Slow Art\",\"isPartOf\":{\"@id\":\"https:\\\/\\\/wolnasztuka-slowart.pl\\\/#website\"},\"primaryImageOfPage\":{\"@id\":\"https:\\\/\\\/wolnasztuka-slowart.pl\\\/?page_id=1689&lang=en#primaryimage\"},\"image\":{\"@id\":\"https:\\\/\\\/wolnasztuka-slowart.pl\\\/?page_id=1689&lang=en#primaryimage\"},\"thumbnailUrl\":\"https:\\\/\\\/wolnasztuka-slowart.pl\\\/wp-content\\\/uploads\\\/2023\\\/12\\\/351188407_941832967051757_4106891089258547563_n-718x800-1.jpg\",\"datePublished\":\"2023-12-19T18:15:37+00:00\",\"dateModified\":\"2024-01-29T08:41:29+00:00\",\"description\":\"Exhibition of artistic textiles at the A. and J. Iwaszkiewicz Museum in Stawisko, May-June 2023. The theme of the exhibition was transience.\",\"breadcrumb\":{\"@id\":\"https:\\\/\\\/wolnasztuka-slowart.pl\\\/?page_id=1689&lang=en#breadcrumb\"},\"inLanguage\":\"pl-PL\",\"potentialAction\":[{\"@type\":\"ReadAction\",\"target\":[\"https:\\\/\\\/wolnasztuka-slowart.pl\\\/?page_id=1689&lang=en\"]}]},{\"@type\":\"ImageObject\",\"inLanguage\":\"pl-PL\",\"@id\":\"https:\\\/\\\/wolnasztuka-slowart.pl\\\/?page_id=1689&lang=en#primaryimage\",\"url\":\"https:\\\/\\\/wolnasztuka-slowart.pl\\\/wp-content\\\/uploads\\\/2023\\\/12\\\/351188407_941832967051757_4106891089258547563_n-718x800-1.jpg\",\"contentUrl\":\"https:\\\/\\\/wolnasztuka-slowart.pl\\\/wp-content\\\/uploads\\\/2023\\\/12\\\/351188407_941832967051757_4106891089258547563_n-718x800-1.jpg\",\"width\":718,\"height\":800},{\"@type\":\"BreadcrumbList\",\"@id\":\"https:\\\/\\\/wolnasztuka-slowart.pl\\\/?page_id=1689&lang=en#breadcrumb\",\"itemListElement\":[{\"@type\":\"ListItem\",\"position\":1,\"name\":\"Strona g\u0142\u00f3wna\",\"item\":\"https:\\\/\\\/wolnasztuka-slowart.pl\\\/?page_id=346&lang=pl\"},{\"@type\":\"ListItem\",\"position\":2,\"name\":\"Transience\"}]},{\"@type\":\"WebSite\",\"@id\":\"https:\\\/\\\/wolnasztuka-slowart.pl\\\/#website\",\"url\":\"https:\\\/\\\/wolnasztuka-slowart.pl\\\/\",\"name\":\"Wolna sztuka-Slow Art\",\"description\":\"Galeria Magdaleny Jask\u0142owskiej-Englisz i Marka Englisza prezentuj\u0105ca prace z zakresu sztuki w\u0142\u00f3kna, fotografii, projektowania graficznego, promuj\u0105ca Woln\u0105 sztuk\u0119\\\/Slow Art.\",\"publisher\":{\"@id\":\"https:\\\/\\\/wolnasztuka-slowart.pl\\\/#organization\"},\"potentialAction\":[{\"@type\":\"SearchAction\",\"target\":{\"@type\":\"EntryPoint\",\"urlTemplate\":\"https:\\\/\\\/wolnasztuka-slowart.pl\\\/?s={search_term_string}\"},\"query-input\":{\"@type\":\"PropertyValueSpecification\",\"valueRequired\":true,\"valueName\":\"search_term_string\"}}],\"inLanguage\":\"pl-PL\"},{\"@type\":\"Organization\",\"@id\":\"https:\\\/\\\/wolnasztuka-slowart.pl\\\/#organization\",\"name\":\"Wolna sztuka-Slow Art\",\"url\":\"https:\\\/\\\/wolnasztuka-slowart.pl\\\/\",\"logo\":{\"@type\":\"ImageObject\",\"inLanguage\":\"pl-PL\",\"@id\":\"https:\\\/\\\/wolnasztuka-slowart.pl\\\/#\\\/schema\\\/logo\\\/image\\\/\",\"url\":\"https:\\\/\\\/wolnasztuka-slowart.pl\\\/wp-content\\\/uploads\\\/2023\\\/11\\\/LOGO.jpg\",\"contentUrl\":\"https:\\\/\\\/wolnasztuka-slowart.pl\\\/wp-content\\\/uploads\\\/2023\\\/11\\\/LOGO.jpg\",\"width\":352,\"height\":386,\"caption\":\"Wolna sztuka-Slow Art\"},\"image\":{\"@id\":\"https:\\\/\\\/wolnasztuka-slowart.pl\\\/#\\\/schema\\\/logo\\\/image\\\/\"}}]}<\/script>\n<!-- \/ Yoast SEO plugin. -->","yoast_head_json":{"title":"Transience - Wolna sztuka-Slow Art","description":"Exhibition of artistic textiles at the A. and J. Iwaszkiewicz Museum in Stawisko, May-June 2023. The theme of the exhibition was transience.","robots":{"index":"index","follow":"follow","max-snippet":"max-snippet:-1","max-image-preview":"max-image-preview:large","max-video-preview":"max-video-preview:-1"},"canonical":"https:\/\/wolnasztuka-slowart.pl\/?page_id=1689&lang=en","og_locale":"pl_PL","og_type":"article","og_title":"Transience - Wolna sztuka-Slow Art","og_description":"Exhibition of artistic textiles at the A. and J. Iwaszkiewicz Museum in Stawisko, May-June 2023. The theme of the exhibition was transience.","og_url":"https:\/\/wolnasztuka-slowart.pl\/?page_id=1689&lang=en","og_site_name":"Wolna sztuka-Slow Art","article_modified_time":"2024-01-29T08:41:29+00:00","og_image":[{"url":"https:\/\/wolnasztuka-slowart.pl\/wp-content\/uploads\/2023\/12\/351188407_941832967051757_4106891089258547563_n-718x800-1.jpg","type":"","width":"","height":""}],"twitter_card":"summary_large_image","twitter_misc":{"Szacowany czas czytania":"2 minuty"},"schema":{"@context":"https:\/\/schema.org","@graph":[{"@type":"WebPage","@id":"https:\/\/wolnasztuka-slowart.pl\/?page_id=1689&lang=en","url":"https:\/\/wolnasztuka-slowart.pl\/?page_id=1689&lang=en","name":"Transience - Wolna sztuka-Slow Art","isPartOf":{"@id":"https:\/\/wolnasztuka-slowart.pl\/#website"},"primaryImageOfPage":{"@id":"https:\/\/wolnasztuka-slowart.pl\/?page_id=1689&lang=en#primaryimage"},"image":{"@id":"https:\/\/wolnasztuka-slowart.pl\/?page_id=1689&lang=en#primaryimage"},"thumbnailUrl":"https:\/\/wolnasztuka-slowart.pl\/wp-content\/uploads\/2023\/12\/351188407_941832967051757_4106891089258547563_n-718x800-1.jpg","datePublished":"2023-12-19T18:15:37+00:00","dateModified":"2024-01-29T08:41:29+00:00","description":"Exhibition of artistic textiles at the A. and J. Iwaszkiewicz Museum in Stawisko, May-June 2023. The theme of the exhibition was transience.","breadcrumb":{"@id":"https:\/\/wolnasztuka-slowart.pl\/?page_id=1689&lang=en#breadcrumb"},"inLanguage":"pl-PL","potentialAction":[{"@type":"ReadAction","target":["https:\/\/wolnasztuka-slowart.pl\/?page_id=1689&lang=en"]}]},{"@type":"ImageObject","inLanguage":"pl-PL","@id":"https:\/\/wolnasztuka-slowart.pl\/?page_id=1689&lang=en#primaryimage","url":"https:\/\/wolnasztuka-slowart.pl\/wp-content\/uploads\/2023\/12\/351188407_941832967051757_4106891089258547563_n-718x800-1.jpg","contentUrl":"https:\/\/wolnasztuka-slowart.pl\/wp-content\/uploads\/2023\/12\/351188407_941832967051757_4106891089258547563_n-718x800-1.jpg","width":718,"height":800},{"@type":"BreadcrumbList","@id":"https:\/\/wolnasztuka-slowart.pl\/?page_id=1689&lang=en#breadcrumb","itemListElement":[{"@type":"ListItem","position":1,"name":"Strona g\u0142\u00f3wna","item":"https:\/\/wolnasztuka-slowart.pl\/?page_id=346&lang=pl"},{"@type":"ListItem","position":2,"name":"Transience"}]},{"@type":"WebSite","@id":"https:\/\/wolnasztuka-slowart.pl\/#website","url":"https:\/\/wolnasztuka-slowart.pl\/","name":"Wolna sztuka-Slow Art","description":"Galeria Magdaleny Jask\u0142owskiej-Englisz i Marka Englisza prezentuj\u0105ca prace z zakresu sztuki w\u0142\u00f3kna, fotografii, projektowania graficznego, promuj\u0105ca Woln\u0105 sztuk\u0119\/Slow Art.","publisher":{"@id":"https:\/\/wolnasztuka-slowart.pl\/#organization"},"potentialAction":[{"@type":"SearchAction","target":{"@type":"EntryPoint","urlTemplate":"https:\/\/wolnasztuka-slowart.pl\/?s={search_term_string}"},"query-input":{"@type":"PropertyValueSpecification","valueRequired":true,"valueName":"search_term_string"}}],"inLanguage":"pl-PL"},{"@type":"Organization","@id":"https:\/\/wolnasztuka-slowart.pl\/#organization","name":"Wolna sztuka-Slow Art","url":"https:\/\/wolnasztuka-slowart.pl\/","logo":{"@type":"ImageObject","inLanguage":"pl-PL","@id":"https:\/\/wolnasztuka-slowart.pl\/#\/schema\/logo\/image\/","url":"https:\/\/wolnasztuka-slowart.pl\/wp-content\/uploads\/2023\/11\/LOGO.jpg","contentUrl":"https:\/\/wolnasztuka-slowart.pl\/wp-content\/uploads\/2023\/11\/LOGO.jpg","width":352,"height":386,"caption":"Wolna sztuka-Slow Art"},"image":{"@id":"https:\/\/wolnasztuka-slowart.pl\/#\/schema\/logo\/image\/"}}]}},"_links":{"self":[{"href":"https:\/\/wolnasztuka-slowart.pl\/index.php?rest_route=\/wp\/v2\/pages\/1689","targetHints":{"allow":["GET"]}}],"collection":[{"href":"https:\/\/wolnasztuka-slowart.pl\/index.php?rest_route=\/wp\/v2\/pages"}],"about":[{"href":"https:\/\/wolnasztuka-slowart.pl\/index.php?rest_route=\/wp\/v2\/types\/page"}],"author":[{"embeddable":true,"href":"https:\/\/wolnasztuka-slowart.pl\/index.php?rest_route=\/wp\/v2\/users\/1"}],"replies":[{"embeddable":true,"href":"https:\/\/wolnasztuka-slowart.pl\/index.php?rest_route=%2Fwp%2Fv2%2Fcomments&post=1689"}],"version-history":[{"count":11,"href":"https:\/\/wolnasztuka-slowart.pl\/index.php?rest_route=\/wp\/v2\/pages\/1689\/revisions"}],"predecessor-version":[{"id":2395,"href":"https:\/\/wolnasztuka-slowart.pl\/index.php?rest_route=\/wp\/v2\/pages\/1689\/revisions\/2395"}],"wp:attachment":[{"href":"https:\/\/wolnasztuka-slowart.pl\/index.php?rest_route=%2Fwp%2Fv2%2Fmedia&parent=1689"}],"curies":[{"name":"wp","href":"https:\/\/api.w.org\/{rel}","templated":true}]}}