{"id":1615,"date":"2023-12-18T17:37:05","date_gmt":"2023-12-18T16:37:05","guid":{"rendered":"https:\/\/wolnasztuka-slowart.pl\/1702730783217\/?page_id=1615"},"modified":"2024-01-24T16:19:16","modified_gmt":"2024-01-24T15:19:16","slug":"marek-galleries","status":"publish","type":"page","link":"https:\/\/wolnasztuka-slowart.pl\/?page_id=1615&lang=en","title":{"rendered":"Marek Gallery"},"content":{"rendered":"\t\t<div data-elementor-type=\"wp-page\" data-elementor-id=\"1615\" class=\"elementor elementor-1615\">\n\t\t\t\t<div class=\"elementor-element elementor-element-12db897 e-flex e-con-boxed e-con e-parent\" data-id=\"12db897\" data-element_type=\"container\" data-e-type=\"container\">\n\t\t\t\t\t<div class=\"e-con-inner\">\n\t\t\t\t<div class=\"elementor-element elementor-element-331730a elementor-widget elementor-widget-image\" data-id=\"331730a\" data-element_type=\"widget\" data-e-type=\"widget\" data-widget_type=\"image.default\">\n\t\t\t\t<div class=\"elementor-widget-container\">\n\t\t\t\t\t\t\t\t\t\t\t\t\t\t\t<img fetchpriority=\"high\" decoding=\"async\" width=\"1200\" height=\"224\" src=\"https:\/\/wolnasztuka-slowart.pl\/wp-content\/uploads\/2023\/12\/BELKA_Gallery-Marek.jpg\" class=\"attachment-full size-full wp-image-1617\" alt=\"\" srcset=\"https:\/\/wolnasztuka-slowart.pl\/wp-content\/uploads\/2023\/12\/BELKA_Gallery-Marek.jpg 1200w, https:\/\/wolnasztuka-slowart.pl\/wp-content\/uploads\/2023\/12\/BELKA_Gallery-Marek-300x56.jpg 300w, https:\/\/wolnasztuka-slowart.pl\/wp-content\/uploads\/2023\/12\/BELKA_Gallery-Marek-1024x191.jpg 1024w, https:\/\/wolnasztuka-slowart.pl\/wp-content\/uploads\/2023\/12\/BELKA_Gallery-Marek-768x143.jpg 768w\" sizes=\"(max-width: 1200px) 100vw, 1200px\" \/>\t\t\t\t\t\t\t\t\t\t\t\t\t\t\t<\/div>\n\t\t\t\t<\/div>\n\t\t\t\t\t<\/div>\n\t\t\t\t<\/div>\n\t\t<div class=\"elementor-element elementor-element-2aa60cf e-flex e-con-boxed e-con e-parent\" data-id=\"2aa60cf\" data-element_type=\"container\" data-e-type=\"container\">\n\t\t\t\t\t<div class=\"e-con-inner\">\n\t\t\t\t<div class=\"elementor-element elementor-element-c78f56d elementor-widget elementor-widget-image\" data-id=\"c78f56d\" data-element_type=\"widget\" data-e-type=\"widget\" data-widget_type=\"image.default\">\n\t\t\t\t<div class=\"elementor-widget-container\">\n\t\t\t\t\t\t\t\t\t\t\t\t<figure class=\"wp-caption\">\n\t\t\t\t\t\t\t\t\t\t\t<a href=\"https:\/\/wolnasztuka-slowart.pl\/?page_id=214\" target=\"_blank\">\n\t\t\t\t\t\t\t<img decoding=\"async\" src=\"https:\/\/wolnasztuka-slowart.pl\/wp-content\/uploads\/elementor\/thumbs\/Gal-graf_EN-qiscw2q46rkjlenk3gqej4krpo55iubm6k8ltgkl0w.jpg\" title=\"Gal-graf_EN\" alt=\"Graphics Marek Englisz\" loading=\"lazy\" \/>\t\t\t\t\t\t\t\t<\/a>\n\t\t\t\t\t\t\t\t\t\t\t<figcaption class=\"widget-image-caption wp-caption-text\"><\/figcaption>\n\t\t\t\t\t\t\t\t\t\t<\/figure>\n\t\t\t\t\t\t\t\t\t<\/div>\n\t\t\t\t<\/div>\n\t\t\t\t<div class=\"elementor-element elementor-element-46f9055 elementor-widget elementor-widget-image\" data-id=\"46f9055\" data-element_type=\"widget\" data-e-type=\"widget\" data-widget_type=\"image.default\">\n\t\t\t\t<div class=\"elementor-widget-container\">\n\t\t\t\t\t\t\t\t\t\t\t\t<figure class=\"wp-caption\">\n\t\t\t\t\t\t\t\t\t\t\t<a href=\"https:\/\/wolnasztuka-slowart.pl\/?page_id=245\" target=\"_blank\">\n\t\t\t\t\t\t\t<img decoding=\"async\" src=\"https:\/\/wolnasztuka-slowart.pl\/wp-content\/uploads\/elementor\/thumbs\/GAL_plakaty_EN-qiscyw8oovfifak3mom40eyjva8sm5imkip1nce2cw.jpg\" title=\"GAL_plakaty_EN\" alt=\"Posters Marek Englisz\" loading=\"lazy\" \/>\t\t\t\t\t\t\t\t<\/a>\n\t\t\t\t\t\t\t\t\t\t\t<figcaption class=\"widget-image-caption wp-caption-text\"><\/figcaption>\n\t\t\t\t\t\t\t\t\t\t<\/figure>\n\t\t\t\t\t\t\t\t\t<\/div>\n\t\t\t\t<\/div>\n\t\t\t\t<div class=\"elementor-element elementor-element-bade087 elementor-widget elementor-widget-image\" data-id=\"bade087\" data-element_type=\"widget\" data-e-type=\"widget\" data-widget_type=\"image.default\">\n\t\t\t\t<div class=\"elementor-widget-container\">\n\t\t\t\t\t\t\t\t\t\t\t\t\t\t\t\t<a href=\"https:\/\/wolnasztuka-slowart.pl\/?page_id=337\" target=\"_blank\">\n\t\t\t\t\t\t\t<img decoding=\"async\" src=\"https:\/\/wolnasztuka-slowart.pl\/wp-content\/uploads\/elementor\/thumbs\/Gal_foto_EN-qisd0xk3hy7vkvllqkb0ewgi7c7fajloulkx2xdcvk.jpg\" title=\"Gal_foto_EN\" alt=\"Photos Marek Englisz\" loading=\"lazy\" \/>\t\t\t\t\t\t\t\t<\/a>\n\t\t\t\t\t\t\t\t\t\t\t\t\t\t\t<\/div>\n\t\t\t\t<\/div>\n\t\t\t\t\t<\/div>\n\t\t\t\t<\/div>\n\t\t\t\t<\/div>\n\t\t","protected":false},"excerpt":{"rendered":"","protected":false},"author":1,"featured_media":0,"parent":0,"menu_order":0,"comment_status":"closed","ping_status":"closed","template":"","meta":{"site-sidebar-layout":"no-sidebar","site-content-layout":"","ast-site-content-layout":"full-width-container","site-content-style":"default","site-sidebar-style":"default","ast-global-header-display":"","ast-banner-title-visibility":"","ast-main-header-display":"","ast-hfb-above-header-display":"","ast-hfb-below-header-display":"","ast-hfb-mobile-header-display":"","site-post-title":"disabled","ast-breadcrumbs-content":"","ast-featured-img":"disabled","footer-sml-layout":"","ast-disable-related-posts":"","theme-transparent-header-meta":"","adv-header-id-meta":"","stick-header-meta":"","header-above-stick-meta":"","header-main-stick-meta":"","header-below-stick-meta":"","astra-migrate-meta-layouts":"","ast-page-background-enabled":"default","ast-page-background-meta":{"desktop":{"background-color":"var(--ast-global-color-4)","background-image":"","background-repeat":"repeat","background-position":"center center","background-size":"auto","background-attachment":"scroll","background-type":"","background-media":"","overlay-type":"","overlay-color":"","overlay-opacity":"","overlay-gradient":""},"tablet":{"background-color":"","background-image":"","background-repeat":"repeat","background-position":"center center","background-size":"auto","background-attachment":"scroll","background-type":"","background-media":"","overlay-type":"","overlay-color":"","overlay-opacity":"","overlay-gradient":""},"mobile":{"background-color":"","background-image":"","background-repeat":"repeat","background-position":"center center","background-size":"auto","background-attachment":"scroll","background-type":"","background-media":"","overlay-type":"","overlay-color":"","overlay-opacity":"","overlay-gradient":""}},"ast-content-background-meta":{"desktop":{"background-color":"var(--ast-global-color-5)","background-image":"","background-repeat":"repeat","background-position":"center center","background-size":"auto","background-attachment":"scroll","background-type":"","background-media":"","overlay-type":"","overlay-color":"","overlay-opacity":"","overlay-gradient":""},"tablet":{"background-color":"var(--ast-global-color-5)","background-image":"","background-repeat":"repeat","background-position":"center center","background-size":"auto","background-attachment":"scroll","background-type":"","background-media":"","overlay-type":"","overlay-color":"","overlay-opacity":"","overlay-gradient":""},"mobile":{"background-color":"var(--ast-global-color-5)","background-image":"","background-repeat":"repeat","background-position":"center center","background-size":"auto","background-attachment":"scroll","background-type":"","background-media":"","overlay-type":"","overlay-color":"","overlay-opacity":"","overlay-gradient":""}},"_themeisle_gutenberg_block_has_review":false,"footnotes":""},"class_list":["post-1615","page","type-page","status-publish","hentry"],"yoast_head":"<!-- This site is optimized with the Yoast SEO plugin v27.4 - https:\/\/yoast.com\/product\/yoast-seo-wordpress\/ -->\n<title>Artworks by Mark Englisz<\/title>\n<meta name=\"description\" content=\"A gallery of Mark Englisz&#039;s work in photography, poster and computer graphics, promoting free art\/ slow art.\" \/>\n<meta name=\"robots\" content=\"index, follow, max-snippet:-1, max-image-preview:large, max-video-preview:-1\" \/>\n<link rel=\"canonical\" href=\"https:\/\/wolnasztuka-slowart.pl\/?page_id=1615&lang=en\" \/>\n<meta property=\"og:locale\" content=\"pl_PL\" \/>\n<meta property=\"og:type\" content=\"article\" \/>\n<meta property=\"og:title\" content=\"Artworks by Mark Englisz\" \/>\n<meta property=\"og:description\" content=\"A gallery of Mark Englisz&#039;s work in photography, poster and computer graphics, promoting free art\/ slow art.\" \/>\n<meta property=\"og:url\" content=\"https:\/\/wolnasztuka-slowart.pl\/?page_id=1615&amp;lang=en\" \/>\n<meta property=\"og:site_name\" content=\"Wolna sztuka-Slow Art\" \/>\n<meta property=\"article:modified_time\" content=\"2024-01-24T15:19:16+00:00\" \/>\n<meta property=\"og:image\" content=\"https:\/\/wolnasztuka-slowart.pl\/wp-content\/uploads\/2023\/12\/BELKA_Gallery-Marek.jpg\" \/>\n<meta name=\"twitter:card\" content=\"summary_large_image\" \/>\n<meta name=\"twitter:label1\" content=\"Szacowany czas czytania\" \/>\n\t<meta name=\"twitter:data1\" content=\"1 minuta\" \/>\n<script type=\"application\/ld+json\" class=\"yoast-schema-graph\">{\"@context\":\"https:\\\/\\\/schema.org\",\"@graph\":[{\"@type\":\"WebPage\",\"@id\":\"https:\\\/\\\/wolnasztuka-slowart.pl\\\/?page_id=1615&lang=en\",\"url\":\"https:\\\/\\\/wolnasztuka-slowart.pl\\\/?page_id=1615&lang=en\",\"name\":\"Artworks by Mark Englisz\",\"isPartOf\":{\"@id\":\"https:\\\/\\\/wolnasztuka-slowart.pl\\\/#website\"},\"primaryImageOfPage\":{\"@id\":\"https:\\\/\\\/wolnasztuka-slowart.pl\\\/?page_id=1615&lang=en#primaryimage\"},\"image\":{\"@id\":\"https:\\\/\\\/wolnasztuka-slowart.pl\\\/?page_id=1615&lang=en#primaryimage\"},\"thumbnailUrl\":\"https:\\\/\\\/wolnasztuka-slowart.pl\\\/wp-content\\\/uploads\\\/2023\\\/12\\\/BELKA_Gallery-Marek.jpg\",\"datePublished\":\"2023-12-18T16:37:05+00:00\",\"dateModified\":\"2024-01-24T15:19:16+00:00\",\"description\":\"A gallery of Mark Englisz's work in photography, poster and computer graphics, promoting free art\\\/ slow art.\",\"breadcrumb\":{\"@id\":\"https:\\\/\\\/wolnasztuka-slowart.pl\\\/?page_id=1615&lang=en#breadcrumb\"},\"inLanguage\":\"pl-PL\",\"potentialAction\":[{\"@type\":\"ReadAction\",\"target\":[\"https:\\\/\\\/wolnasztuka-slowart.pl\\\/?page_id=1615&lang=en\"]}]},{\"@type\":\"ImageObject\",\"inLanguage\":\"pl-PL\",\"@id\":\"https:\\\/\\\/wolnasztuka-slowart.pl\\\/?page_id=1615&lang=en#primaryimage\",\"url\":\"https:\\\/\\\/wolnasztuka-slowart.pl\\\/wp-content\\\/uploads\\\/2023\\\/12\\\/BELKA_Gallery-Marek.jpg\",\"contentUrl\":\"https:\\\/\\\/wolnasztuka-slowart.pl\\\/wp-content\\\/uploads\\\/2023\\\/12\\\/BELKA_Gallery-Marek.jpg\",\"width\":1200,\"height\":224},{\"@type\":\"BreadcrumbList\",\"@id\":\"https:\\\/\\\/wolnasztuka-slowart.pl\\\/?page_id=1615&lang=en#breadcrumb\",\"itemListElement\":[{\"@type\":\"ListItem\",\"position\":1,\"name\":\"Strona g\u0142\u00f3wna\",\"item\":\"https:\\\/\\\/wolnasztuka-slowart.pl\\\/?page_id=346&lang=pl\"},{\"@type\":\"ListItem\",\"position\":2,\"name\":\"Marek Gallery\"}]},{\"@type\":\"WebSite\",\"@id\":\"https:\\\/\\\/wolnasztuka-slowart.pl\\\/#website\",\"url\":\"https:\\\/\\\/wolnasztuka-slowart.pl\\\/\",\"name\":\"Wolna sztuka-Slow Art\",\"description\":\"Galeria Magdaleny Jask\u0142owskiej-Englisz i Marka Englisza prezentuj\u0105ca prace z zakresu sztuki w\u0142\u00f3kna, fotografii, projektowania graficznego, promuj\u0105ca Woln\u0105 sztuk\u0119\\\/Slow Art.\",\"publisher\":{\"@id\":\"https:\\\/\\\/wolnasztuka-slowart.pl\\\/#organization\"},\"potentialAction\":[{\"@type\":\"SearchAction\",\"target\":{\"@type\":\"EntryPoint\",\"urlTemplate\":\"https:\\\/\\\/wolnasztuka-slowart.pl\\\/?s={search_term_string}\"},\"query-input\":{\"@type\":\"PropertyValueSpecification\",\"valueRequired\":true,\"valueName\":\"search_term_string\"}}],\"inLanguage\":\"pl-PL\"},{\"@type\":\"Organization\",\"@id\":\"https:\\\/\\\/wolnasztuka-slowart.pl\\\/#organization\",\"name\":\"Wolna sztuka-Slow Art\",\"url\":\"https:\\\/\\\/wolnasztuka-slowart.pl\\\/\",\"logo\":{\"@type\":\"ImageObject\",\"inLanguage\":\"pl-PL\",\"@id\":\"https:\\\/\\\/wolnasztuka-slowart.pl\\\/#\\\/schema\\\/logo\\\/image\\\/\",\"url\":\"https:\\\/\\\/wolnasztuka-slowart.pl\\\/wp-content\\\/uploads\\\/2023\\\/11\\\/LOGO.jpg\",\"contentUrl\":\"https:\\\/\\\/wolnasztuka-slowart.pl\\\/wp-content\\\/uploads\\\/2023\\\/11\\\/LOGO.jpg\",\"width\":352,\"height\":386,\"caption\":\"Wolna sztuka-Slow Art\"},\"image\":{\"@id\":\"https:\\\/\\\/wolnasztuka-slowart.pl\\\/#\\\/schema\\\/logo\\\/image\\\/\"}}]}<\/script>\n<!-- \/ Yoast SEO plugin. -->","yoast_head_json":{"title":"Artworks by Mark Englisz","description":"A gallery of Mark Englisz's work in photography, poster and computer graphics, promoting free art\/ slow art.","robots":{"index":"index","follow":"follow","max-snippet":"max-snippet:-1","max-image-preview":"max-image-preview:large","max-video-preview":"max-video-preview:-1"},"canonical":"https:\/\/wolnasztuka-slowart.pl\/?page_id=1615&lang=en","og_locale":"pl_PL","og_type":"article","og_title":"Artworks by Mark Englisz","og_description":"A gallery of Mark Englisz's work in photography, poster and computer graphics, promoting free art\/ slow art.","og_url":"https:\/\/wolnasztuka-slowart.pl\/?page_id=1615&lang=en","og_site_name":"Wolna sztuka-Slow Art","article_modified_time":"2024-01-24T15:19:16+00:00","og_image":[{"url":"https:\/\/wolnasztuka-slowart.pl\/wp-content\/uploads\/2023\/12\/BELKA_Gallery-Marek.jpg","type":"","width":"","height":""}],"twitter_card":"summary_large_image","twitter_misc":{"Szacowany czas czytania":"1 minuta"},"schema":{"@context":"https:\/\/schema.org","@graph":[{"@type":"WebPage","@id":"https:\/\/wolnasztuka-slowart.pl\/?page_id=1615&lang=en","url":"https:\/\/wolnasztuka-slowart.pl\/?page_id=1615&lang=en","name":"Artworks by Mark Englisz","isPartOf":{"@id":"https:\/\/wolnasztuka-slowart.pl\/#website"},"primaryImageOfPage":{"@id":"https:\/\/wolnasztuka-slowart.pl\/?page_id=1615&lang=en#primaryimage"},"image":{"@id":"https:\/\/wolnasztuka-slowart.pl\/?page_id=1615&lang=en#primaryimage"},"thumbnailUrl":"https:\/\/wolnasztuka-slowart.pl\/wp-content\/uploads\/2023\/12\/BELKA_Gallery-Marek.jpg","datePublished":"2023-12-18T16:37:05+00:00","dateModified":"2024-01-24T15:19:16+00:00","description":"A gallery of Mark Englisz's work in photography, poster and computer graphics, promoting free art\/ slow art.","breadcrumb":{"@id":"https:\/\/wolnasztuka-slowart.pl\/?page_id=1615&lang=en#breadcrumb"},"inLanguage":"pl-PL","potentialAction":[{"@type":"ReadAction","target":["https:\/\/wolnasztuka-slowart.pl\/?page_id=1615&lang=en"]}]},{"@type":"ImageObject","inLanguage":"pl-PL","@id":"https:\/\/wolnasztuka-slowart.pl\/?page_id=1615&lang=en#primaryimage","url":"https:\/\/wolnasztuka-slowart.pl\/wp-content\/uploads\/2023\/12\/BELKA_Gallery-Marek.jpg","contentUrl":"https:\/\/wolnasztuka-slowart.pl\/wp-content\/uploads\/2023\/12\/BELKA_Gallery-Marek.jpg","width":1200,"height":224},{"@type":"BreadcrumbList","@id":"https:\/\/wolnasztuka-slowart.pl\/?page_id=1615&lang=en#breadcrumb","itemListElement":[{"@type":"ListItem","position":1,"name":"Strona g\u0142\u00f3wna","item":"https:\/\/wolnasztuka-slowart.pl\/?page_id=346&lang=pl"},{"@type":"ListItem","position":2,"name":"Marek Gallery"}]},{"@type":"WebSite","@id":"https:\/\/wolnasztuka-slowart.pl\/#website","url":"https:\/\/wolnasztuka-slowart.pl\/","name":"Wolna sztuka-Slow Art","description":"Galeria Magdaleny Jask\u0142owskiej-Englisz i Marka Englisza prezentuj\u0105ca prace z zakresu sztuki w\u0142\u00f3kna, fotografii, projektowania graficznego, promuj\u0105ca Woln\u0105 sztuk\u0119\/Slow Art.","publisher":{"@id":"https:\/\/wolnasztuka-slowart.pl\/#organization"},"potentialAction":[{"@type":"SearchAction","target":{"@type":"EntryPoint","urlTemplate":"https:\/\/wolnasztuka-slowart.pl\/?s={search_term_string}"},"query-input":{"@type":"PropertyValueSpecification","valueRequired":true,"valueName":"search_term_string"}}],"inLanguage":"pl-PL"},{"@type":"Organization","@id":"https:\/\/wolnasztuka-slowart.pl\/#organization","name":"Wolna sztuka-Slow Art","url":"https:\/\/wolnasztuka-slowart.pl\/","logo":{"@type":"ImageObject","inLanguage":"pl-PL","@id":"https:\/\/wolnasztuka-slowart.pl\/#\/schema\/logo\/image\/","url":"https:\/\/wolnasztuka-slowart.pl\/wp-content\/uploads\/2023\/11\/LOGO.jpg","contentUrl":"https:\/\/wolnasztuka-slowart.pl\/wp-content\/uploads\/2023\/11\/LOGO.jpg","width":352,"height":386,"caption":"Wolna sztuka-Slow Art"},"image":{"@id":"https:\/\/wolnasztuka-slowart.pl\/#\/schema\/logo\/image\/"}}]}},"_links":{"self":[{"href":"https:\/\/wolnasztuka-slowart.pl\/index.php?rest_route=\/wp\/v2\/pages\/1615","targetHints":{"allow":["GET"]}}],"collection":[{"href":"https:\/\/wolnasztuka-slowart.pl\/index.php?rest_route=\/wp\/v2\/pages"}],"about":[{"href":"https:\/\/wolnasztuka-slowart.pl\/index.php?rest_route=\/wp\/v2\/types\/page"}],"author":[{"embeddable":true,"href":"https:\/\/wolnasztuka-slowart.pl\/index.php?rest_route=\/wp\/v2\/users\/1"}],"replies":[{"embeddable":true,"href":"https:\/\/wolnasztuka-slowart.pl\/index.php?rest_route=%2Fwp%2Fv2%2Fcomments&post=1615"}],"version-history":[{"count":61,"href":"https:\/\/wolnasztuka-slowart.pl\/index.php?rest_route=\/wp\/v2\/pages\/1615\/revisions"}],"predecessor-version":[{"id":2142,"href":"https:\/\/wolnasztuka-slowart.pl\/index.php?rest_route=\/wp\/v2\/pages\/1615\/revisions\/2142"}],"wp:attachment":[{"href":"https:\/\/wolnasztuka-slowart.pl\/index.php?rest_route=%2Fwp%2Fv2%2Fmedia&parent=1615"}],"curies":[{"name":"wp","href":"https:\/\/api.w.org\/{rel}","templated":true}]}}