{"id":155,"date":"2023-11-01T16:56:25","date_gmt":"2023-11-01T15:56:25","guid":{"rendered":"https:\/\/wolnasztuka-slowart.pl\/?page_id=155"},"modified":"2023-12-02T19:24:48","modified_gmt":"2023-12-02T18:24:48","slug":"polityka-prywatnosci","status":"publish","type":"page","link":"https:\/\/wolnasztuka-slowart.pl\/?page_id=155&lang=pl","title":{"rendered":"Polityka prywatno\u015bci"},"content":{"rendered":"\t\t<div data-elementor-type=\"wp-page\" data-elementor-id=\"155\" class=\"elementor elementor-155\">\n\t\t\t\t<div class=\"elementor-element elementor-element-5acd51b e-flex e-con-boxed e-con e-parent\" data-id=\"5acd51b\" data-element_type=\"container\">\n\t\t\t\t\t<div class=\"e-con-inner\">\n\t\t<div class=\"elementor-element elementor-element-a1d4f91 e-con-full e-flex e-con e-child\" data-id=\"a1d4f91\" data-element_type=\"container\">\n\t\t\t\t<div class=\"elementor-element elementor-element-49e4a5c elementor-widget__width-initial elementor-widget elementor-widget-image\" data-id=\"49e4a5c\" data-element_type=\"widget\" data-widget_type=\"image.default\">\n\t\t\t\t<div class=\"elementor-widget-container\">\n\t\t\t\t\t\t\t\t\t\t\t\t\t\t\t<img fetchpriority=\"high\" decoding=\"async\" width=\"300\" height=\"239\" src=\"https:\/\/wolnasztuka-slowart.pl\/wp-content\/uploads\/2023\/11\/LOGO_M-300x239.jpg\" class=\"attachment-medium size-medium wp-image-557\" alt=\"\" srcset=\"https:\/\/wolnasztuka-slowart.pl\/wp-content\/uploads\/2023\/11\/LOGO_M-300x239.jpg 300w, https:\/\/wolnasztuka-slowart.pl\/wp-content\/uploads\/2023\/11\/LOGO_M.jpg 512w\" sizes=\"(max-width: 300px) 100vw, 300px\" \/>\t\t\t\t\t\t\t\t\t\t\t\t\t\t\t<\/div>\n\t\t\t\t<\/div>\n\t\t\t\t<\/div>\n\t\t<div class=\"elementor-element elementor-element-5d365b4 e-con-full e-flex e-con e-child\" data-id=\"5d365b4\" data-element_type=\"container\">\n\t\t\t\t<div class=\"elementor-element elementor-element-9ffead3 elementor-widget elementor-widget-heading\" data-id=\"9ffead3\" data-element_type=\"widget\" data-widget_type=\"heading.default\">\n\t\t\t\t<div class=\"elementor-widget-container\">\n\t\t\t\t\t<h2 class=\"elementor-heading-title elementor-size-default\">Polityka Prywatno\u015bci<\/h2>\t\t\t\t<\/div>\n\t\t\t\t<\/div>\n\t\t\t\t<\/div>\n\t\t\t\t\t<\/div>\n\t\t\t\t<\/div>\n\t\t<div class=\"elementor-element elementor-element-c34237c e-flex e-con-boxed e-con e-parent\" data-id=\"c34237c\" data-element_type=\"container\">\n\t\t\t\t\t<div class=\"e-con-inner\">\n\t\t\t\t<div class=\"elementor-element elementor-element-2897529 elementor-widget elementor-widget-text-editor\" data-id=\"2897529\" data-element_type=\"widget\" data-widget_type=\"text-editor.default\">\n\t\t\t\t<div class=\"elementor-widget-container\">\n\t\t\t\t\t\t\t\t\t<p><br \/>Dzi\u0119kujemy za odwiedzenie naszej strony internetowej, po\u015bwi\u0119conej prezentacji naszych prac graficznych, tkanin artystycznych i zdj\u0119\u0107. Zale\u017cy nam na zachowaniu prywatno\u015bci u\u017cytkownik\u00f3w, dlatego przygotowali\u015bmy poni\u017csz\u0105 Polityk\u0119 Prywatno\u015bci, kt\u00f3ra opisuje, jak zbieramy, u\u017cywamy, udost\u0119pniamy i chronimy Twoje dane osobowe.<\/p>\n<p><strong>Zbieranie Informacji<\/strong><br \/>Dane Osobowe<br \/>Podczas korzystania z naszej strony internetowej mo\u017cemy zbiera\u0107 pewne dane osobowe, takie jak imi\u0119, nazwisko, adres e-mail, czy informacje kontaktowe. Robimy to tylko wtedy, gdy u\u017cytkownik dobrowolnie przesy\u0142a nam te informacje, na przyk\u0142ad, korzystaj\u0105c z formularza kontaktowego.<\/p>\n<p><strong>Dane o U\u017cyciu<\/strong><br \/>Podobnie jak wiele innych stron internetowych, gromadzimy automatycznie pewne informacje o Twoim urz\u0105dzeniu i sposobie korzystania z naszej strony. Mog\u0105 to by\u0107 dane takie jak adres IP, typ przegl\u0105darki, j\u0119zyk przegl\u0105darki, strony internetowe, kt\u00f3re odwiedzasz, oraz data i godzina dost\u0119pu.<\/p>\n<p><strong>Wykorzystanie Informacji<\/strong><br \/>Gromadzone przez nas informacje wykorzystujemy w nast\u0119puj\u0105cy spos\u00f3b:<\/p>\n<p>Dane Osobowe: U\u017cywamy ich do odpowiedzi na pytania i komunikacji z u\u017cytkownikami, jak r\u00f3wnie\u017c do przesy\u0142ania informacji o naszych aktualno\u015bciach i dzia\u0142alno\u015bci, je\u017celi u\u017cytkownik wyrazi\u0142 na to zgod\u0119.<\/p>\n<p>Dane o U\u017cyciu: Analizujemy je, aby lepiej zrozumie\u0107, jak u\u017cytkownicy korzystaj\u0105 z naszej strony, co pomaga nam dostosowa\u0107 tre\u015bci do ich potrzeb i poprawi\u0107 jako\u015b\u0107 \u015bwiadczonych us\u0142ug.<\/p>\n<p><strong>Udost\u0119pnianie Informacji<\/strong><br \/>Nie udost\u0119pniamy Twoich danych osobowych innym podmiotom bez Twojej zgody, chyba \u017ce jest to wymagane przez prawo.<\/p>\n<p><strong>Ochrona Danych<\/strong><br \/>Podj\u0119li\u015bmy \u015brodki bezpiecze\u0144stwa, aby chroni\u0107 Twoje dane przed nieuprawnionym dost\u0119pem, ujawnieniem, modyfikacj\u0105 lub zniszczeniem.<\/p>\n<p><strong>Kontakt<\/strong><br \/>Je\u015bli masz pytania dotycz\u0105ce naszej Polityki Prywatno\u015bci, prosimy o kontakt poprzez formularz dost\u0119pny na stronie kontaktowej.<\/p>\t\t\t\t\t\t\t\t<\/div>\n\t\t\t\t<\/div>\n\t\t\t\t\t<\/div>\n\t\t\t\t<\/div>\n\t\t\t\t<\/div>\n\t\t","protected":false},"excerpt":{"rendered":"<p>Polityka Prywatno\u015bci Dzi\u0119kujemy za odwiedzenie naszej strony internetowej, po\u015bwi\u0119conej prezentacji naszych prac graficznych, tkanin artystycznych i zdj\u0119\u0107. Zale\u017cy nam na zachowaniu prywatno\u015bci u\u017cytkownik\u00f3w, dlatego przygotowali\u015bmy poni\u017csz\u0105 Polityk\u0119 Prywatno\u015bci, kt\u00f3ra opisuje, jak zbieramy, u\u017cywamy, udost\u0119pniamy i chronimy Twoje dane osobowe. Zbieranie InformacjiDane OsobowePodczas korzystania z naszej strony internetowej mo\u017cemy zbiera\u0107 pewne dane osobowe, takie jak imi\u0119, [&hellip;]<\/p>\n","protected":false},"author":1,"featured_media":0,"parent":0,"menu_order":6,"comment_status":"closed","ping_status":"closed","template":"","meta":{"site-sidebar-layout":"no-sidebar","site-content-layout":"","ast-site-content-layout":"full-width-container","site-content-style":"default","site-sidebar-style":"default","ast-global-header-display":"","ast-banner-title-visibility":"","ast-main-header-display":"","ast-hfb-above-header-display":"","ast-hfb-below-header-display":"","ast-hfb-mobile-header-display":"","site-post-title":"disabled","ast-breadcrumbs-content":"","ast-featured-img":"disabled","footer-sml-layout":"","ast-disable-related-posts":"","theme-transparent-header-meta":"","adv-header-id-meta":"","stick-header-meta":"","header-above-stick-meta":"","header-main-stick-meta":"","header-below-stick-meta":"","astra-migrate-meta-layouts":"default","ast-page-background-enabled":"default","ast-page-background-meta":{"desktop":{"background-color":"var(--ast-global-color-4)","background-image":"","background-repeat":"repeat","background-position":"center center","background-size":"auto","background-attachment":"scroll","background-type":"","background-media":"","overlay-type":"","overlay-color":"","overlay-opacity":"","overlay-gradient":""},"tablet":{"background-color":"","background-image":"","background-repeat":"repeat","background-position":"center center","background-size":"auto","background-attachment":"scroll","background-type":"","background-media":"","overlay-type":"","overlay-color":"","overlay-opacity":"","overlay-gradient":""},"mobile":{"background-color":"","background-image":"","background-repeat":"repeat","background-position":"center center","background-size":"auto","background-attachment":"scroll","background-type":"","background-media":"","overlay-type":"","overlay-color":"","overlay-opacity":"","overlay-gradient":""}},"ast-content-background-meta":{"desktop":{"background-color":"var(--ast-global-color-5)","background-image":"","background-repeat":"repeat","background-position":"center center","background-size":"auto","background-attachment":"scroll","background-type":"","background-media":"","overlay-type":"","overlay-color":"","overlay-opacity":"","overlay-gradient":""},"tablet":{"background-color":"var(--ast-global-color-5)","background-image":"","background-repeat":"repeat","background-position":"center center","background-size":"auto","background-attachment":"scroll","background-type":"","background-media":"","overlay-type":"","overlay-color":"","overlay-opacity":"","overlay-gradient":""},"mobile":{"background-color":"var(--ast-global-color-5)","background-image":"","background-repeat":"repeat","background-position":"center center","background-size":"auto","background-attachment":"scroll","background-type":"","background-media":"","overlay-type":"","overlay-color":"","overlay-opacity":"","overlay-gradient":""}},"_themeisle_gutenberg_block_has_review":false,"footnotes":""},"class_list":["post-155","page","type-page","status-publish","hentry"],"yoast_head":"<!-- This site is optimized with the Yoast SEO plugin v26.8 - https:\/\/yoast.com\/product\/yoast-seo-wordpress\/ -->\n<title>Polityka prywatno\u015bci - Wolna sztuka-Slow Art<\/title>\n<meta name=\"robots\" content=\"index, follow, max-snippet:-1, max-image-preview:large, max-video-preview:-1\" \/>\n<link rel=\"canonical\" href=\"https:\/\/wolnasztuka-slowart.pl\/?page_id=155&lang=pl\" \/>\n<meta property=\"og:locale\" content=\"pl_PL\" \/>\n<meta property=\"og:type\" content=\"article\" \/>\n<meta property=\"og:title\" content=\"Polityka prywatno\u015bci - Wolna sztuka-Slow Art\" \/>\n<meta property=\"og:description\" content=\"Polityka Prywatno\u015bci Dzi\u0119kujemy za odwiedzenie naszej strony internetowej, po\u015bwi\u0119conej prezentacji naszych prac graficznych, tkanin artystycznych i zdj\u0119\u0107. Zale\u017cy nam na zachowaniu prywatno\u015bci u\u017cytkownik\u00f3w, dlatego przygotowali\u015bmy poni\u017csz\u0105 Polityk\u0119 Prywatno\u015bci, kt\u00f3ra opisuje, jak zbieramy, u\u017cywamy, udost\u0119pniamy i chronimy Twoje dane osobowe. Zbieranie InformacjiDane OsobowePodczas korzystania z naszej strony internetowej mo\u017cemy zbiera\u0107 pewne dane osobowe, takie jak imi\u0119, [&hellip;]\" \/>\n<meta property=\"og:url\" content=\"https:\/\/wolnasztuka-slowart.pl\/?page_id=155&amp;lang=pl\" \/>\n<meta property=\"og:site_name\" content=\"Wolna sztuka-Slow Art\" \/>\n<meta property=\"article:modified_time\" content=\"2023-12-02T18:24:48+00:00\" \/>\n<meta property=\"og:image\" content=\"https:\/\/wolnasztuka-slowart.pl\/wp-content\/uploads\/2023\/11\/LOGO_M-300x239.jpg\" \/>\n<meta name=\"twitter:card\" content=\"summary_large_image\" \/>\n<meta name=\"twitter:label1\" content=\"Szacowany czas czytania\" \/>\n\t<meta name=\"twitter:data1\" content=\"1 minuta\" \/>\n<script type=\"application\/ld+json\" class=\"yoast-schema-graph\">{\"@context\":\"https:\/\/schema.org\",\"@graph\":[{\"@type\":\"WebPage\",\"@id\":\"https:\/\/wolnasztuka-slowart.pl\/?page_id=155&lang=pl\",\"url\":\"https:\/\/wolnasztuka-slowart.pl\/?page_id=155&lang=pl\",\"name\":\"Polityka prywatno\u015bci - Wolna sztuka-Slow Art\",\"isPartOf\":{\"@id\":\"https:\/\/wolnasztuka-slowart.pl\/#website\"},\"primaryImageOfPage\":{\"@id\":\"https:\/\/wolnasztuka-slowart.pl\/?page_id=155&lang=pl#primaryimage\"},\"image\":{\"@id\":\"https:\/\/wolnasztuka-slowart.pl\/?page_id=155&lang=pl#primaryimage\"},\"thumbnailUrl\":\"https:\/\/wolnasztuka-slowart.pl\/wp-content\/uploads\/2023\/11\/LOGO_M-300x239.jpg\",\"datePublished\":\"2023-11-01T15:56:25+00:00\",\"dateModified\":\"2023-12-02T18:24:48+00:00\",\"breadcrumb\":{\"@id\":\"https:\/\/wolnasztuka-slowart.pl\/?page_id=155&lang=pl#breadcrumb\"},\"inLanguage\":\"pl-PL\",\"potentialAction\":[{\"@type\":\"ReadAction\",\"target\":[\"https:\/\/wolnasztuka-slowart.pl\/?page_id=155&lang=pl\"]}]},{\"@type\":\"ImageObject\",\"inLanguage\":\"pl-PL\",\"@id\":\"https:\/\/wolnasztuka-slowart.pl\/?page_id=155&lang=pl#primaryimage\",\"url\":\"https:\/\/wolnasztuka-slowart.pl\/wp-content\/uploads\/2023\/11\/LOGO_M.jpg\",\"contentUrl\":\"https:\/\/wolnasztuka-slowart.pl\/wp-content\/uploads\/2023\/11\/LOGO_M.jpg\",\"width\":512,\"height\":408},{\"@type\":\"BreadcrumbList\",\"@id\":\"https:\/\/wolnasztuka-slowart.pl\/?page_id=155&lang=pl#breadcrumb\",\"itemListElement\":[{\"@type\":\"ListItem\",\"position\":1,\"name\":\"Strona g\u0142\u00f3wna\",\"item\":\"https:\/\/wolnasztuka-slowart.pl\/?page_id=346&lang=pl\"},{\"@type\":\"ListItem\",\"position\":2,\"name\":\"Polityka prywatno\u015bci\"}]},{\"@type\":\"WebSite\",\"@id\":\"https:\/\/wolnasztuka-slowart.pl\/#website\",\"url\":\"https:\/\/wolnasztuka-slowart.pl\/\",\"name\":\"Wolna sztuka-Slow Art\",\"description\":\"Galeria Magdaleny Jask\u0142owskiej-Englisz i Marka Englisza prezentuj\u0105ca prace z zakresu sztuki w\u0142\u00f3kna, fotografii, projektowania graficznego, promuj\u0105ca Woln\u0105 sztuk\u0119\/Slow Art.\",\"publisher\":{\"@id\":\"https:\/\/wolnasztuka-slowart.pl\/#organization\"},\"potentialAction\":[{\"@type\":\"SearchAction\",\"target\":{\"@type\":\"EntryPoint\",\"urlTemplate\":\"https:\/\/wolnasztuka-slowart.pl\/?s={search_term_string}\"},\"query-input\":{\"@type\":\"PropertyValueSpecification\",\"valueRequired\":true,\"valueName\":\"search_term_string\"}}],\"inLanguage\":\"pl-PL\"},{\"@type\":\"Organization\",\"@id\":\"https:\/\/wolnasztuka-slowart.pl\/#organization\",\"name\":\"Wolna sztuka-Slow Art\",\"url\":\"https:\/\/wolnasztuka-slowart.pl\/\",\"logo\":{\"@type\":\"ImageObject\",\"inLanguage\":\"pl-PL\",\"@id\":\"https:\/\/wolnasztuka-slowart.pl\/#\/schema\/logo\/image\/\",\"url\":\"https:\/\/wolnasztuka-slowart.pl\/wp-content\/uploads\/2023\/11\/LOGO.jpg\",\"contentUrl\":\"https:\/\/wolnasztuka-slowart.pl\/wp-content\/uploads\/2023\/11\/LOGO.jpg\",\"width\":352,\"height\":386,\"caption\":\"Wolna sztuka-Slow Art\"},\"image\":{\"@id\":\"https:\/\/wolnasztuka-slowart.pl\/#\/schema\/logo\/image\/\"}}]}<\/script>\n<!-- \/ Yoast SEO plugin. -->","yoast_head_json":{"title":"Polityka prywatno\u015bci - Wolna sztuka-Slow Art","robots":{"index":"index","follow":"follow","max-snippet":"max-snippet:-1","max-image-preview":"max-image-preview:large","max-video-preview":"max-video-preview:-1"},"canonical":"https:\/\/wolnasztuka-slowart.pl\/?page_id=155&lang=pl","og_locale":"pl_PL","og_type":"article","og_title":"Polityka prywatno\u015bci - Wolna sztuka-Slow Art","og_description":"Polityka Prywatno\u015bci Dzi\u0119kujemy za odwiedzenie naszej strony internetowej, po\u015bwi\u0119conej prezentacji naszych prac graficznych, tkanin artystycznych i zdj\u0119\u0107. Zale\u017cy nam na zachowaniu prywatno\u015bci u\u017cytkownik\u00f3w, dlatego przygotowali\u015bmy poni\u017csz\u0105 Polityk\u0119 Prywatno\u015bci, kt\u00f3ra opisuje, jak zbieramy, u\u017cywamy, udost\u0119pniamy i chronimy Twoje dane osobowe. Zbieranie InformacjiDane OsobowePodczas korzystania z naszej strony internetowej mo\u017cemy zbiera\u0107 pewne dane osobowe, takie jak imi\u0119, [&hellip;]","og_url":"https:\/\/wolnasztuka-slowart.pl\/?page_id=155&lang=pl","og_site_name":"Wolna sztuka-Slow Art","article_modified_time":"2023-12-02T18:24:48+00:00","og_image":[{"url":"https:\/\/wolnasztuka-slowart.pl\/wp-content\/uploads\/2023\/11\/LOGO_M-300x239.jpg","type":"","width":"","height":""}],"twitter_card":"summary_large_image","twitter_misc":{"Szacowany czas czytania":"1 minuta"},"schema":{"@context":"https:\/\/schema.org","@graph":[{"@type":"WebPage","@id":"https:\/\/wolnasztuka-slowart.pl\/?page_id=155&lang=pl","url":"https:\/\/wolnasztuka-slowart.pl\/?page_id=155&lang=pl","name":"Polityka prywatno\u015bci - Wolna sztuka-Slow Art","isPartOf":{"@id":"https:\/\/wolnasztuka-slowart.pl\/#website"},"primaryImageOfPage":{"@id":"https:\/\/wolnasztuka-slowart.pl\/?page_id=155&lang=pl#primaryimage"},"image":{"@id":"https:\/\/wolnasztuka-slowart.pl\/?page_id=155&lang=pl#primaryimage"},"thumbnailUrl":"https:\/\/wolnasztuka-slowart.pl\/wp-content\/uploads\/2023\/11\/LOGO_M-300x239.jpg","datePublished":"2023-11-01T15:56:25+00:00","dateModified":"2023-12-02T18:24:48+00:00","breadcrumb":{"@id":"https:\/\/wolnasztuka-slowart.pl\/?page_id=155&lang=pl#breadcrumb"},"inLanguage":"pl-PL","potentialAction":[{"@type":"ReadAction","target":["https:\/\/wolnasztuka-slowart.pl\/?page_id=155&lang=pl"]}]},{"@type":"ImageObject","inLanguage":"pl-PL","@id":"https:\/\/wolnasztuka-slowart.pl\/?page_id=155&lang=pl#primaryimage","url":"https:\/\/wolnasztuka-slowart.pl\/wp-content\/uploads\/2023\/11\/LOGO_M.jpg","contentUrl":"https:\/\/wolnasztuka-slowart.pl\/wp-content\/uploads\/2023\/11\/LOGO_M.jpg","width":512,"height":408},{"@type":"BreadcrumbList","@id":"https:\/\/wolnasztuka-slowart.pl\/?page_id=155&lang=pl#breadcrumb","itemListElement":[{"@type":"ListItem","position":1,"name":"Strona g\u0142\u00f3wna","item":"https:\/\/wolnasztuka-slowart.pl\/?page_id=346&lang=pl"},{"@type":"ListItem","position":2,"name":"Polityka prywatno\u015bci"}]},{"@type":"WebSite","@id":"https:\/\/wolnasztuka-slowart.pl\/#website","url":"https:\/\/wolnasztuka-slowart.pl\/","name":"Wolna sztuka-Slow Art","description":"Galeria Magdaleny Jask\u0142owskiej-Englisz i Marka Englisza prezentuj\u0105ca prace z zakresu sztuki w\u0142\u00f3kna, fotografii, projektowania graficznego, promuj\u0105ca Woln\u0105 sztuk\u0119\/Slow Art.","publisher":{"@id":"https:\/\/wolnasztuka-slowart.pl\/#organization"},"potentialAction":[{"@type":"SearchAction","target":{"@type":"EntryPoint","urlTemplate":"https:\/\/wolnasztuka-slowart.pl\/?s={search_term_string}"},"query-input":{"@type":"PropertyValueSpecification","valueRequired":true,"valueName":"search_term_string"}}],"inLanguage":"pl-PL"},{"@type":"Organization","@id":"https:\/\/wolnasztuka-slowart.pl\/#organization","name":"Wolna sztuka-Slow Art","url":"https:\/\/wolnasztuka-slowart.pl\/","logo":{"@type":"ImageObject","inLanguage":"pl-PL","@id":"https:\/\/wolnasztuka-slowart.pl\/#\/schema\/logo\/image\/","url":"https:\/\/wolnasztuka-slowart.pl\/wp-content\/uploads\/2023\/11\/LOGO.jpg","contentUrl":"https:\/\/wolnasztuka-slowart.pl\/wp-content\/uploads\/2023\/11\/LOGO.jpg","width":352,"height":386,"caption":"Wolna sztuka-Slow Art"},"image":{"@id":"https:\/\/wolnasztuka-slowart.pl\/#\/schema\/logo\/image\/"}}]}},"_links":{"self":[{"href":"https:\/\/wolnasztuka-slowart.pl\/index.php?rest_route=\/wp\/v2\/pages\/155","targetHints":{"allow":["GET"]}}],"collection":[{"href":"https:\/\/wolnasztuka-slowart.pl\/index.php?rest_route=\/wp\/v2\/pages"}],"about":[{"href":"https:\/\/wolnasztuka-slowart.pl\/index.php?rest_route=\/wp\/v2\/types\/page"}],"author":[{"embeddable":true,"href":"https:\/\/wolnasztuka-slowart.pl\/index.php?rest_route=\/wp\/v2\/users\/1"}],"replies":[{"embeddable":true,"href":"https:\/\/wolnasztuka-slowart.pl\/index.php?rest_route=%2Fwp%2Fv2%2Fcomments&post=155"}],"version-history":[{"count":14,"href":"https:\/\/wolnasztuka-slowart.pl\/index.php?rest_route=\/wp\/v2\/pages\/155\/revisions"}],"predecessor-version":[{"id":878,"href":"https:\/\/wolnasztuka-slowart.pl\/index.php?rest_route=\/wp\/v2\/pages\/155\/revisions\/878"}],"wp:attachment":[{"href":"https:\/\/wolnasztuka-slowart.pl\/index.php?rest_route=%2Fwp%2Fv2%2Fmedia&parent=155"}],"curies":[{"name":"wp","href":"https:\/\/api.w.org\/{rel}","templated":true}]}}