{"id":1544,"date":"2023-12-17T13:11:48","date_gmt":"2023-12-17T12:11:48","guid":{"rendered":"https:\/\/wolnasztuka-slowart.pl\/1702730783217\/?page_id=1544"},"modified":"2024-01-29T09:49:21","modified_gmt":"2024-01-29T08:49:21","slug":"herbarium","status":"publish","type":"page","link":"https:\/\/wolnasztuka-slowart.pl\/?page_id=1544&lang=en","title":{"rendered":"Herbarium"},"content":{"rendered":"\t\t<div data-elementor-type=\"wp-page\" data-elementor-id=\"1544\" class=\"elementor elementor-1544\">\n\t\t\t\t<div class=\"elementor-element elementor-element-dcca89c e-flex e-con-boxed e-con e-parent\" data-id=\"dcca89c\" data-element_type=\"container\">\n\t\t\t\t\t<div class=\"e-con-inner\">\n\t\t\t\t<div class=\"elementor-element elementor-element-fd9076f elementor-widget elementor-widget-heading\" data-id=\"fd9076f\" data-element_type=\"widget\" data-widget_type=\"heading.default\">\n\t\t\t\t<div class=\"elementor-widget-container\">\n\t\t\t\t\t<h2 class=\"elementor-heading-title elementor-size-default\">Photo-graphic herbarium according to Jaroslaw Iwaszkiewicz<\/h2>\t\t\t\t<\/div>\n\t\t\t\t<\/div>\n\t\t\t\t\t<\/div>\n\t\t\t\t<\/div>\n\t\t<div class=\"elementor-element elementor-element-c226933 e-flex e-con-boxed e-con e-parent\" data-id=\"c226933\" data-element_type=\"container\">\n\t\t\t\t\t<div class=\"e-con-inner\">\n\t\t\t\t<div class=\"elementor-element elementor-element-962b457 elementor-widget elementor-widget-image\" data-id=\"962b457\" data-element_type=\"widget\" data-widget_type=\"image.default\">\n\t\t\t\t<div class=\"elementor-widget-container\">\n\t\t\t\t\t\t\t\t\t\t\t\t\t\t\t<img fetchpriority=\"high\" decoding=\"async\" width=\"1200\" height=\"600\" src=\"https:\/\/wolnasztuka-slowart.pl\/wp-content\/uploads\/2023\/10\/ALBUM_ZIELNIK_02.jpg\" class=\"attachment-full size-full wp-image-72\" alt=\"\" srcset=\"https:\/\/wolnasztuka-slowart.pl\/wp-content\/uploads\/2023\/10\/ALBUM_ZIELNIK_02.jpg 1200w, https:\/\/wolnasztuka-slowart.pl\/wp-content\/uploads\/2023\/10\/ALBUM_ZIELNIK_02-300x150.jpg 300w, https:\/\/wolnasztuka-slowart.pl\/wp-content\/uploads\/2023\/10\/ALBUM_ZIELNIK_02-1024x512.jpg 1024w, https:\/\/wolnasztuka-slowart.pl\/wp-content\/uploads\/2023\/10\/ALBUM_ZIELNIK_02-768x384.jpg 768w\" sizes=\"(max-width: 1200px) 100vw, 1200px\" \/>\t\t\t\t\t\t\t\t\t\t\t\t\t\t\t<\/div>\n\t\t\t\t<\/div>\n\t\t\t\t\t<\/div>\n\t\t\t\t<\/div>\n\t\t<div class=\"elementor-element elementor-element-17512e8 e-flex e-con-boxed e-con e-parent\" data-id=\"17512e8\" data-element_type=\"container\">\n\t\t\t\t\t<div class=\"e-con-inner\">\n\t\t\t\t<div class=\"elementor-element elementor-element-4706b3a elementor-widget elementor-widget-text-editor\" data-id=\"4706b3a\" data-element_type=\"widget\" data-widget_type=\"text-editor.default\">\n\t\t\t\t<div class=\"elementor-widget-container\">\n\t\t\t\t\t\t\t\t\t<p>This herbarium was born out of our fascination with the world of plants and the works of Jaroslaw Iwaszkiewicz. Although descriptions of nature are not what one automatically associates with his writing, the discerning reader is sure to notice his botanical erudition. Besides, the author himself wrote in one of his letters from South America:<\/p><p>&#8230; &#8211; I amazed my comrades with my erudition in the field of botany, but I told them, after all, that I was &#8222;a gardener from a little town near Warsaw&#8221; and throughout the occupation I had a gardening card&#8230;.<\/p><p>Reading Iwaszkiewicz&#8217;s texts, we found descriptions of more than 100 species of plants, from very popular ones &#8211; like daisies or forget-me-nots &#8211; to little-known ones, like the ombu tree or asfodels. There are certainly many more in his entire oeuvre. However, it is not the descriptions of plants themselves, but their connection to the human condition and life that is most fascinating. The search for references to the world of plants in Iwaszkiewicz&#8217;s books seems legitimate to us also because he himself, in one of his short stories &#8211; Gardens, put his life in a kind of composition of landscapes, people, conversations, events, placed in the topography of the gardens of his life.<\/p><p><a href=\"https:\/\/en.wikipedia.org\/wiki\/Jaros%C5%82aw_Iwaszkiewicz\" target=\"_blank\" rel=\"noopener\">Jaroslaw Iwaszkiewicz<\/a>\u00a0(1894 \u2013 1980), was a Polish writer, poet, essayist, dramatist and translator. He was nominated for the Nobel Prize in Literature four times.<\/p>\t\t\t\t\t\t\t\t<\/div>\n\t\t\t\t<\/div>\n\t\t\t\t\t<\/div>\n\t\t\t\t<\/div>\n\t\t<div class=\"elementor-element elementor-element-d72b2c0 e-flex e-con-boxed e-con e-parent\" data-id=\"d72b2c0\" data-element_type=\"container\">\n\t\t\t\t\t<div class=\"e-con-inner\">\n\t\t\t\t<div class=\"elementor-element elementor-element-4dece80 elementor-widget elementor-widget-image\" data-id=\"4dece80\" data-element_type=\"widget\" data-widget_type=\"image.default\">\n\t\t\t\t<div class=\"elementor-widget-container\">\n\t\t\t\t\t\t\t\t\t\t\t\t\t\t\t<img decoding=\"async\" width=\"1200\" height=\"600\" src=\"https:\/\/wolnasztuka-slowart.pl\/wp-content\/uploads\/2023\/10\/ALBUM_ZIELNIK_01.jpg\" class=\"attachment-full size-full wp-image-71\" alt=\"\" srcset=\"https:\/\/wolnasztuka-slowart.pl\/wp-content\/uploads\/2023\/10\/ALBUM_ZIELNIK_01.jpg 1200w, https:\/\/wolnasztuka-slowart.pl\/wp-content\/uploads\/2023\/10\/ALBUM_ZIELNIK_01-300x150.jpg 300w, https:\/\/wolnasztuka-slowart.pl\/wp-content\/uploads\/2023\/10\/ALBUM_ZIELNIK_01-1024x512.jpg 1024w, https:\/\/wolnasztuka-slowart.pl\/wp-content\/uploads\/2023\/10\/ALBUM_ZIELNIK_01-768x384.jpg 768w\" sizes=\"(max-width: 1200px) 100vw, 1200px\" \/>\t\t\t\t\t\t\t\t\t\t\t\t\t\t\t<\/div>\n\t\t\t\t<\/div>\n\t\t\t\t\t<\/div>\n\t\t\t\t<\/div>\n\t\t<div class=\"elementor-element elementor-element-70e6c7b e-flex e-con-boxed e-con e-parent\" data-id=\"70e6c7b\" data-element_type=\"container\">\n\t\t\t\t\t<div class=\"e-con-inner\">\n\t\t\t\t<div class=\"elementor-element elementor-element-0d9f471 elementor-widget elementor-widget-image\" data-id=\"0d9f471\" data-element_type=\"widget\" data-widget_type=\"image.default\">\n\t\t\t\t<div class=\"elementor-widget-container\">\n\t\t\t\t\t\t\t\t\t\t\t\t\t\t\t<img decoding=\"async\" width=\"900\" height=\"600\" src=\"https:\/\/wolnasztuka-slowart.pl\/wp-content\/uploads\/2023\/12\/Z_03.jpg\" class=\"attachment-large size-large wp-image-1429\" alt=\"\" srcset=\"https:\/\/wolnasztuka-slowart.pl\/wp-content\/uploads\/2023\/12\/Z_03.jpg 900w, https:\/\/wolnasztuka-slowart.pl\/wp-content\/uploads\/2023\/12\/Z_03-300x200.jpg 300w, https:\/\/wolnasztuka-slowart.pl\/wp-content\/uploads\/2023\/12\/Z_03-768x512.jpg 768w\" sizes=\"(max-width: 900px) 100vw, 900px\" \/>\t\t\t\t\t\t\t\t\t\t\t\t\t\t\t<\/div>\n\t\t\t\t<\/div>\n\t\t\t\t\t<\/div>\n\t\t\t\t<\/div>\n\t\t<div class=\"elementor-element elementor-element-f924400 e-flex e-con-boxed e-con e-parent\" data-id=\"f924400\" data-element_type=\"container\">\n\t\t\t\t\t<div class=\"e-con-inner\">\n\t\t\t\t<div class=\"elementor-element elementor-element-8406ebc elementor-widget elementor-widget-image\" data-id=\"8406ebc\" data-element_type=\"widget\" data-widget_type=\"image.default\">\n\t\t\t\t<div class=\"elementor-widget-container\">\n\t\t\t\t\t\t\t\t\t\t\t\t\t\t\t<img loading=\"lazy\" decoding=\"async\" width=\"900\" height=\"600\" src=\"https:\/\/wolnasztuka-slowart.pl\/wp-content\/uploads\/2023\/12\/Z_02.jpg\" class=\"attachment-large size-large wp-image-1428\" alt=\"\" srcset=\"https:\/\/wolnasztuka-slowart.pl\/wp-content\/uploads\/2023\/12\/Z_02.jpg 900w, https:\/\/wolnasztuka-slowart.pl\/wp-content\/uploads\/2023\/12\/Z_02-300x200.jpg 300w, https:\/\/wolnasztuka-slowart.pl\/wp-content\/uploads\/2023\/12\/Z_02-768x512.jpg 768w\" sizes=\"(max-width: 900px) 100vw, 900px\" \/>\t\t\t\t\t\t\t\t\t\t\t\t\t\t\t<\/div>\n\t\t\t\t<\/div>\n\t\t\t\t\t<\/div>\n\t\t\t\t<\/div>\n\t\t<div class=\"elementor-element elementor-element-855fb44 e-flex e-con-boxed e-con e-parent\" data-id=\"855fb44\" data-element_type=\"container\">\n\t\t\t\t\t<div class=\"e-con-inner\">\n\t\t\t\t<div class=\"elementor-element elementor-element-c98b9d8 elementor-widget elementor-widget-image\" data-id=\"c98b9d8\" data-element_type=\"widget\" data-widget_type=\"image.default\">\n\t\t\t\t<div class=\"elementor-widget-container\">\n\t\t\t\t\t\t\t\t\t\t\t\t<figure class=\"wp-caption\">\n\t\t\t\t\t\t\t\t\t\t<img loading=\"lazy\" decoding=\"async\" width=\"900\" height=\"600\" src=\"https:\/\/wolnasztuka-slowart.pl\/wp-content\/uploads\/2023\/12\/Z_01.jpg\" class=\"attachment-large size-large wp-image-1427\" alt=\"\" srcset=\"https:\/\/wolnasztuka-slowart.pl\/wp-content\/uploads\/2023\/12\/Z_01.jpg 900w, https:\/\/wolnasztuka-slowart.pl\/wp-content\/uploads\/2023\/12\/Z_01-300x200.jpg 300w, https:\/\/wolnasztuka-slowart.pl\/wp-content\/uploads\/2023\/12\/Z_01-768x512.jpg 768w\" sizes=\"(max-width: 900px) 100vw, 900px\" \/>\t\t\t\t\t\t\t\t\t\t\t<figcaption class=\"widget-image-caption wp-caption-text\">Opening of the exhibition at the Library in S\u0119p\u00f3lno Kraje\u0144skie, 2014.<\/figcaption>\n\t\t\t\t\t\t\t\t\t\t<\/figure>\n\t\t\t\t\t\t\t\t\t<\/div>\n\t\t\t\t<\/div>\n\t\t\t\t\t<\/div>\n\t\t\t\t<\/div>\n\t\t\t\t<\/div>\n\t\t","protected":false},"excerpt":{"rendered":"<p>Photo-graphic herbarium according to Jaroslaw Iwaszkiewicz This herbarium was born out of our fascination with the world of plants and the works of Jaroslaw Iwaszkiewicz. Although descriptions of nature are not what one automatically associates with his writing, the discerning reader is sure to notice his botanical erudition. Besides, the author himself wrote in one [&hellip;]<\/p>\n","protected":false},"author":1,"featured_media":0,"parent":0,"menu_order":0,"comment_status":"closed","ping_status":"closed","template":"","meta":{"site-sidebar-layout":"no-sidebar","site-content-layout":"","ast-site-content-layout":"full-width-container","site-content-style":"default","site-sidebar-style":"default","ast-global-header-display":"","ast-banner-title-visibility":"","ast-main-header-display":"","ast-hfb-above-header-display":"","ast-hfb-below-header-display":"","ast-hfb-mobile-header-display":"","site-post-title":"disabled","ast-breadcrumbs-content":"","ast-featured-img":"disabled","footer-sml-layout":"","ast-disable-related-posts":"","theme-transparent-header-meta":"","adv-header-id-meta":"","stick-header-meta":"","header-above-stick-meta":"","header-main-stick-meta":"","header-below-stick-meta":"","astra-migrate-meta-layouts":"","ast-page-background-enabled":"default","ast-page-background-meta":{"desktop":{"background-color":"var(--ast-global-color-4)","background-image":"","background-repeat":"repeat","background-position":"center center","background-size":"auto","background-attachment":"scroll","background-type":"","background-media":"","overlay-type":"","overlay-color":"","overlay-opacity":"","overlay-gradient":""},"tablet":{"background-color":"","background-image":"","background-repeat":"repeat","background-position":"center center","background-size":"auto","background-attachment":"scroll","background-type":"","background-media":"","overlay-type":"","overlay-color":"","overlay-opacity":"","overlay-gradient":""},"mobile":{"background-color":"","background-image":"","background-repeat":"repeat","background-position":"center center","background-size":"auto","background-attachment":"scroll","background-type":"","background-media":"","overlay-type":"","overlay-color":"","overlay-opacity":"","overlay-gradient":""}},"ast-content-background-meta":{"desktop":{"background-color":"var(--ast-global-color-5)","background-image":"","background-repeat":"repeat","background-position":"center center","background-size":"auto","background-attachment":"scroll","background-type":"","background-media":"","overlay-type":"","overlay-color":"","overlay-opacity":"","overlay-gradient":""},"tablet":{"background-color":"var(--ast-global-color-5)","background-image":"","background-repeat":"repeat","background-position":"center center","background-size":"auto","background-attachment":"scroll","background-type":"","background-media":"","overlay-type":"","overlay-color":"","overlay-opacity":"","overlay-gradient":""},"mobile":{"background-color":"var(--ast-global-color-5)","background-image":"","background-repeat":"repeat","background-position":"center center","background-size":"auto","background-attachment":"scroll","background-type":"","background-media":"","overlay-type":"","overlay-color":"","overlay-opacity":"","overlay-gradient":""}},"_themeisle_gutenberg_block_has_review":false,"footnotes":""},"class_list":["post-1544","page","type-page","status-publish","hentry"],"yoast_head":"<!-- This site is optimized with the Yoast SEO plugin v26.8 - https:\/\/yoast.com\/product\/yoast-seo-wordpress\/ -->\n<title>Herbarium - Wolna sztuka-Slow Art<\/title>\n<meta name=\"robots\" content=\"index, follow, max-snippet:-1, max-image-preview:large, max-video-preview:-1\" \/>\n<link rel=\"canonical\" href=\"https:\/\/wolnasztuka-slowart.pl\/?page_id=1544&lang=en\" \/>\n<meta property=\"og:locale\" content=\"pl_PL\" \/>\n<meta property=\"og:type\" content=\"article\" \/>\n<meta property=\"og:title\" content=\"Herbarium - Wolna sztuka-Slow Art\" \/>\n<meta property=\"og:description\" content=\"Photo-graphic herbarium according to Jaroslaw Iwaszkiewicz This herbarium was born out of our fascination with the world of plants and the works of Jaroslaw Iwaszkiewicz. Although descriptions of nature are not what one automatically associates with his writing, the discerning reader is sure to notice his botanical erudition. Besides, the author himself wrote in one [&hellip;]\" \/>\n<meta property=\"og:url\" content=\"https:\/\/wolnasztuka-slowart.pl\/?page_id=1544&amp;lang=en\" \/>\n<meta property=\"og:site_name\" content=\"Wolna sztuka-Slow Art\" \/>\n<meta property=\"article:modified_time\" content=\"2024-01-29T08:49:21+00:00\" \/>\n<meta property=\"og:image\" content=\"https:\/\/wolnasztuka-slowart.pl\/wp-content\/uploads\/2023\/10\/ALBUM_ZIELNIK_02.jpg\" \/>\n<meta name=\"twitter:card\" content=\"summary_large_image\" \/>\n<meta name=\"twitter:label1\" content=\"Szacowany czas czytania\" \/>\n\t<meta name=\"twitter:data1\" content=\"3 minuty\" \/>\n<script type=\"application\/ld+json\" class=\"yoast-schema-graph\">{\"@context\":\"https:\/\/schema.org\",\"@graph\":[{\"@type\":\"WebPage\",\"@id\":\"https:\/\/wolnasztuka-slowart.pl\/?page_id=1544&lang=en\",\"url\":\"https:\/\/wolnasztuka-slowart.pl\/?page_id=1544&lang=en\",\"name\":\"Herbarium - Wolna sztuka-Slow Art\",\"isPartOf\":{\"@id\":\"https:\/\/wolnasztuka-slowart.pl\/#website\"},\"primaryImageOfPage\":{\"@id\":\"https:\/\/wolnasztuka-slowart.pl\/?page_id=1544&lang=en#primaryimage\"},\"image\":{\"@id\":\"https:\/\/wolnasztuka-slowart.pl\/?page_id=1544&lang=en#primaryimage\"},\"thumbnailUrl\":\"https:\/\/wolnasztuka-slowart.pl\/wp-content\/uploads\/2023\/10\/ALBUM_ZIELNIK_02.jpg\",\"datePublished\":\"2023-12-17T12:11:48+00:00\",\"dateModified\":\"2024-01-29T08:49:21+00:00\",\"breadcrumb\":{\"@id\":\"https:\/\/wolnasztuka-slowart.pl\/?page_id=1544&lang=en#breadcrumb\"},\"inLanguage\":\"pl-PL\",\"potentialAction\":[{\"@type\":\"ReadAction\",\"target\":[\"https:\/\/wolnasztuka-slowart.pl\/?page_id=1544&lang=en\"]}]},{\"@type\":\"ImageObject\",\"inLanguage\":\"pl-PL\",\"@id\":\"https:\/\/wolnasztuka-slowart.pl\/?page_id=1544&lang=en#primaryimage\",\"url\":\"https:\/\/wolnasztuka-slowart.pl\/wp-content\/uploads\/2023\/10\/ALBUM_ZIELNIK_02.jpg\",\"contentUrl\":\"https:\/\/wolnasztuka-slowart.pl\/wp-content\/uploads\/2023\/10\/ALBUM_ZIELNIK_02.jpg\",\"width\":1200,\"height\":600},{\"@type\":\"BreadcrumbList\",\"@id\":\"https:\/\/wolnasztuka-slowart.pl\/?page_id=1544&lang=en#breadcrumb\",\"itemListElement\":[{\"@type\":\"ListItem\",\"position\":1,\"name\":\"Strona g\u0142\u00f3wna\",\"item\":\"https:\/\/wolnasztuka-slowart.pl\/?page_id=346&lang=pl\"},{\"@type\":\"ListItem\",\"position\":2,\"name\":\"Herbarium\"}]},{\"@type\":\"WebSite\",\"@id\":\"https:\/\/wolnasztuka-slowart.pl\/#website\",\"url\":\"https:\/\/wolnasztuka-slowart.pl\/\",\"name\":\"Wolna sztuka-Slow Art\",\"description\":\"Galeria Magdaleny Jask\u0142owskiej-Englisz i Marka Englisza prezentuj\u0105ca prace z zakresu sztuki w\u0142\u00f3kna, fotografii, projektowania graficznego, promuj\u0105ca Woln\u0105 sztuk\u0119\/Slow Art.\",\"publisher\":{\"@id\":\"https:\/\/wolnasztuka-slowart.pl\/#organization\"},\"potentialAction\":[{\"@type\":\"SearchAction\",\"target\":{\"@type\":\"EntryPoint\",\"urlTemplate\":\"https:\/\/wolnasztuka-slowart.pl\/?s={search_term_string}\"},\"query-input\":{\"@type\":\"PropertyValueSpecification\",\"valueRequired\":true,\"valueName\":\"search_term_string\"}}],\"inLanguage\":\"pl-PL\"},{\"@type\":\"Organization\",\"@id\":\"https:\/\/wolnasztuka-slowart.pl\/#organization\",\"name\":\"Wolna sztuka-Slow Art\",\"url\":\"https:\/\/wolnasztuka-slowart.pl\/\",\"logo\":{\"@type\":\"ImageObject\",\"inLanguage\":\"pl-PL\",\"@id\":\"https:\/\/wolnasztuka-slowart.pl\/#\/schema\/logo\/image\/\",\"url\":\"https:\/\/wolnasztuka-slowart.pl\/wp-content\/uploads\/2023\/11\/LOGO.jpg\",\"contentUrl\":\"https:\/\/wolnasztuka-slowart.pl\/wp-content\/uploads\/2023\/11\/LOGO.jpg\",\"width\":352,\"height\":386,\"caption\":\"Wolna sztuka-Slow Art\"},\"image\":{\"@id\":\"https:\/\/wolnasztuka-slowart.pl\/#\/schema\/logo\/image\/\"}}]}<\/script>\n<!-- \/ Yoast SEO plugin. -->","yoast_head_json":{"title":"Herbarium - Wolna sztuka-Slow Art","robots":{"index":"index","follow":"follow","max-snippet":"max-snippet:-1","max-image-preview":"max-image-preview:large","max-video-preview":"max-video-preview:-1"},"canonical":"https:\/\/wolnasztuka-slowart.pl\/?page_id=1544&lang=en","og_locale":"pl_PL","og_type":"article","og_title":"Herbarium - Wolna sztuka-Slow Art","og_description":"Photo-graphic herbarium according to Jaroslaw Iwaszkiewicz This herbarium was born out of our fascination with the world of plants and the works of Jaroslaw Iwaszkiewicz. Although descriptions of nature are not what one automatically associates with his writing, the discerning reader is sure to notice his botanical erudition. Besides, the author himself wrote in one [&hellip;]","og_url":"https:\/\/wolnasztuka-slowart.pl\/?page_id=1544&lang=en","og_site_name":"Wolna sztuka-Slow Art","article_modified_time":"2024-01-29T08:49:21+00:00","og_image":[{"url":"https:\/\/wolnasztuka-slowart.pl\/wp-content\/uploads\/2023\/10\/ALBUM_ZIELNIK_02.jpg","type":"","width":"","height":""}],"twitter_card":"summary_large_image","twitter_misc":{"Szacowany czas czytania":"3 minuty"},"schema":{"@context":"https:\/\/schema.org","@graph":[{"@type":"WebPage","@id":"https:\/\/wolnasztuka-slowart.pl\/?page_id=1544&lang=en","url":"https:\/\/wolnasztuka-slowart.pl\/?page_id=1544&lang=en","name":"Herbarium - Wolna sztuka-Slow Art","isPartOf":{"@id":"https:\/\/wolnasztuka-slowart.pl\/#website"},"primaryImageOfPage":{"@id":"https:\/\/wolnasztuka-slowart.pl\/?page_id=1544&lang=en#primaryimage"},"image":{"@id":"https:\/\/wolnasztuka-slowart.pl\/?page_id=1544&lang=en#primaryimage"},"thumbnailUrl":"https:\/\/wolnasztuka-slowart.pl\/wp-content\/uploads\/2023\/10\/ALBUM_ZIELNIK_02.jpg","datePublished":"2023-12-17T12:11:48+00:00","dateModified":"2024-01-29T08:49:21+00:00","breadcrumb":{"@id":"https:\/\/wolnasztuka-slowart.pl\/?page_id=1544&lang=en#breadcrumb"},"inLanguage":"pl-PL","potentialAction":[{"@type":"ReadAction","target":["https:\/\/wolnasztuka-slowart.pl\/?page_id=1544&lang=en"]}]},{"@type":"ImageObject","inLanguage":"pl-PL","@id":"https:\/\/wolnasztuka-slowart.pl\/?page_id=1544&lang=en#primaryimage","url":"https:\/\/wolnasztuka-slowart.pl\/wp-content\/uploads\/2023\/10\/ALBUM_ZIELNIK_02.jpg","contentUrl":"https:\/\/wolnasztuka-slowart.pl\/wp-content\/uploads\/2023\/10\/ALBUM_ZIELNIK_02.jpg","width":1200,"height":600},{"@type":"BreadcrumbList","@id":"https:\/\/wolnasztuka-slowart.pl\/?page_id=1544&lang=en#breadcrumb","itemListElement":[{"@type":"ListItem","position":1,"name":"Strona g\u0142\u00f3wna","item":"https:\/\/wolnasztuka-slowart.pl\/?page_id=346&lang=pl"},{"@type":"ListItem","position":2,"name":"Herbarium"}]},{"@type":"WebSite","@id":"https:\/\/wolnasztuka-slowart.pl\/#website","url":"https:\/\/wolnasztuka-slowart.pl\/","name":"Wolna sztuka-Slow Art","description":"Galeria Magdaleny Jask\u0142owskiej-Englisz i Marka Englisza prezentuj\u0105ca prace z zakresu sztuki w\u0142\u00f3kna, fotografii, projektowania graficznego, promuj\u0105ca Woln\u0105 sztuk\u0119\/Slow Art.","publisher":{"@id":"https:\/\/wolnasztuka-slowart.pl\/#organization"},"potentialAction":[{"@type":"SearchAction","target":{"@type":"EntryPoint","urlTemplate":"https:\/\/wolnasztuka-slowart.pl\/?s={search_term_string}"},"query-input":{"@type":"PropertyValueSpecification","valueRequired":true,"valueName":"search_term_string"}}],"inLanguage":"pl-PL"},{"@type":"Organization","@id":"https:\/\/wolnasztuka-slowart.pl\/#organization","name":"Wolna sztuka-Slow Art","url":"https:\/\/wolnasztuka-slowart.pl\/","logo":{"@type":"ImageObject","inLanguage":"pl-PL","@id":"https:\/\/wolnasztuka-slowart.pl\/#\/schema\/logo\/image\/","url":"https:\/\/wolnasztuka-slowart.pl\/wp-content\/uploads\/2023\/11\/LOGO.jpg","contentUrl":"https:\/\/wolnasztuka-slowart.pl\/wp-content\/uploads\/2023\/11\/LOGO.jpg","width":352,"height":386,"caption":"Wolna sztuka-Slow Art"},"image":{"@id":"https:\/\/wolnasztuka-slowart.pl\/#\/schema\/logo\/image\/"}}]}},"_links":{"self":[{"href":"https:\/\/wolnasztuka-slowart.pl\/index.php?rest_route=\/wp\/v2\/pages\/1544","targetHints":{"allow":["GET"]}}],"collection":[{"href":"https:\/\/wolnasztuka-slowart.pl\/index.php?rest_route=\/wp\/v2\/pages"}],"about":[{"href":"https:\/\/wolnasztuka-slowart.pl\/index.php?rest_route=\/wp\/v2\/types\/page"}],"author":[{"embeddable":true,"href":"https:\/\/wolnasztuka-slowart.pl\/index.php?rest_route=\/wp\/v2\/users\/1"}],"replies":[{"embeddable":true,"href":"https:\/\/wolnasztuka-slowart.pl\/index.php?rest_route=%2Fwp%2Fv2%2Fcomments&post=1544"}],"version-history":[{"count":17,"href":"https:\/\/wolnasztuka-slowart.pl\/index.php?rest_route=\/wp\/v2\/pages\/1544\/revisions"}],"predecessor-version":[{"id":2410,"href":"https:\/\/wolnasztuka-slowart.pl\/index.php?rest_route=\/wp\/v2\/pages\/1544\/revisions\/2410"}],"wp:attachment":[{"href":"https:\/\/wolnasztuka-slowart.pl\/index.php?rest_route=%2Fwp%2Fv2%2Fmedia&parent=1544"}],"curies":[{"name":"wp","href":"https:\/\/api.w.org\/{rel}","templated":true}]}}