{"id":153,"date":"2023-11-01T16:53:32","date_gmt":"2023-11-01T15:53:32","guid":{"rendered":"https:\/\/wolnasztuka-slowart.pl\/?page_id=153"},"modified":"2024-01-24T14:13:25","modified_gmt":"2024-01-24T13:13:25","slug":"galeria-marek","status":"publish","type":"page","link":"https:\/\/wolnasztuka-slowart.pl\/?page_id=153&lang=pl","title":{"rendered":"Galeria Marek"},"content":{"rendered":"\t\t<div data-elementor-type=\"wp-page\" data-elementor-id=\"153\" class=\"elementor elementor-153\">\n\t\t\t\t<div class=\"elementor-element elementor-element-12db897 e-flex e-con-boxed e-con e-parent\" data-id=\"12db897\" data-element_type=\"container\">\n\t\t\t\t\t<div class=\"e-con-inner\">\n\t\t\t\t<div class=\"elementor-element elementor-element-331730a elementor-widget elementor-widget-image\" data-id=\"331730a\" data-element_type=\"widget\" data-widget_type=\"image.default\">\n\t\t\t\t<div class=\"elementor-widget-container\">\n\t\t\t\t\t\t\t\t\t\t\t\t\t\t\t<img fetchpriority=\"high\" decoding=\"async\" width=\"1200\" height=\"224\" src=\"https:\/\/wolnasztuka-slowart.pl\/wp-content\/uploads\/2023\/12\/BELKA_K.jpg\" class=\"attachment-full size-full wp-image-782\" alt=\"\" srcset=\"https:\/\/wolnasztuka-slowart.pl\/wp-content\/uploads\/2023\/12\/BELKA_K.jpg 1200w, https:\/\/wolnasztuka-slowart.pl\/wp-content\/uploads\/2023\/12\/BELKA_K-300x56.jpg 300w, https:\/\/wolnasztuka-slowart.pl\/wp-content\/uploads\/2023\/12\/BELKA_K-1024x191.jpg 1024w, https:\/\/wolnasztuka-slowart.pl\/wp-content\/uploads\/2023\/12\/BELKA_K-768x143.jpg 768w\" sizes=\"(max-width: 1200px) 100vw, 1200px\" \/>\t\t\t\t\t\t\t\t\t\t\t\t\t\t\t<\/div>\n\t\t\t\t<\/div>\n\t\t\t\t\t<\/div>\n\t\t\t\t<\/div>\n\t\t<div class=\"elementor-element elementor-element-3389978 e-flex e-con-boxed e-con e-parent\" data-id=\"3389978\" data-element_type=\"container\">\n\t\t\t\t\t<div class=\"e-con-inner\">\n\t\t\t\t<div class=\"elementor-element elementor-element-dfcd8b3 elementor-widget elementor-widget-image\" data-id=\"dfcd8b3\" data-element_type=\"widget\" data-widget_type=\"image.default\">\n\t\t\t\t<div class=\"elementor-widget-container\">\n\t\t\t\t\t\t\t\t\t\t\t\t<figure class=\"wp-caption\">\n\t\t\t\t\t\t\t\t\t\t\t<a href=\"https:\/\/wolnasztuka-slowart.pl\/?page_id=214\" target=\"_blank\">\n\t\t\t\t\t\t\t<img decoding=\"async\" src=\"https:\/\/wolnasztuka-slowart.pl\/wp-content\/uploads\/elementor\/thumbs\/Gal-graf-1-qifzetkrkls1b1nse9ufx2lrstq6s1j9xiv7fv625s.jpg\" title=\"Grafiki\" alt=\"Grafiki\" loading=\"lazy\" \/>\t\t\t\t\t\t\t\t<\/a>\n\t\t\t\t\t\t\t\t\t\t\t<figcaption class=\"widget-image-caption wp-caption-text\"><\/figcaption>\n\t\t\t\t\t\t\t\t\t\t<\/figure>\n\t\t\t\t\t\t\t\t\t<\/div>\n\t\t\t\t<\/div>\n\t\t\t\t<div class=\"elementor-element elementor-element-18cbb45 elementor-widget elementor-widget-image\" data-id=\"18cbb45\" data-element_type=\"widget\" data-widget_type=\"image.default\">\n\t\t\t\t<div class=\"elementor-widget-container\">\n\t\t\t\t\t\t\t\t\t\t\t\t<figure class=\"wp-caption\">\n\t\t\t\t\t\t\t\t\t\t\t<a href=\"https:\/\/wolnasztuka-slowart.pl\/?page_id=245\" target=\"_blank\">\n\t\t\t\t\t\t\t<img decoding=\"async\" src=\"https:\/\/wolnasztuka-slowart.pl\/wp-content\/uploads\/elementor\/thumbs\/GAL_plakaty-1-qifzesmxdrqqzfp5jrftckub7futkcfjle7pyl7gc0.jpg\" title=\"Plakaty\" alt=\"Plakaty\" loading=\"lazy\" \/>\t\t\t\t\t\t\t\t<\/a>\n\t\t\t\t\t\t\t\t\t\t\t<figcaption class=\"widget-image-caption wp-caption-text\"><\/figcaption>\n\t\t\t\t\t\t\t\t\t\t<\/figure>\n\t\t\t\t\t\t\t\t\t<\/div>\n\t\t\t\t<\/div>\n\t\t\t\t<div class=\"elementor-element elementor-element-ace144e elementor-widget elementor-widget-image\" data-id=\"ace144e\" data-element_type=\"widget\" data-widget_type=\"image.default\">\n\t\t\t\t<div class=\"elementor-widget-container\">\n\t\t\t\t\t\t\t\t\t\t\t\t\t\t\t\t<a href=\"https:\/\/wolnasztuka-slowart.pl\/?page_id=337\" target=\"_blank\">\n\t\t\t\t\t\t\t<img decoding=\"async\" src=\"https:\/\/wolnasztuka-slowart.pl\/wp-content\/uploads\/elementor\/thumbs\/Gal_foto-1-qifzetkrkls1b1nse9ufx2lrstq6s1j9xiv7fv625s.jpg\" title=\"Fotografie\" alt=\"Fotografie\" loading=\"lazy\" \/>\t\t\t\t\t\t\t\t<\/a>\n\t\t\t\t\t\t\t\t\t\t\t\t\t\t\t<\/div>\n\t\t\t\t<\/div>\n\t\t\t\t\t<\/div>\n\t\t\t\t<\/div>\n\t\t\t\t<\/div>\n\t\t","protected":false},"excerpt":{"rendered":"","protected":false},"author":1,"featured_media":0,"parent":0,"menu_order":0,"comment_status":"closed","ping_status":"closed","template":"","meta":{"site-sidebar-layout":"no-sidebar","site-content-layout":"","ast-site-content-layout":"default","site-content-style":"default","site-sidebar-style":"default","ast-global-header-display":"","ast-banner-title-visibility":"","ast-main-header-display":"","ast-hfb-above-header-display":"","ast-hfb-below-header-display":"","ast-hfb-mobile-header-display":"","site-post-title":"disabled","ast-breadcrumbs-content":"","ast-featured-img":"disabled","footer-sml-layout":"","ast-disable-related-posts":"","theme-transparent-header-meta":"","adv-header-id-meta":"","stick-header-meta":"","header-above-stick-meta":"","header-main-stick-meta":"","header-below-stick-meta":"","astra-migrate-meta-layouts":"","ast-page-background-enabled":"default","ast-page-background-meta":{"desktop":{"background-color":"var(--ast-global-color-4)","background-image":"","background-repeat":"repeat","background-position":"center center","background-size":"auto","background-attachment":"scroll","background-type":"","background-media":"","overlay-type":"","overlay-color":"","overlay-opacity":"","overlay-gradient":""},"tablet":{"background-color":"","background-image":"","background-repeat":"repeat","background-position":"center center","background-size":"auto","background-attachment":"scroll","background-type":"","background-media":"","overlay-type":"","overlay-color":"","overlay-opacity":"","overlay-gradient":""},"mobile":{"background-color":"","background-image":"","background-repeat":"repeat","background-position":"center center","background-size":"auto","background-attachment":"scroll","background-type":"","background-media":"","overlay-type":"","overlay-color":"","overlay-opacity":"","overlay-gradient":""}},"ast-content-background-meta":{"desktop":{"background-color":"var(--ast-global-color-5)","background-image":"","background-repeat":"repeat","background-position":"center center","background-size":"auto","background-attachment":"scroll","background-type":"","background-media":"","overlay-type":"","overlay-color":"","overlay-opacity":"","overlay-gradient":""},"tablet":{"background-color":"var(--ast-global-color-5)","background-image":"","background-repeat":"repeat","background-position":"center center","background-size":"auto","background-attachment":"scroll","background-type":"","background-media":"","overlay-type":"","overlay-color":"","overlay-opacity":"","overlay-gradient":""},"mobile":{"background-color":"var(--ast-global-color-5)","background-image":"","background-repeat":"repeat","background-position":"center center","background-size":"auto","background-attachment":"scroll","background-type":"","background-media":"","overlay-type":"","overlay-color":"","overlay-opacity":"","overlay-gradient":""}},"_themeisle_gutenberg_block_has_review":false,"footnotes":""},"class_list":["post-153","page","type-page","status-publish","hentry"],"yoast_head":"<!-- This site is optimized with the Yoast SEO plugin v26.8 - https:\/\/yoast.com\/product\/yoast-seo-wordpress\/ -->\n<title>Galeria Marka Englisza - Wolna sztuka-Slow Art<\/title>\n<meta name=\"description\" content=\"Galeria prac Marka Englisza z zakresu fotografii, plakatu i grafiki komputerowej, promuj\u0105ca woln\u0105 sztuk\u0119 \/ slow art.\" \/>\n<meta name=\"robots\" content=\"index, follow, max-snippet:-1, max-image-preview:large, max-video-preview:-1\" \/>\n<link rel=\"canonical\" href=\"https:\/\/wolnasztuka-slowart.pl\/?page_id=153&lang=pl\" \/>\n<meta property=\"og:locale\" content=\"pl_PL\" \/>\n<meta property=\"og:type\" content=\"article\" \/>\n<meta property=\"og:title\" content=\"Galeria Marka Englisza - Wolna sztuka-Slow Art\" \/>\n<meta property=\"og:description\" content=\"Galeria prac Marka Englisza z zakresu fotografii, plakatu i grafiki komputerowej, promuj\u0105ca woln\u0105 sztuk\u0119 \/ slow art.\" \/>\n<meta property=\"og:url\" content=\"https:\/\/wolnasztuka-slowart.pl\/?page_id=153&amp;lang=pl\" \/>\n<meta property=\"og:site_name\" content=\"Wolna sztuka-Slow Art\" \/>\n<meta property=\"article:modified_time\" content=\"2024-01-24T13:13:25+00:00\" \/>\n<meta property=\"og:image\" content=\"https:\/\/wolnasztuka-slowart.pl\/wp-content\/uploads\/2023\/12\/BELKA_K.jpg\" \/>\n<meta name=\"twitter:card\" content=\"summary_large_image\" \/>\n<meta name=\"twitter:label1\" content=\"Szacowany czas czytania\" \/>\n\t<meta name=\"twitter:data1\" content=\"1 minuta\" \/>\n<script type=\"application\/ld+json\" class=\"yoast-schema-graph\">{\"@context\":\"https:\/\/schema.org\",\"@graph\":[{\"@type\":\"WebPage\",\"@id\":\"https:\/\/wolnasztuka-slowart.pl\/?page_id=153&lang=pl\",\"url\":\"https:\/\/wolnasztuka-slowart.pl\/?page_id=153&lang=pl\",\"name\":\"Galeria Marka Englisza - Wolna sztuka-Slow Art\",\"isPartOf\":{\"@id\":\"https:\/\/wolnasztuka-slowart.pl\/#website\"},\"primaryImageOfPage\":{\"@id\":\"https:\/\/wolnasztuka-slowart.pl\/?page_id=153&lang=pl#primaryimage\"},\"image\":{\"@id\":\"https:\/\/wolnasztuka-slowart.pl\/?page_id=153&lang=pl#primaryimage\"},\"thumbnailUrl\":\"https:\/\/wolnasztuka-slowart.pl\/wp-content\/uploads\/2023\/12\/BELKA_K.jpg\",\"datePublished\":\"2023-11-01T15:53:32+00:00\",\"dateModified\":\"2024-01-24T13:13:25+00:00\",\"description\":\"Galeria prac Marka Englisza z zakresu fotografii, plakatu i grafiki komputerowej, promuj\u0105ca woln\u0105 sztuk\u0119 \/ slow art.\",\"breadcrumb\":{\"@id\":\"https:\/\/wolnasztuka-slowart.pl\/?page_id=153&lang=pl#breadcrumb\"},\"inLanguage\":\"pl-PL\",\"potentialAction\":[{\"@type\":\"ReadAction\",\"target\":[\"https:\/\/wolnasztuka-slowart.pl\/?page_id=153&lang=pl\"]}]},{\"@type\":\"ImageObject\",\"inLanguage\":\"pl-PL\",\"@id\":\"https:\/\/wolnasztuka-slowart.pl\/?page_id=153&lang=pl#primaryimage\",\"url\":\"https:\/\/wolnasztuka-slowart.pl\/wp-content\/uploads\/2023\/12\/BELKA_K.jpg\",\"contentUrl\":\"https:\/\/wolnasztuka-slowart.pl\/wp-content\/uploads\/2023\/12\/BELKA_K.jpg\",\"width\":1200,\"height\":224},{\"@type\":\"BreadcrumbList\",\"@id\":\"https:\/\/wolnasztuka-slowart.pl\/?page_id=153&lang=pl#breadcrumb\",\"itemListElement\":[{\"@type\":\"ListItem\",\"position\":1,\"name\":\"Strona g\u0142\u00f3wna\",\"item\":\"https:\/\/wolnasztuka-slowart.pl\/?page_id=346&lang=pl\"},{\"@type\":\"ListItem\",\"position\":2,\"name\":\"Galeria Marek\"}]},{\"@type\":\"WebSite\",\"@id\":\"https:\/\/wolnasztuka-slowart.pl\/#website\",\"url\":\"https:\/\/wolnasztuka-slowart.pl\/\",\"name\":\"Wolna sztuka-Slow Art\",\"description\":\"Galeria Magdaleny Jask\u0142owskiej-Englisz i Marka Englisza prezentuj\u0105ca prace z zakresu sztuki w\u0142\u00f3kna, fotografii, projektowania graficznego, promuj\u0105ca Woln\u0105 sztuk\u0119\/Slow Art.\",\"publisher\":{\"@id\":\"https:\/\/wolnasztuka-slowart.pl\/#organization\"},\"potentialAction\":[{\"@type\":\"SearchAction\",\"target\":{\"@type\":\"EntryPoint\",\"urlTemplate\":\"https:\/\/wolnasztuka-slowart.pl\/?s={search_term_string}\"},\"query-input\":{\"@type\":\"PropertyValueSpecification\",\"valueRequired\":true,\"valueName\":\"search_term_string\"}}],\"inLanguage\":\"pl-PL\"},{\"@type\":\"Organization\",\"@id\":\"https:\/\/wolnasztuka-slowart.pl\/#organization\",\"name\":\"Wolna sztuka-Slow Art\",\"url\":\"https:\/\/wolnasztuka-slowart.pl\/\",\"logo\":{\"@type\":\"ImageObject\",\"inLanguage\":\"pl-PL\",\"@id\":\"https:\/\/wolnasztuka-slowart.pl\/#\/schema\/logo\/image\/\",\"url\":\"https:\/\/wolnasztuka-slowart.pl\/wp-content\/uploads\/2023\/11\/LOGO.jpg\",\"contentUrl\":\"https:\/\/wolnasztuka-slowart.pl\/wp-content\/uploads\/2023\/11\/LOGO.jpg\",\"width\":352,\"height\":386,\"caption\":\"Wolna sztuka-Slow Art\"},\"image\":{\"@id\":\"https:\/\/wolnasztuka-slowart.pl\/#\/schema\/logo\/image\/\"}}]}<\/script>\n<!-- \/ Yoast SEO plugin. -->","yoast_head_json":{"title":"Galeria Marka Englisza - Wolna sztuka-Slow Art","description":"Galeria prac Marka Englisza z zakresu fotografii, plakatu i grafiki komputerowej, promuj\u0105ca woln\u0105 sztuk\u0119 \/ slow art.","robots":{"index":"index","follow":"follow","max-snippet":"max-snippet:-1","max-image-preview":"max-image-preview:large","max-video-preview":"max-video-preview:-1"},"canonical":"https:\/\/wolnasztuka-slowart.pl\/?page_id=153&lang=pl","og_locale":"pl_PL","og_type":"article","og_title":"Galeria Marka Englisza - Wolna sztuka-Slow Art","og_description":"Galeria prac Marka Englisza z zakresu fotografii, plakatu i grafiki komputerowej, promuj\u0105ca woln\u0105 sztuk\u0119 \/ slow art.","og_url":"https:\/\/wolnasztuka-slowart.pl\/?page_id=153&lang=pl","og_site_name":"Wolna sztuka-Slow Art","article_modified_time":"2024-01-24T13:13:25+00:00","og_image":[{"url":"https:\/\/wolnasztuka-slowart.pl\/wp-content\/uploads\/2023\/12\/BELKA_K.jpg","type":"","width":"","height":""}],"twitter_card":"summary_large_image","twitter_misc":{"Szacowany czas czytania":"1 minuta"},"schema":{"@context":"https:\/\/schema.org","@graph":[{"@type":"WebPage","@id":"https:\/\/wolnasztuka-slowart.pl\/?page_id=153&lang=pl","url":"https:\/\/wolnasztuka-slowart.pl\/?page_id=153&lang=pl","name":"Galeria Marka Englisza - Wolna sztuka-Slow Art","isPartOf":{"@id":"https:\/\/wolnasztuka-slowart.pl\/#website"},"primaryImageOfPage":{"@id":"https:\/\/wolnasztuka-slowart.pl\/?page_id=153&lang=pl#primaryimage"},"image":{"@id":"https:\/\/wolnasztuka-slowart.pl\/?page_id=153&lang=pl#primaryimage"},"thumbnailUrl":"https:\/\/wolnasztuka-slowart.pl\/wp-content\/uploads\/2023\/12\/BELKA_K.jpg","datePublished":"2023-11-01T15:53:32+00:00","dateModified":"2024-01-24T13:13:25+00:00","description":"Galeria prac Marka Englisza z zakresu fotografii, plakatu i grafiki komputerowej, promuj\u0105ca woln\u0105 sztuk\u0119 \/ slow art.","breadcrumb":{"@id":"https:\/\/wolnasztuka-slowart.pl\/?page_id=153&lang=pl#breadcrumb"},"inLanguage":"pl-PL","potentialAction":[{"@type":"ReadAction","target":["https:\/\/wolnasztuka-slowart.pl\/?page_id=153&lang=pl"]}]},{"@type":"ImageObject","inLanguage":"pl-PL","@id":"https:\/\/wolnasztuka-slowart.pl\/?page_id=153&lang=pl#primaryimage","url":"https:\/\/wolnasztuka-slowart.pl\/wp-content\/uploads\/2023\/12\/BELKA_K.jpg","contentUrl":"https:\/\/wolnasztuka-slowart.pl\/wp-content\/uploads\/2023\/12\/BELKA_K.jpg","width":1200,"height":224},{"@type":"BreadcrumbList","@id":"https:\/\/wolnasztuka-slowart.pl\/?page_id=153&lang=pl#breadcrumb","itemListElement":[{"@type":"ListItem","position":1,"name":"Strona g\u0142\u00f3wna","item":"https:\/\/wolnasztuka-slowart.pl\/?page_id=346&lang=pl"},{"@type":"ListItem","position":2,"name":"Galeria Marek"}]},{"@type":"WebSite","@id":"https:\/\/wolnasztuka-slowart.pl\/#website","url":"https:\/\/wolnasztuka-slowart.pl\/","name":"Wolna sztuka-Slow Art","description":"Galeria Magdaleny Jask\u0142owskiej-Englisz i Marka Englisza prezentuj\u0105ca prace z zakresu sztuki w\u0142\u00f3kna, fotografii, projektowania graficznego, promuj\u0105ca Woln\u0105 sztuk\u0119\/Slow Art.","publisher":{"@id":"https:\/\/wolnasztuka-slowart.pl\/#organization"},"potentialAction":[{"@type":"SearchAction","target":{"@type":"EntryPoint","urlTemplate":"https:\/\/wolnasztuka-slowart.pl\/?s={search_term_string}"},"query-input":{"@type":"PropertyValueSpecification","valueRequired":true,"valueName":"search_term_string"}}],"inLanguage":"pl-PL"},{"@type":"Organization","@id":"https:\/\/wolnasztuka-slowart.pl\/#organization","name":"Wolna sztuka-Slow Art","url":"https:\/\/wolnasztuka-slowart.pl\/","logo":{"@type":"ImageObject","inLanguage":"pl-PL","@id":"https:\/\/wolnasztuka-slowart.pl\/#\/schema\/logo\/image\/","url":"https:\/\/wolnasztuka-slowart.pl\/wp-content\/uploads\/2023\/11\/LOGO.jpg","contentUrl":"https:\/\/wolnasztuka-slowart.pl\/wp-content\/uploads\/2023\/11\/LOGO.jpg","width":352,"height":386,"caption":"Wolna sztuka-Slow Art"},"image":{"@id":"https:\/\/wolnasztuka-slowart.pl\/#\/schema\/logo\/image\/"}}]}},"_links":{"self":[{"href":"https:\/\/wolnasztuka-slowart.pl\/index.php?rest_route=\/wp\/v2\/pages\/153","targetHints":{"allow":["GET"]}}],"collection":[{"href":"https:\/\/wolnasztuka-slowart.pl\/index.php?rest_route=\/wp\/v2\/pages"}],"about":[{"href":"https:\/\/wolnasztuka-slowart.pl\/index.php?rest_route=\/wp\/v2\/types\/page"}],"author":[{"embeddable":true,"href":"https:\/\/wolnasztuka-slowart.pl\/index.php?rest_route=\/wp\/v2\/users\/1"}],"replies":[{"embeddable":true,"href":"https:\/\/wolnasztuka-slowart.pl\/index.php?rest_route=%2Fwp%2Fv2%2Fcomments&post=153"}],"version-history":[{"count":42,"href":"https:\/\/wolnasztuka-slowart.pl\/index.php?rest_route=\/wp\/v2\/pages\/153\/revisions"}],"predecessor-version":[{"id":2123,"href":"https:\/\/wolnasztuka-slowart.pl\/index.php?rest_route=\/wp\/v2\/pages\/153\/revisions\/2123"}],"wp:attachment":[{"href":"https:\/\/wolnasztuka-slowart.pl\/index.php?rest_route=%2Fwp%2Fv2%2Fmedia&parent=153"}],"curies":[{"name":"wp","href":"https:\/\/api.w.org\/{rel}","templated":true}]}}