{"id":1338,"date":"2023-12-09T13:47:36","date_gmt":"2023-12-09T12:47:36","guid":{"rendered":"https:\/\/wolnasztuka-slowart.pl\/1701272745091\/?page_id=1338"},"modified":"2024-01-29T12:38:03","modified_gmt":"2024-01-29T11:38:03","slug":"salon-odrzuconych","status":"publish","type":"page","link":"https:\/\/wolnasztuka-slowart.pl\/?page_id=1338&lang=pl","title":{"rendered":"Salon Odrzuconych"},"content":{"rendered":"\t\t<div data-elementor-type=\"wp-page\" data-elementor-id=\"1338\" class=\"elementor elementor-1338\">\n\t\t\t\t<div class=\"elementor-element elementor-element-2209e55 e-flex e-con-boxed e-con e-parent\" data-id=\"2209e55\" data-element_type=\"container\">\n\t\t\t\t\t<div class=\"e-con-inner\">\n\t\t\t\t<div class=\"elementor-element elementor-element-d4a3e47 elementor-widget elementor-widget-heading\" data-id=\"d4a3e47\" data-element_type=\"widget\" data-widget_type=\"heading.default\">\n\t\t\t\t<div class=\"elementor-widget-container\">\n\t\t\t\t\t<h2 class=\"elementor-heading-title elementor-size-default\">\"Salon Odrzuconych\"<\/h2>\t\t\t\t<\/div>\n\t\t\t\t<\/div>\n\t\t\t\t\t<\/div>\n\t\t\t\t<\/div>\n\t\t<div class=\"elementor-element elementor-element-eaa2981 e-flex e-con-boxed e-con e-parent\" data-id=\"eaa2981\" data-element_type=\"container\">\n\t\t\t\t\t<div class=\"e-con-inner\">\n\t\t\t\t<div class=\"elementor-element elementor-element-d62d1ff elementor-widget__width-initial elementor-widget elementor-widget-heading\" data-id=\"d62d1ff\" data-element_type=\"widget\" data-widget_type=\"heading.default\">\n\t\t\t\t<div class=\"elementor-widget-container\">\n\t\t\t\t\t<h3 class=\"elementor-heading-title elementor-size-default\">I wystawa tkaniny artystycznej z cyklu \"Tkanina w Muzeum\" \n   kwiecie\u0144-maj 2022<\/h3>\t\t\t\t<\/div>\n\t\t\t\t<\/div>\n\t\t\t\t\t<\/div>\n\t\t\t\t<\/div>\n\t\t<div class=\"elementor-element elementor-element-f34c089 e-flex e-con-boxed e-con e-parent\" data-id=\"f34c089\" data-element_type=\"container\">\n\t\t\t\t\t<div class=\"e-con-inner\">\n\t\t\t\t<div class=\"elementor-element elementor-element-0af77b4 elementor-widget elementor-widget-image\" data-id=\"0af77b4\" data-element_type=\"widget\" data-widget_type=\"image.default\">\n\t\t\t\t<div class=\"elementor-widget-container\">\n\t\t\t\t\t\t\t\t\t\t\t\t\t\t\t<img fetchpriority=\"high\" decoding=\"async\" width=\"908\" height=\"600\" src=\"https:\/\/wolnasztuka-slowart.pl\/wp-content\/uploads\/2023\/12\/SO_006.jpg\" class=\"attachment-large size-large wp-image-1414\" alt=\"\" srcset=\"https:\/\/wolnasztuka-slowart.pl\/wp-content\/uploads\/2023\/12\/SO_006.jpg 908w, https:\/\/wolnasztuka-slowart.pl\/wp-content\/uploads\/2023\/12\/SO_006-300x198.jpg 300w, https:\/\/wolnasztuka-slowart.pl\/wp-content\/uploads\/2023\/12\/SO_006-768x507.jpg 768w\" sizes=\"(max-width: 908px) 100vw, 908px\" \/>\t\t\t\t\t\t\t\t\t\t\t\t\t\t\t<\/div>\n\t\t\t\t<\/div>\n\t\t\t\t<div class=\"elementor-element elementor-element-d862904 elementor-widget elementor-widget-text-editor\" data-id=\"d862904\" data-element_type=\"widget\" data-widget_type=\"text-editor.default\">\n\t\t\t\t<div class=\"elementor-widget-container\">\n\t\t\t\t\t\t\t\t\t<p>Polska tkanina artystyczna od lat cieszy si\u0119 zas\u0142u\u017con\u0105 popularno\u015bci\u0105. Mamy wielu renomowanych artyst\u00f3w w tej dziedzinie. Na <em>Trzecie Biennale Tkaniny Artystycznej<\/em> w Poznaniu w 2021 roku, zatytu\u0142owane <strong>\u201ePrzysz\u0142o\u015b\u0107 Wolno\u015bci\u201d,<\/strong> zg\u0142oszono a\u017c 450 prac, z czego tylko 10% zosta\u0142o zaprezentowane. Organizatorzy sami przyznali, \u017ce wiele bardzo dobrych prac nie znalaz\u0142o si\u0119 na \u2013 ko\u0144cz\u0105cej biennale \u2013 wystawie. Na naszej wystawie zaprezentowali\u015bmy kilkana\u015bcie z nich \u2013 st\u0105d tytu\u0142 ekspozycji &#8222;Salon Odrzuconych&#8221;. Uznali\u015bmy, \u017ce s\u0105 one warte pokazania i konfrontacji z opiniami widz\u00f3w. Przygotowanie tkaniny artystycznej\u00a0 jest pracoch\u0142onne, za\u015b temat <strong>\u201ePrzysz\u0142o\u015b\u0107 Wolno\u015bci\u201d <\/strong>jest tak ciekawy, inspiruj\u0105cy i wa\u017cny, \u017ce postanowili\u015bmy pokaza\u0107 nasze przemy\u015blenia i ich materialne efekty. Prezentowane tkaniny by\u0142y bardzo zr\u00f3\u017cnicowane pod wzgl\u0119dem formy i przes\u0142ania, bo na tym przecie\u017c polega wolno\u015b\u0107.<\/p><p>Prace powstawa\u0142y w latach 2019-2021.W kwietniu 2022 roku, po inwazji Rosji na Ukrain\u0119, nie tylko nie zdezaktualizowa\u0142y si\u0119, ale nabra\u0142y nowych znacze\u0144.<\/p><p>Autorzy: Maria Je\u0142owicka; Ewa Kami\u0144ska; Joanna Lohn-Zaj\u0105c; Ewa \u0141ukiewska; Joanna Pasynkiewicz, Katarzyna Szyma\u0144ska; Jolanta Wdowczyk; Magdalena i Marek Englisz.<\/p><p>Wystawa prezentowana by\u0142a w\u00a0<a href=\"https:\/\/stawisko.pl\/\">Muzeum im. Anny i Jaros\u0142awa Iwaszkiewicz\u00f3w w Stawisku.<\/a><\/p>\t\t\t\t\t\t\t\t<\/div>\n\t\t\t\t<\/div>\n\t\t\t\t\t<\/div>\n\t\t\t\t<\/div>\n\t\t<div class=\"elementor-element elementor-element-5039a31 e-flex e-con-boxed e-con e-parent\" data-id=\"5039a31\" data-element_type=\"container\">\n\t\t\t\t\t<div class=\"e-con-inner\">\n\t\t\t\t<div class=\"elementor-element elementor-element-feb5b7a elementor-widget elementor-widget-image\" data-id=\"feb5b7a\" data-element_type=\"widget\" data-widget_type=\"image.default\">\n\t\t\t\t<div class=\"elementor-widget-container\">\n\t\t\t\t\t\t\t\t\t\t\t\t\t\t\t<img decoding=\"async\" width=\"900\" height=\"600\" src=\"https:\/\/wolnasztuka-slowart.pl\/wp-content\/uploads\/2023\/12\/SO_004.jpg\" class=\"attachment-large size-large wp-image-1408\" alt=\"\" srcset=\"https:\/\/wolnasztuka-slowart.pl\/wp-content\/uploads\/2023\/12\/SO_004.jpg 900w, https:\/\/wolnasztuka-slowart.pl\/wp-content\/uploads\/2023\/12\/SO_004-300x200.jpg 300w, https:\/\/wolnasztuka-slowart.pl\/wp-content\/uploads\/2023\/12\/SO_004-768x512.jpg 768w\" sizes=\"(max-width: 900px) 100vw, 900px\" \/>\t\t\t\t\t\t\t\t\t\t\t\t\t\t\t<\/div>\n\t\t\t\t<\/div>\n\t\t\t\t\t<\/div>\n\t\t\t\t<\/div>\n\t\t<div class=\"elementor-element elementor-element-44acbed e-flex e-con-boxed e-con e-parent\" data-id=\"44acbed\" data-element_type=\"container\">\n\t\t\t\t\t<div class=\"e-con-inner\">\n\t\t\t\t<div class=\"elementor-element elementor-element-c1d03b7 elementor-widget elementor-widget-image\" data-id=\"c1d03b7\" data-element_type=\"widget\" data-widget_type=\"image.default\">\n\t\t\t\t<div class=\"elementor-widget-container\">\n\t\t\t\t\t\t\t\t\t\t\t\t<figure class=\"wp-caption\">\n\t\t\t\t\t\t\t\t\t\t<img decoding=\"async\" width=\"616\" height=\"800\" src=\"https:\/\/wolnasztuka-slowart.pl\/wp-content\/uploads\/2023\/12\/SO_013.jpg\" class=\"attachment-large size-large wp-image-1416\" alt=\"\" srcset=\"https:\/\/wolnasztuka-slowart.pl\/wp-content\/uploads\/2023\/12\/SO_013.jpg 616w, https:\/\/wolnasztuka-slowart.pl\/wp-content\/uploads\/2023\/12\/SO_013-231x300.jpg 231w\" sizes=\"(max-width: 616px) 100vw, 616px\" \/>\t\t\t\t\t\t\t\t\t\t\t<figcaption class=\"widget-image-caption wp-caption-text\">Wernisa\u017c wystawy, Stawisko kwiecie\u0144 2022<\/figcaption>\n\t\t\t\t\t\t\t\t\t\t<\/figure>\n\t\t\t\t\t\t\t\t\t<\/div>\n\t\t\t\t<\/div>\n\t\t\t\t\t<\/div>\n\t\t\t\t<\/div>\n\t\t\t\t<\/div>\n\t\t","protected":false},"excerpt":{"rendered":"<p>&#8222;Salon Odrzuconych&#8221; I wystawa tkaniny artystycznej z cyklu &#8222;Tkanina w Muzeum&#8221; kwiecie\u0144-maj 2022 Polska tkanina artystyczna od lat cieszy si\u0119 zas\u0142u\u017con\u0105 popularno\u015bci\u0105. Mamy wielu renomowanych artyst\u00f3w w tej dziedzinie. Na Trzecie Biennale Tkaniny Artystycznej w Poznaniu w 2021 roku, zatytu\u0142owane \u201ePrzysz\u0142o\u015b\u0107 Wolno\u015bci\u201d, zg\u0142oszono a\u017c 450 prac, z czego tylko 10% zosta\u0142o zaprezentowane. Organizatorzy sami przyznali, [&hellip;]<\/p>\n","protected":false},"author":1,"featured_media":0,"parent":0,"menu_order":0,"comment_status":"closed","ping_status":"closed","template":"","meta":{"site-sidebar-layout":"no-sidebar","site-content-layout":"","ast-site-content-layout":"full-width-container","site-content-style":"default","site-sidebar-style":"default","ast-global-header-display":"","ast-banner-title-visibility":"","ast-main-header-display":"","ast-hfb-above-header-display":"","ast-hfb-below-header-display":"","ast-hfb-mobile-header-display":"","site-post-title":"disabled","ast-breadcrumbs-content":"","ast-featured-img":"disabled","footer-sml-layout":"","ast-disable-related-posts":"","theme-transparent-header-meta":"","adv-header-id-meta":"","stick-header-meta":"","header-above-stick-meta":"","header-main-stick-meta":"","header-below-stick-meta":"","astra-migrate-meta-layouts":"default","ast-page-background-enabled":"default","ast-page-background-meta":{"desktop":{"background-color":"var(--ast-global-color-4)","background-image":"","background-repeat":"repeat","background-position":"center center","background-size":"auto","background-attachment":"scroll","background-type":"","background-media":"","overlay-type":"","overlay-color":"","overlay-opacity":"","overlay-gradient":""},"tablet":{"background-color":"","background-image":"","background-repeat":"repeat","background-position":"center center","background-size":"auto","background-attachment":"scroll","background-type":"","background-media":"","overlay-type":"","overlay-color":"","overlay-opacity":"","overlay-gradient":""},"mobile":{"background-color":"","background-image":"","background-repeat":"repeat","background-position":"center center","background-size":"auto","background-attachment":"scroll","background-type":"","background-media":"","overlay-type":"","overlay-color":"","overlay-opacity":"","overlay-gradient":""}},"ast-content-background-meta":{"desktop":{"background-color":"var(--ast-global-color-5)","background-image":"","background-repeat":"repeat","background-position":"center center","background-size":"auto","background-attachment":"scroll","background-type":"","background-media":"","overlay-type":"","overlay-color":"","overlay-opacity":"","overlay-gradient":""},"tablet":{"background-color":"var(--ast-global-color-5)","background-image":"","background-repeat":"repeat","background-position":"center center","background-size":"auto","background-attachment":"scroll","background-type":"","background-media":"","overlay-type":"","overlay-color":"","overlay-opacity":"","overlay-gradient":""},"mobile":{"background-color":"var(--ast-global-color-5)","background-image":"","background-repeat":"repeat","background-position":"center center","background-size":"auto","background-attachment":"scroll","background-type":"","background-media":"","overlay-type":"","overlay-color":"","overlay-opacity":"","overlay-gradient":""}},"_themeisle_gutenberg_block_has_review":false,"footnotes":""},"class_list":["post-1338","page","type-page","status-publish","hentry"],"yoast_head":"<!-- This site is optimized with the Yoast SEO plugin v26.8 - https:\/\/yoast.com\/product\/yoast-seo-wordpress\/ -->\n<title>Salon Odrzuconych - Wolna sztuka-Slow Art<\/title>\n<meta name=\"description\" content=\"I wystawa tkaniny artystycznej z cyklu &quot;Tkanina w Muzeum&quot; odby\u0142a si\u0119 kwietniu-maju 2022 w Muzeum A .i J. Iwaszkiewicz\u00f3w w Stawisku.\" \/>\n<meta name=\"robots\" content=\"index, follow, max-snippet:-1, max-image-preview:large, max-video-preview:-1\" \/>\n<link rel=\"canonical\" href=\"https:\/\/wolnasztuka-slowart.pl\/?page_id=1338&lang=pl\" \/>\n<meta property=\"og:locale\" content=\"pl_PL\" \/>\n<meta property=\"og:type\" content=\"article\" \/>\n<meta property=\"og:title\" content=\"Salon Odrzuconych - Wolna sztuka-Slow Art\" \/>\n<meta property=\"og:description\" content=\"I wystawa tkaniny artystycznej z cyklu &quot;Tkanina w Muzeum&quot; odby\u0142a si\u0119 kwietniu-maju 2022 w Muzeum A .i J. Iwaszkiewicz\u00f3w w Stawisku.\" \/>\n<meta property=\"og:url\" content=\"https:\/\/wolnasztuka-slowart.pl\/?page_id=1338&amp;lang=pl\" \/>\n<meta property=\"og:site_name\" content=\"Wolna sztuka-Slow Art\" \/>\n<meta property=\"article:modified_time\" content=\"2024-01-29T11:38:03+00:00\" \/>\n<meta property=\"og:image\" content=\"https:\/\/wolnasztuka-slowart.pl\/wp-content\/uploads\/2023\/12\/SO_006.jpg\" \/>\n<meta name=\"twitter:card\" content=\"summary_large_image\" \/>\n<meta name=\"twitter:label1\" content=\"Szacowany czas czytania\" \/>\n\t<meta name=\"twitter:data1\" content=\"2 minuty\" \/>\n<script type=\"application\/ld+json\" class=\"yoast-schema-graph\">{\"@context\":\"https:\/\/schema.org\",\"@graph\":[{\"@type\":\"WebPage\",\"@id\":\"https:\/\/wolnasztuka-slowart.pl\/?page_id=1338&lang=pl\",\"url\":\"https:\/\/wolnasztuka-slowart.pl\/?page_id=1338&lang=pl\",\"name\":\"Salon Odrzuconych - Wolna sztuka-Slow Art\",\"isPartOf\":{\"@id\":\"https:\/\/wolnasztuka-slowart.pl\/#website\"},\"primaryImageOfPage\":{\"@id\":\"https:\/\/wolnasztuka-slowart.pl\/?page_id=1338&lang=pl#primaryimage\"},\"image\":{\"@id\":\"https:\/\/wolnasztuka-slowart.pl\/?page_id=1338&lang=pl#primaryimage\"},\"thumbnailUrl\":\"https:\/\/wolnasztuka-slowart.pl\/wp-content\/uploads\/2023\/12\/SO_006.jpg\",\"datePublished\":\"2023-12-09T12:47:36+00:00\",\"dateModified\":\"2024-01-29T11:38:03+00:00\",\"description\":\"I wystawa tkaniny artystycznej z cyklu \\\"Tkanina w Muzeum\\\" odby\u0142a si\u0119 kwietniu-maju 2022 w Muzeum A .i J. Iwaszkiewicz\u00f3w w Stawisku.\",\"breadcrumb\":{\"@id\":\"https:\/\/wolnasztuka-slowart.pl\/?page_id=1338&lang=pl#breadcrumb\"},\"inLanguage\":\"pl-PL\",\"potentialAction\":[{\"@type\":\"ReadAction\",\"target\":[\"https:\/\/wolnasztuka-slowart.pl\/?page_id=1338&lang=pl\"]}]},{\"@type\":\"ImageObject\",\"inLanguage\":\"pl-PL\",\"@id\":\"https:\/\/wolnasztuka-slowart.pl\/?page_id=1338&lang=pl#primaryimage\",\"url\":\"https:\/\/wolnasztuka-slowart.pl\/wp-content\/uploads\/2023\/12\/SO_006.jpg\",\"contentUrl\":\"https:\/\/wolnasztuka-slowart.pl\/wp-content\/uploads\/2023\/12\/SO_006.jpg\",\"width\":908,\"height\":600},{\"@type\":\"BreadcrumbList\",\"@id\":\"https:\/\/wolnasztuka-slowart.pl\/?page_id=1338&lang=pl#breadcrumb\",\"itemListElement\":[{\"@type\":\"ListItem\",\"position\":1,\"name\":\"Strona g\u0142\u00f3wna\",\"item\":\"https:\/\/wolnasztuka-slowart.pl\/?page_id=346&lang=pl\"},{\"@type\":\"ListItem\",\"position\":2,\"name\":\"Salon Odrzuconych\"}]},{\"@type\":\"WebSite\",\"@id\":\"https:\/\/wolnasztuka-slowart.pl\/#website\",\"url\":\"https:\/\/wolnasztuka-slowart.pl\/\",\"name\":\"Wolna sztuka-Slow Art\",\"description\":\"Galeria Magdaleny Jask\u0142owskiej-Englisz i Marka Englisza prezentuj\u0105ca prace z zakresu sztuki w\u0142\u00f3kna, fotografii, projektowania graficznego, promuj\u0105ca Woln\u0105 sztuk\u0119\/Slow Art.\",\"publisher\":{\"@id\":\"https:\/\/wolnasztuka-slowart.pl\/#organization\"},\"potentialAction\":[{\"@type\":\"SearchAction\",\"target\":{\"@type\":\"EntryPoint\",\"urlTemplate\":\"https:\/\/wolnasztuka-slowart.pl\/?s={search_term_string}\"},\"query-input\":{\"@type\":\"PropertyValueSpecification\",\"valueRequired\":true,\"valueName\":\"search_term_string\"}}],\"inLanguage\":\"pl-PL\"},{\"@type\":\"Organization\",\"@id\":\"https:\/\/wolnasztuka-slowart.pl\/#organization\",\"name\":\"Wolna sztuka-Slow Art\",\"url\":\"https:\/\/wolnasztuka-slowart.pl\/\",\"logo\":{\"@type\":\"ImageObject\",\"inLanguage\":\"pl-PL\",\"@id\":\"https:\/\/wolnasztuka-slowart.pl\/#\/schema\/logo\/image\/\",\"url\":\"https:\/\/wolnasztuka-slowart.pl\/wp-content\/uploads\/2023\/11\/LOGO.jpg\",\"contentUrl\":\"https:\/\/wolnasztuka-slowart.pl\/wp-content\/uploads\/2023\/11\/LOGO.jpg\",\"width\":352,\"height\":386,\"caption\":\"Wolna sztuka-Slow Art\"},\"image\":{\"@id\":\"https:\/\/wolnasztuka-slowart.pl\/#\/schema\/logo\/image\/\"}}]}<\/script>\n<!-- \/ Yoast SEO plugin. -->","yoast_head_json":{"title":"Salon Odrzuconych - Wolna sztuka-Slow Art","description":"I wystawa tkaniny artystycznej z cyklu \"Tkanina w Muzeum\" odby\u0142a si\u0119 kwietniu-maju 2022 w Muzeum A .i J. Iwaszkiewicz\u00f3w w Stawisku.","robots":{"index":"index","follow":"follow","max-snippet":"max-snippet:-1","max-image-preview":"max-image-preview:large","max-video-preview":"max-video-preview:-1"},"canonical":"https:\/\/wolnasztuka-slowart.pl\/?page_id=1338&lang=pl","og_locale":"pl_PL","og_type":"article","og_title":"Salon Odrzuconych - Wolna sztuka-Slow Art","og_description":"I wystawa tkaniny artystycznej z cyklu \"Tkanina w Muzeum\" odby\u0142a si\u0119 kwietniu-maju 2022 w Muzeum A .i J. Iwaszkiewicz\u00f3w w Stawisku.","og_url":"https:\/\/wolnasztuka-slowart.pl\/?page_id=1338&lang=pl","og_site_name":"Wolna sztuka-Slow Art","article_modified_time":"2024-01-29T11:38:03+00:00","og_image":[{"url":"https:\/\/wolnasztuka-slowart.pl\/wp-content\/uploads\/2023\/12\/SO_006.jpg","type":"","width":"","height":""}],"twitter_card":"summary_large_image","twitter_misc":{"Szacowany czas czytania":"2 minuty"},"schema":{"@context":"https:\/\/schema.org","@graph":[{"@type":"WebPage","@id":"https:\/\/wolnasztuka-slowart.pl\/?page_id=1338&lang=pl","url":"https:\/\/wolnasztuka-slowart.pl\/?page_id=1338&lang=pl","name":"Salon Odrzuconych - Wolna sztuka-Slow Art","isPartOf":{"@id":"https:\/\/wolnasztuka-slowart.pl\/#website"},"primaryImageOfPage":{"@id":"https:\/\/wolnasztuka-slowart.pl\/?page_id=1338&lang=pl#primaryimage"},"image":{"@id":"https:\/\/wolnasztuka-slowart.pl\/?page_id=1338&lang=pl#primaryimage"},"thumbnailUrl":"https:\/\/wolnasztuka-slowart.pl\/wp-content\/uploads\/2023\/12\/SO_006.jpg","datePublished":"2023-12-09T12:47:36+00:00","dateModified":"2024-01-29T11:38:03+00:00","description":"I wystawa tkaniny artystycznej z cyklu \"Tkanina w Muzeum\" odby\u0142a si\u0119 kwietniu-maju 2022 w Muzeum A .i J. Iwaszkiewicz\u00f3w w Stawisku.","breadcrumb":{"@id":"https:\/\/wolnasztuka-slowart.pl\/?page_id=1338&lang=pl#breadcrumb"},"inLanguage":"pl-PL","potentialAction":[{"@type":"ReadAction","target":["https:\/\/wolnasztuka-slowart.pl\/?page_id=1338&lang=pl"]}]},{"@type":"ImageObject","inLanguage":"pl-PL","@id":"https:\/\/wolnasztuka-slowart.pl\/?page_id=1338&lang=pl#primaryimage","url":"https:\/\/wolnasztuka-slowart.pl\/wp-content\/uploads\/2023\/12\/SO_006.jpg","contentUrl":"https:\/\/wolnasztuka-slowart.pl\/wp-content\/uploads\/2023\/12\/SO_006.jpg","width":908,"height":600},{"@type":"BreadcrumbList","@id":"https:\/\/wolnasztuka-slowart.pl\/?page_id=1338&lang=pl#breadcrumb","itemListElement":[{"@type":"ListItem","position":1,"name":"Strona g\u0142\u00f3wna","item":"https:\/\/wolnasztuka-slowart.pl\/?page_id=346&lang=pl"},{"@type":"ListItem","position":2,"name":"Salon Odrzuconych"}]},{"@type":"WebSite","@id":"https:\/\/wolnasztuka-slowart.pl\/#website","url":"https:\/\/wolnasztuka-slowart.pl\/","name":"Wolna sztuka-Slow Art","description":"Galeria Magdaleny Jask\u0142owskiej-Englisz i Marka Englisza prezentuj\u0105ca prace z zakresu sztuki w\u0142\u00f3kna, fotografii, projektowania graficznego, promuj\u0105ca Woln\u0105 sztuk\u0119\/Slow Art.","publisher":{"@id":"https:\/\/wolnasztuka-slowart.pl\/#organization"},"potentialAction":[{"@type":"SearchAction","target":{"@type":"EntryPoint","urlTemplate":"https:\/\/wolnasztuka-slowart.pl\/?s={search_term_string}"},"query-input":{"@type":"PropertyValueSpecification","valueRequired":true,"valueName":"search_term_string"}}],"inLanguage":"pl-PL"},{"@type":"Organization","@id":"https:\/\/wolnasztuka-slowart.pl\/#organization","name":"Wolna sztuka-Slow Art","url":"https:\/\/wolnasztuka-slowart.pl\/","logo":{"@type":"ImageObject","inLanguage":"pl-PL","@id":"https:\/\/wolnasztuka-slowart.pl\/#\/schema\/logo\/image\/","url":"https:\/\/wolnasztuka-slowart.pl\/wp-content\/uploads\/2023\/11\/LOGO.jpg","contentUrl":"https:\/\/wolnasztuka-slowart.pl\/wp-content\/uploads\/2023\/11\/LOGO.jpg","width":352,"height":386,"caption":"Wolna sztuka-Slow Art"},"image":{"@id":"https:\/\/wolnasztuka-slowart.pl\/#\/schema\/logo\/image\/"}}]}},"_links":{"self":[{"href":"https:\/\/wolnasztuka-slowart.pl\/index.php?rest_route=\/wp\/v2\/pages\/1338","targetHints":{"allow":["GET"]}}],"collection":[{"href":"https:\/\/wolnasztuka-slowart.pl\/index.php?rest_route=\/wp\/v2\/pages"}],"about":[{"href":"https:\/\/wolnasztuka-slowart.pl\/index.php?rest_route=\/wp\/v2\/types\/page"}],"author":[{"embeddable":true,"href":"https:\/\/wolnasztuka-slowart.pl\/index.php?rest_route=\/wp\/v2\/users\/1"}],"replies":[{"embeddable":true,"href":"https:\/\/wolnasztuka-slowart.pl\/index.php?rest_route=%2Fwp%2Fv2%2Fcomments&post=1338"}],"version-history":[{"count":52,"href":"https:\/\/wolnasztuka-slowart.pl\/index.php?rest_route=\/wp\/v2\/pages\/1338\/revisions"}],"predecessor-version":[{"id":2479,"href":"https:\/\/wolnasztuka-slowart.pl\/index.php?rest_route=\/wp\/v2\/pages\/1338\/revisions\/2479"}],"wp:attachment":[{"href":"https:\/\/wolnasztuka-slowart.pl\/index.php?rest_route=%2Fwp%2Fv2%2Fmedia&parent=1338"}],"curies":[{"name":"wp","href":"https:\/\/api.w.org\/{rel}","templated":true}]}}