{"id":1284,"date":"2023-12-07T20:11:23","date_gmt":"2023-12-07T19:11:23","guid":{"rendered":"https:\/\/wolnasztuka-slowart.pl\/1701272745091\/?page_id=1284"},"modified":"2024-01-29T09:49:58","modified_gmt":"2024-01-29T08:49:58","slug":"zielnik","status":"publish","type":"page","link":"https:\/\/wolnasztuka-slowart.pl\/?page_id=1284&lang=pl","title":{"rendered":"Zielnik"},"content":{"rendered":"\t\t<div data-elementor-type=\"wp-page\" data-elementor-id=\"1284\" class=\"elementor elementor-1284\">\n\t\t\t\t<div class=\"elementor-element elementor-element-dcca89c e-flex e-con-boxed e-con e-parent\" data-id=\"dcca89c\" data-element_type=\"container\">\n\t\t\t\t\t<div class=\"e-con-inner\">\n\t\t\t\t<div class=\"elementor-element elementor-element-fd9076f elementor-widget elementor-widget-heading\" data-id=\"fd9076f\" data-element_type=\"widget\" data-widget_type=\"heading.default\">\n\t\t\t\t<div class=\"elementor-widget-container\">\n\t\t\t\t\t<h2 class=\"elementor-heading-title elementor-size-default\">Foto-graficzny zielnik wed\u0142ug Jaros\u0142wa Iwaszkiewicza<\/h2>\t\t\t\t<\/div>\n\t\t\t\t<\/div>\n\t\t\t\t\t<\/div>\n\t\t\t\t<\/div>\n\t\t<div class=\"elementor-element elementor-element-c226933 e-flex e-con-boxed e-con e-parent\" data-id=\"c226933\" data-element_type=\"container\">\n\t\t\t\t\t<div class=\"e-con-inner\">\n\t\t\t\t<div class=\"elementor-element elementor-element-962b457 elementor-widget elementor-widget-image\" data-id=\"962b457\" data-element_type=\"widget\" data-widget_type=\"image.default\">\n\t\t\t\t<div class=\"elementor-widget-container\">\n\t\t\t\t\t\t\t\t\t\t\t\t\t\t\t<img fetchpriority=\"high\" decoding=\"async\" width=\"1200\" height=\"600\" src=\"https:\/\/wolnasztuka-slowart.pl\/wp-content\/uploads\/2023\/10\/ALBUM_ZIELNIK_02.jpg\" class=\"attachment-full size-full wp-image-72\" alt=\"\" srcset=\"https:\/\/wolnasztuka-slowart.pl\/wp-content\/uploads\/2023\/10\/ALBUM_ZIELNIK_02.jpg 1200w, https:\/\/wolnasztuka-slowart.pl\/wp-content\/uploads\/2023\/10\/ALBUM_ZIELNIK_02-300x150.jpg 300w, https:\/\/wolnasztuka-slowart.pl\/wp-content\/uploads\/2023\/10\/ALBUM_ZIELNIK_02-1024x512.jpg 1024w, https:\/\/wolnasztuka-slowart.pl\/wp-content\/uploads\/2023\/10\/ALBUM_ZIELNIK_02-768x384.jpg 768w\" sizes=\"(max-width: 1200px) 100vw, 1200px\" \/>\t\t\t\t\t\t\t\t\t\t\t\t\t\t\t<\/div>\n\t\t\t\t<\/div>\n\t\t\t\t\t<\/div>\n\t\t\t\t<\/div>\n\t\t<div class=\"elementor-element elementor-element-17512e8 e-flex e-con-boxed e-con e-parent\" data-id=\"17512e8\" data-element_type=\"container\">\n\t\t\t\t\t<div class=\"e-con-inner\">\n\t\t\t\t<div class=\"elementor-element elementor-element-4706b3a elementor-widget elementor-widget-text-editor\" data-id=\"4706b3a\" data-element_type=\"widget\" data-widget_type=\"text-editor.default\">\n\t\t\t\t<div class=\"elementor-widget-container\">\n\t\t\t\t\t\t\t\t\t<p>Zielnik ten powsta\u0142 z naszej fascynacji \u015bwiatem ro\u015blin i tw\u00f3rczo\u015bci\u0105 Jaros\u0142awa Iwaszkiewicza. Mimo \u017ce opisy przyrody nie s\u0105 tym co automatycznie kojarzy si\u0119 z jego pisarstwem, to wnikliwy czytelnik na pewno zauwa\u017cy jego erudycj\u0119 botaniczn\u0105. Zreszt\u0105 sam autor&nbsp;<em>Brzeziny<\/em> napisa\u0142 w jednym z list\u00f3w z Ameryki Po\u0142udniowej:<\/p>\n<p><em>\u2026 \u2013 Zadziwi\u0142em moich towarzyszy erudycj\u0105 z dziedziny botaniki, ale powiedzia\u0142em im przecie\u017c, \u017ce jestem \u201eogrodnikiem spod Warszawy\u201d i przez ca\u0142\u0105 okupacj\u0119 mia\u0142em legitymacje ogrodnicza\u2026<\/em><\/p>\n<p>Czytaj\u0105c utwory Iwaszkiewicza znale\u017ali\u015bmy opisy i wzmianki dotycz\u0105ce ponad 100 gatunk\u00f3w ro\u015blin, od tych bardzo popularnych \u2013 tak jak stokrotki czy niezapominajki \u2013 po ma\u0142o znane, jak drzewo ombu czy asfodele.&nbsp;W ca\u0142ym jego dorobku z pewno\u015bci\u0105 jest ich du\u017co wi\u0119cej, Jednak nie same opisy ro\u015blin, ale ich powi\u0105zanie z kondycj\u0105 i losem cz\u0142owieka s\u0105 najbardziej fascynuj\u0105ce. Poszukiwanie odniesie\u0144 do \u015bwiata ro\u015blin w ksi\u0105\u017ckach Iwaszkiewicza wydaje nam si\u0119 uprawnione r\u00f3wnie\u017c dlatego, \u017ce on sam, w opowiadaniu &#8222;Ogrody&#8221;, uj\u0105\u0142 swoje \u017cycie&nbsp;w rodzaj kompozycji z pejza\u017cy, ludzi, rozm\u00f3w, zdarze\u0144 umiejscowionych w topografii ogrod\u00f3w jego \u017cycia.<\/p>\t\t\t\t\t\t\t\t<\/div>\n\t\t\t\t<\/div>\n\t\t\t\t\t<\/div>\n\t\t\t\t<\/div>\n\t\t<div class=\"elementor-element elementor-element-d72b2c0 e-flex e-con-boxed e-con e-parent\" data-id=\"d72b2c0\" data-element_type=\"container\">\n\t\t\t\t\t<div class=\"e-con-inner\">\n\t\t\t\t<div class=\"elementor-element elementor-element-4dece80 elementor-widget elementor-widget-image\" data-id=\"4dece80\" data-element_type=\"widget\" data-widget_type=\"image.default\">\n\t\t\t\t<div class=\"elementor-widget-container\">\n\t\t\t\t\t\t\t\t\t\t\t\t\t\t\t<img decoding=\"async\" width=\"1200\" height=\"600\" src=\"https:\/\/wolnasztuka-slowart.pl\/wp-content\/uploads\/2023\/10\/ALBUM_ZIELNIK_01.jpg\" class=\"attachment-full size-full wp-image-71\" alt=\"\" srcset=\"https:\/\/wolnasztuka-slowart.pl\/wp-content\/uploads\/2023\/10\/ALBUM_ZIELNIK_01.jpg 1200w, https:\/\/wolnasztuka-slowart.pl\/wp-content\/uploads\/2023\/10\/ALBUM_ZIELNIK_01-300x150.jpg 300w, https:\/\/wolnasztuka-slowart.pl\/wp-content\/uploads\/2023\/10\/ALBUM_ZIELNIK_01-1024x512.jpg 1024w, https:\/\/wolnasztuka-slowart.pl\/wp-content\/uploads\/2023\/10\/ALBUM_ZIELNIK_01-768x384.jpg 768w\" sizes=\"(max-width: 1200px) 100vw, 1200px\" \/>\t\t\t\t\t\t\t\t\t\t\t\t\t\t\t<\/div>\n\t\t\t\t<\/div>\n\t\t\t\t\t<\/div>\n\t\t\t\t<\/div>\n\t\t<div class=\"elementor-element elementor-element-70e6c7b e-flex e-con-boxed e-con e-parent\" data-id=\"70e6c7b\" data-element_type=\"container\">\n\t\t\t\t\t<div class=\"e-con-inner\">\n\t\t\t\t<div class=\"elementor-element elementor-element-0d9f471 elementor-widget elementor-widget-image\" data-id=\"0d9f471\" data-element_type=\"widget\" data-widget_type=\"image.default\">\n\t\t\t\t<div class=\"elementor-widget-container\">\n\t\t\t\t\t\t\t\t\t\t\t\t\t\t\t<img decoding=\"async\" width=\"900\" height=\"600\" src=\"https:\/\/wolnasztuka-slowart.pl\/wp-content\/uploads\/2023\/12\/Z_03.jpg\" class=\"attachment-large size-large wp-image-1429\" alt=\"\" srcset=\"https:\/\/wolnasztuka-slowart.pl\/wp-content\/uploads\/2023\/12\/Z_03.jpg 900w, https:\/\/wolnasztuka-slowart.pl\/wp-content\/uploads\/2023\/12\/Z_03-300x200.jpg 300w, https:\/\/wolnasztuka-slowart.pl\/wp-content\/uploads\/2023\/12\/Z_03-768x512.jpg 768w\" sizes=\"(max-width: 900px) 100vw, 900px\" \/>\t\t\t\t\t\t\t\t\t\t\t\t\t\t\t<\/div>\n\t\t\t\t<\/div>\n\t\t\t\t\t<\/div>\n\t\t\t\t<\/div>\n\t\t<div class=\"elementor-element elementor-element-f924400 e-flex e-con-boxed e-con e-parent\" data-id=\"f924400\" data-element_type=\"container\">\n\t\t\t\t\t<div class=\"e-con-inner\">\n\t\t\t\t<div class=\"elementor-element elementor-element-8406ebc elementor-widget elementor-widget-image\" data-id=\"8406ebc\" data-element_type=\"widget\" data-widget_type=\"image.default\">\n\t\t\t\t<div class=\"elementor-widget-container\">\n\t\t\t\t\t\t\t\t\t\t\t\t\t\t\t<img loading=\"lazy\" decoding=\"async\" width=\"900\" height=\"600\" src=\"https:\/\/wolnasztuka-slowart.pl\/wp-content\/uploads\/2023\/12\/Z_02.jpg\" class=\"attachment-large size-large wp-image-1428\" alt=\"\" srcset=\"https:\/\/wolnasztuka-slowart.pl\/wp-content\/uploads\/2023\/12\/Z_02.jpg 900w, https:\/\/wolnasztuka-slowart.pl\/wp-content\/uploads\/2023\/12\/Z_02-300x200.jpg 300w, https:\/\/wolnasztuka-slowart.pl\/wp-content\/uploads\/2023\/12\/Z_02-768x512.jpg 768w\" sizes=\"(max-width: 900px) 100vw, 900px\" \/>\t\t\t\t\t\t\t\t\t\t\t\t\t\t\t<\/div>\n\t\t\t\t<\/div>\n\t\t\t\t\t<\/div>\n\t\t\t\t<\/div>\n\t\t<div class=\"elementor-element elementor-element-855fb44 e-flex e-con-boxed e-con e-parent\" data-id=\"855fb44\" data-element_type=\"container\">\n\t\t\t\t\t<div class=\"e-con-inner\">\n\t\t\t\t<div class=\"elementor-element elementor-element-c98b9d8 elementor-widget elementor-widget-image\" data-id=\"c98b9d8\" data-element_type=\"widget\" data-widget_type=\"image.default\">\n\t\t\t\t<div class=\"elementor-widget-container\">\n\t\t\t\t\t\t\t\t\t\t\t\t<figure class=\"wp-caption\">\n\t\t\t\t\t\t\t\t\t\t<img loading=\"lazy\" decoding=\"async\" width=\"900\" height=\"600\" src=\"https:\/\/wolnasztuka-slowart.pl\/wp-content\/uploads\/2023\/12\/Z_01.jpg\" class=\"attachment-large size-large wp-image-1427\" alt=\"\" srcset=\"https:\/\/wolnasztuka-slowart.pl\/wp-content\/uploads\/2023\/12\/Z_01.jpg 900w, https:\/\/wolnasztuka-slowart.pl\/wp-content\/uploads\/2023\/12\/Z_01-300x200.jpg 300w, https:\/\/wolnasztuka-slowart.pl\/wp-content\/uploads\/2023\/12\/Z_01-768x512.jpg 768w\" sizes=\"(max-width: 900px) 100vw, 900px\" \/>\t\t\t\t\t\t\t\t\t\t\t<figcaption class=\"widget-image-caption wp-caption-text\">Wernisa\u017c wystawy w Bibliotece w S\u0119p\u00f3lnie Kraje\u0144skim 2014r.<\/figcaption>\n\t\t\t\t\t\t\t\t\t\t<\/figure>\n\t\t\t\t\t\t\t\t\t<\/div>\n\t\t\t\t<\/div>\n\t\t\t\t\t<\/div>\n\t\t\t\t<\/div>\n\t\t\t\t<\/div>\n\t\t","protected":false},"excerpt":{"rendered":"<p>Foto-graficzny zielnik wed\u0142ug Jaros\u0142wa Iwaszkiewicza Zielnik ten powsta\u0142 z naszej fascynacji \u015bwiatem ro\u015blin i tw\u00f3rczo\u015bci\u0105 Jaros\u0142awa Iwaszkiewicza. Mimo \u017ce opisy przyrody nie s\u0105 tym co automatycznie kojarzy si\u0119 z jego pisarstwem, to wnikliwy czytelnik na pewno zauwa\u017cy jego erudycj\u0119 botaniczn\u0105. Zreszt\u0105 sam autor&nbsp;Brzeziny napisa\u0142 w jednym z list\u00f3w z Ameryki Po\u0142udniowej: \u2026 \u2013 Zadziwi\u0142em moich [&hellip;]<\/p>\n","protected":false},"author":1,"featured_media":0,"parent":0,"menu_order":0,"comment_status":"closed","ping_status":"closed","template":"","meta":{"site-sidebar-layout":"no-sidebar","site-content-layout":"","ast-site-content-layout":"full-width-container","site-content-style":"default","site-sidebar-style":"default","ast-global-header-display":"","ast-banner-title-visibility":"","ast-main-header-display":"","ast-hfb-above-header-display":"","ast-hfb-below-header-display":"","ast-hfb-mobile-header-display":"","site-post-title":"disabled","ast-breadcrumbs-content":"","ast-featured-img":"disabled","footer-sml-layout":"","ast-disable-related-posts":"","theme-transparent-header-meta":"","adv-header-id-meta":"","stick-header-meta":"","header-above-stick-meta":"","header-main-stick-meta":"","header-below-stick-meta":"","astra-migrate-meta-layouts":"","ast-page-background-enabled":"default","ast-page-background-meta":{"desktop":{"background-color":"var(--ast-global-color-4)","background-image":"","background-repeat":"repeat","background-position":"center center","background-size":"auto","background-attachment":"scroll","background-type":"","background-media":"","overlay-type":"","overlay-color":"","overlay-opacity":"","overlay-gradient":""},"tablet":{"background-color":"","background-image":"","background-repeat":"repeat","background-position":"center center","background-size":"auto","background-attachment":"scroll","background-type":"","background-media":"","overlay-type":"","overlay-color":"","overlay-opacity":"","overlay-gradient":""},"mobile":{"background-color":"","background-image":"","background-repeat":"repeat","background-position":"center center","background-size":"auto","background-attachment":"scroll","background-type":"","background-media":"","overlay-type":"","overlay-color":"","overlay-opacity":"","overlay-gradient":""}},"ast-content-background-meta":{"desktop":{"background-color":"var(--ast-global-color-5)","background-image":"","background-repeat":"repeat","background-position":"center center","background-size":"auto","background-attachment":"scroll","background-type":"","background-media":"","overlay-type":"","overlay-color":"","overlay-opacity":"","overlay-gradient":""},"tablet":{"background-color":"var(--ast-global-color-5)","background-image":"","background-repeat":"repeat","background-position":"center center","background-size":"auto","background-attachment":"scroll","background-type":"","background-media":"","overlay-type":"","overlay-color":"","overlay-opacity":"","overlay-gradient":""},"mobile":{"background-color":"var(--ast-global-color-5)","background-image":"","background-repeat":"repeat","background-position":"center center","background-size":"auto","background-attachment":"scroll","background-type":"","background-media":"","overlay-type":"","overlay-color":"","overlay-opacity":"","overlay-gradient":""}},"_themeisle_gutenberg_block_has_review":false,"footnotes":""},"class_list":["post-1284","page","type-page","status-publish","hentry"],"yoast_head":"<!-- This site is optimized with the Yoast SEO plugin v26.8 - https:\/\/yoast.com\/product\/yoast-seo-wordpress\/ -->\n<title>Zielnik - Wolna sztuka-Slow Art<\/title>\n<meta name=\"robots\" content=\"index, follow, max-snippet:-1, max-image-preview:large, max-video-preview:-1\" \/>\n<link rel=\"canonical\" href=\"https:\/\/wolnasztuka-slowart.pl\/?page_id=1284&lang=pl\" \/>\n<meta property=\"og:locale\" content=\"pl_PL\" \/>\n<meta property=\"og:type\" content=\"article\" \/>\n<meta property=\"og:title\" content=\"Zielnik - Wolna sztuka-Slow Art\" \/>\n<meta property=\"og:description\" content=\"Foto-graficzny zielnik wed\u0142ug Jaros\u0142wa Iwaszkiewicza Zielnik ten powsta\u0142 z naszej fascynacji \u015bwiatem ro\u015blin i tw\u00f3rczo\u015bci\u0105 Jaros\u0142awa Iwaszkiewicza. Mimo \u017ce opisy przyrody nie s\u0105 tym co automatycznie kojarzy si\u0119 z jego pisarstwem, to wnikliwy czytelnik na pewno zauwa\u017cy jego erudycj\u0119 botaniczn\u0105. Zreszt\u0105 sam autor&nbsp;Brzeziny napisa\u0142 w jednym z list\u00f3w z Ameryki Po\u0142udniowej: \u2026 \u2013 Zadziwi\u0142em moich [&hellip;]\" \/>\n<meta property=\"og:url\" content=\"https:\/\/wolnasztuka-slowart.pl\/?page_id=1284&amp;lang=pl\" \/>\n<meta property=\"og:site_name\" content=\"Wolna sztuka-Slow Art\" \/>\n<meta property=\"article:modified_time\" content=\"2024-01-29T08:49:58+00:00\" \/>\n<meta property=\"og:image\" content=\"https:\/\/wolnasztuka-slowart.pl\/wp-content\/uploads\/2023\/10\/ALBUM_ZIELNIK_02.jpg\" \/>\n<meta name=\"twitter:card\" content=\"summary_large_image\" \/>\n<meta name=\"twitter:label1\" content=\"Szacowany czas czytania\" \/>\n\t<meta name=\"twitter:data1\" content=\"3 minuty\" \/>\n<script type=\"application\/ld+json\" class=\"yoast-schema-graph\">{\"@context\":\"https:\/\/schema.org\",\"@graph\":[{\"@type\":\"WebPage\",\"@id\":\"https:\/\/wolnasztuka-slowart.pl\/?page_id=1284&lang=pl\",\"url\":\"https:\/\/wolnasztuka-slowart.pl\/?page_id=1284&lang=pl\",\"name\":\"Zielnik - Wolna sztuka-Slow Art\",\"isPartOf\":{\"@id\":\"https:\/\/wolnasztuka-slowart.pl\/#website\"},\"primaryImageOfPage\":{\"@id\":\"https:\/\/wolnasztuka-slowart.pl\/?page_id=1284&lang=pl#primaryimage\"},\"image\":{\"@id\":\"https:\/\/wolnasztuka-slowart.pl\/?page_id=1284&lang=pl#primaryimage\"},\"thumbnailUrl\":\"https:\/\/wolnasztuka-slowart.pl\/wp-content\/uploads\/2023\/10\/ALBUM_ZIELNIK_02.jpg\",\"datePublished\":\"2023-12-07T19:11:23+00:00\",\"dateModified\":\"2024-01-29T08:49:58+00:00\",\"breadcrumb\":{\"@id\":\"https:\/\/wolnasztuka-slowart.pl\/?page_id=1284&lang=pl#breadcrumb\"},\"inLanguage\":\"pl-PL\",\"potentialAction\":[{\"@type\":\"ReadAction\",\"target\":[\"https:\/\/wolnasztuka-slowart.pl\/?page_id=1284&lang=pl\"]}]},{\"@type\":\"ImageObject\",\"inLanguage\":\"pl-PL\",\"@id\":\"https:\/\/wolnasztuka-slowart.pl\/?page_id=1284&lang=pl#primaryimage\",\"url\":\"https:\/\/wolnasztuka-slowart.pl\/wp-content\/uploads\/2023\/10\/ALBUM_ZIELNIK_02.jpg\",\"contentUrl\":\"https:\/\/wolnasztuka-slowart.pl\/wp-content\/uploads\/2023\/10\/ALBUM_ZIELNIK_02.jpg\",\"width\":1200,\"height\":600},{\"@type\":\"BreadcrumbList\",\"@id\":\"https:\/\/wolnasztuka-slowart.pl\/?page_id=1284&lang=pl#breadcrumb\",\"itemListElement\":[{\"@type\":\"ListItem\",\"position\":1,\"name\":\"Strona g\u0142\u00f3wna\",\"item\":\"https:\/\/wolnasztuka-slowart.pl\/?page_id=346&lang=pl\"},{\"@type\":\"ListItem\",\"position\":2,\"name\":\"Zielnik\"}]},{\"@type\":\"WebSite\",\"@id\":\"https:\/\/wolnasztuka-slowart.pl\/#website\",\"url\":\"https:\/\/wolnasztuka-slowart.pl\/\",\"name\":\"Wolna sztuka-Slow Art\",\"description\":\"Galeria Magdaleny Jask\u0142owskiej-Englisz i Marka Englisza prezentuj\u0105ca prace z zakresu sztuki w\u0142\u00f3kna, fotografii, projektowania graficznego, promuj\u0105ca Woln\u0105 sztuk\u0119\/Slow Art.\",\"publisher\":{\"@id\":\"https:\/\/wolnasztuka-slowart.pl\/#organization\"},\"potentialAction\":[{\"@type\":\"SearchAction\",\"target\":{\"@type\":\"EntryPoint\",\"urlTemplate\":\"https:\/\/wolnasztuka-slowart.pl\/?s={search_term_string}\"},\"query-input\":{\"@type\":\"PropertyValueSpecification\",\"valueRequired\":true,\"valueName\":\"search_term_string\"}}],\"inLanguage\":\"pl-PL\"},{\"@type\":\"Organization\",\"@id\":\"https:\/\/wolnasztuka-slowart.pl\/#organization\",\"name\":\"Wolna sztuka-Slow Art\",\"url\":\"https:\/\/wolnasztuka-slowart.pl\/\",\"logo\":{\"@type\":\"ImageObject\",\"inLanguage\":\"pl-PL\",\"@id\":\"https:\/\/wolnasztuka-slowart.pl\/#\/schema\/logo\/image\/\",\"url\":\"https:\/\/wolnasztuka-slowart.pl\/wp-content\/uploads\/2023\/11\/LOGO.jpg\",\"contentUrl\":\"https:\/\/wolnasztuka-slowart.pl\/wp-content\/uploads\/2023\/11\/LOGO.jpg\",\"width\":352,\"height\":386,\"caption\":\"Wolna sztuka-Slow Art\"},\"image\":{\"@id\":\"https:\/\/wolnasztuka-slowart.pl\/#\/schema\/logo\/image\/\"}}]}<\/script>\n<!-- \/ Yoast SEO plugin. -->","yoast_head_json":{"title":"Zielnik - Wolna sztuka-Slow Art","robots":{"index":"index","follow":"follow","max-snippet":"max-snippet:-1","max-image-preview":"max-image-preview:large","max-video-preview":"max-video-preview:-1"},"canonical":"https:\/\/wolnasztuka-slowart.pl\/?page_id=1284&lang=pl","og_locale":"pl_PL","og_type":"article","og_title":"Zielnik - Wolna sztuka-Slow Art","og_description":"Foto-graficzny zielnik wed\u0142ug Jaros\u0142wa Iwaszkiewicza Zielnik ten powsta\u0142 z naszej fascynacji \u015bwiatem ro\u015blin i tw\u00f3rczo\u015bci\u0105 Jaros\u0142awa Iwaszkiewicza. Mimo \u017ce opisy przyrody nie s\u0105 tym co automatycznie kojarzy si\u0119 z jego pisarstwem, to wnikliwy czytelnik na pewno zauwa\u017cy jego erudycj\u0119 botaniczn\u0105. Zreszt\u0105 sam autor&nbsp;Brzeziny napisa\u0142 w jednym z list\u00f3w z Ameryki Po\u0142udniowej: \u2026 \u2013 Zadziwi\u0142em moich [&hellip;]","og_url":"https:\/\/wolnasztuka-slowart.pl\/?page_id=1284&lang=pl","og_site_name":"Wolna sztuka-Slow Art","article_modified_time":"2024-01-29T08:49:58+00:00","og_image":[{"url":"https:\/\/wolnasztuka-slowart.pl\/wp-content\/uploads\/2023\/10\/ALBUM_ZIELNIK_02.jpg","type":"","width":"","height":""}],"twitter_card":"summary_large_image","twitter_misc":{"Szacowany czas czytania":"3 minuty"},"schema":{"@context":"https:\/\/schema.org","@graph":[{"@type":"WebPage","@id":"https:\/\/wolnasztuka-slowart.pl\/?page_id=1284&lang=pl","url":"https:\/\/wolnasztuka-slowart.pl\/?page_id=1284&lang=pl","name":"Zielnik - Wolna sztuka-Slow Art","isPartOf":{"@id":"https:\/\/wolnasztuka-slowart.pl\/#website"},"primaryImageOfPage":{"@id":"https:\/\/wolnasztuka-slowart.pl\/?page_id=1284&lang=pl#primaryimage"},"image":{"@id":"https:\/\/wolnasztuka-slowart.pl\/?page_id=1284&lang=pl#primaryimage"},"thumbnailUrl":"https:\/\/wolnasztuka-slowart.pl\/wp-content\/uploads\/2023\/10\/ALBUM_ZIELNIK_02.jpg","datePublished":"2023-12-07T19:11:23+00:00","dateModified":"2024-01-29T08:49:58+00:00","breadcrumb":{"@id":"https:\/\/wolnasztuka-slowart.pl\/?page_id=1284&lang=pl#breadcrumb"},"inLanguage":"pl-PL","potentialAction":[{"@type":"ReadAction","target":["https:\/\/wolnasztuka-slowart.pl\/?page_id=1284&lang=pl"]}]},{"@type":"ImageObject","inLanguage":"pl-PL","@id":"https:\/\/wolnasztuka-slowart.pl\/?page_id=1284&lang=pl#primaryimage","url":"https:\/\/wolnasztuka-slowart.pl\/wp-content\/uploads\/2023\/10\/ALBUM_ZIELNIK_02.jpg","contentUrl":"https:\/\/wolnasztuka-slowart.pl\/wp-content\/uploads\/2023\/10\/ALBUM_ZIELNIK_02.jpg","width":1200,"height":600},{"@type":"BreadcrumbList","@id":"https:\/\/wolnasztuka-slowart.pl\/?page_id=1284&lang=pl#breadcrumb","itemListElement":[{"@type":"ListItem","position":1,"name":"Strona g\u0142\u00f3wna","item":"https:\/\/wolnasztuka-slowart.pl\/?page_id=346&lang=pl"},{"@type":"ListItem","position":2,"name":"Zielnik"}]},{"@type":"WebSite","@id":"https:\/\/wolnasztuka-slowart.pl\/#website","url":"https:\/\/wolnasztuka-slowart.pl\/","name":"Wolna sztuka-Slow Art","description":"Galeria Magdaleny Jask\u0142owskiej-Englisz i Marka Englisza prezentuj\u0105ca prace z zakresu sztuki w\u0142\u00f3kna, fotografii, projektowania graficznego, promuj\u0105ca Woln\u0105 sztuk\u0119\/Slow Art.","publisher":{"@id":"https:\/\/wolnasztuka-slowart.pl\/#organization"},"potentialAction":[{"@type":"SearchAction","target":{"@type":"EntryPoint","urlTemplate":"https:\/\/wolnasztuka-slowart.pl\/?s={search_term_string}"},"query-input":{"@type":"PropertyValueSpecification","valueRequired":true,"valueName":"search_term_string"}}],"inLanguage":"pl-PL"},{"@type":"Organization","@id":"https:\/\/wolnasztuka-slowart.pl\/#organization","name":"Wolna sztuka-Slow Art","url":"https:\/\/wolnasztuka-slowart.pl\/","logo":{"@type":"ImageObject","inLanguage":"pl-PL","@id":"https:\/\/wolnasztuka-slowart.pl\/#\/schema\/logo\/image\/","url":"https:\/\/wolnasztuka-slowart.pl\/wp-content\/uploads\/2023\/11\/LOGO.jpg","contentUrl":"https:\/\/wolnasztuka-slowart.pl\/wp-content\/uploads\/2023\/11\/LOGO.jpg","width":352,"height":386,"caption":"Wolna sztuka-Slow Art"},"image":{"@id":"https:\/\/wolnasztuka-slowart.pl\/#\/schema\/logo\/image\/"}}]}},"_links":{"self":[{"href":"https:\/\/wolnasztuka-slowart.pl\/index.php?rest_route=\/wp\/v2\/pages\/1284","targetHints":{"allow":["GET"]}}],"collection":[{"href":"https:\/\/wolnasztuka-slowart.pl\/index.php?rest_route=\/wp\/v2\/pages"}],"about":[{"href":"https:\/\/wolnasztuka-slowart.pl\/index.php?rest_route=\/wp\/v2\/types\/page"}],"author":[{"embeddable":true,"href":"https:\/\/wolnasztuka-slowart.pl\/index.php?rest_route=\/wp\/v2\/users\/1"}],"replies":[{"embeddable":true,"href":"https:\/\/wolnasztuka-slowart.pl\/index.php?rest_route=%2Fwp%2Fv2%2Fcomments&post=1284"}],"version-history":[{"count":37,"href":"https:\/\/wolnasztuka-slowart.pl\/index.php?rest_route=\/wp\/v2\/pages\/1284\/revisions"}],"predecessor-version":[{"id":2413,"href":"https:\/\/wolnasztuka-slowart.pl\/index.php?rest_route=\/wp\/v2\/pages\/1284\/revisions\/2413"}],"wp:attachment":[{"href":"https:\/\/wolnasztuka-slowart.pl\/index.php?rest_route=%2Fwp%2Fv2%2Fmedia&parent=1284"}],"curies":[{"name":"wp","href":"https:\/\/api.w.org\/{rel}","templated":true}]}}